{"id":10488,"date":"2021-12-13T09:58:06","date_gmt":"2021-12-13T09:58:06","guid":{"rendered":"http:\/\/www.kuldigastehnikums.lv\/?page_id=10488"},"modified":"2025-11-05T15:14:19","modified_gmt":"2025-11-05T15:14:19","slug":"arpusformala-izglitiba","status":"publish","type":"page","link":"https:\/\/www.kuldigastehnikums.lv\/index.php\/muzizglitiba\/arpusformala-izglitiba\/","title":{"rendered":"\u0100rpusform\u0101l\u0101 izgl\u012bt\u012bba"},"content":{"rendered":"<p><strong>Profesion\u0101l\u0101s kvalifik\u0101cijas eks\u0101menu norises k\u0101rt\u012bba akredit\u0113t\u0101s profesion\u0101l\u0101s izgl\u012bt\u012bbas programm\u0101s \u00a0<\/strong><a href=\"https:\/\/likumi.lv\/doc.php?id=235206\">https:\/\/likumi.lv\/doc.php?id=235206<\/a><\/p>\n<p>&nbsp;<\/p>\n<p><strong>Profesion\u0101l\u0101s izgl\u012bt\u012bbas iest\u0101\u017eu un eksamin\u0101cijas centru maksas pakalpojumu cenr\u0101dis<\/strong><\/p>\n<p><a href=\"https:\/\/likumi.lv\/doc.php?id=259780\">https:\/\/likumi.lv\/doc.php?id=259780<\/a><\/p>\n<p><strong>K\u0101rt\u012bba, k\u0101d\u0101 nov\u0113rt\u0113 \u0101rpus form\u0101l\u0101s izgl\u012bt\u012bbas sist\u0113mas apg\u016bto profesion\u0101lo kompetenci<\/strong><\/p>\n<p><a href=\"https:\/\/likumi.lv\/doc.php?id=226788\">https:\/\/likumi.lv\/doc.php?id=226788<\/a><\/p>\n<p>S\u012bk\u0101ku inform\u0101ciju skat\u012bt:<\/p>\n<p><a href=\"https:\/\/www.ikvd.gov.lv\/lv\/profesionalas-kompetences-novertesana\/profesionalas-kompetences-novertesana\">https:\/\/www.ikvd.gov.lv\/lv\/profesionalas-kompetences-novertesana\/profesionalas-kompetences-novertesana<\/a><\/p>\n<p>&nbsp;<\/p>\n<p>&nbsp;<\/p>\n<p><a href=\"http:\/\/www.kuldigastehnikums.lv\/wp-content\/uploads\/2021\/12\/Iesniegums-profesionalas-kompetences-novertesanai.docx\">Iesniegums profesion\u0101l\u0101s kompetences nov\u0113rt\u0113\u0161anai<\/a><\/p>\n<p>\u0100rpusform\u0101l\u0101s izgl\u012bt\u012bbas profesion\u0101l\u0101s kompetences nov\u0113rt\u0113\u0161ana ir iesp\u0113ja, nok\u0101rtojot eks\u0101menu, ieg\u016bt kvalifik\u0101cijas apliec\u012bbu par darba vid\u0113 vai citur \u0101rpus form\u0101l\u0101s izgl\u012bt\u012bbas sist\u0113mas apg\u016bt\u0101m prasm\u0113m.<br \/>\n\u0136uld\u012bgas Tehnolo\u0123iju un t\u016brisma tehnikum\u0101 pied\u0101v\u0101 ieg\u016bt \u0101rpus form\u0101lo izgl\u012bt\u012bbu \u0161\u0101d\u0101s profesion\u0101laj\u0101s kvalifik\u0101cij\u0101s:<\/p>\n<table border=\"1\">\n<tbody>\n<tr>\n<td width=\"141\">IZGL\u012aT\u012aBAS IEST\u0100DES NOSAUKUMS<\/td>\n<td width=\"245\">\u00a0PROFESION\u0100L\u0100 KVALIFIK\u0100CIJA<\/td>\n<td width=\"85\">LKI L\u012aMENIS<\/td>\n<td width=\"198\">IZGL\u012aT\u012aBAS PROGRAMMAS NOSAUKUMS<\/td>\n<\/tr>\n<tr>\n<td width=\"141\">Kuld\u012bgas Tehnolo\u0123iju un t\u016brisma tehnikums<\/td>\n<td width=\"245\">Restaur\u0101cijas tehni\u0137is<\/td>\n<td width=\"85\">4<\/td>\n<td width=\"198\">Restaur\u0101cija<\/td>\n<\/tr>\n<tr>\n<td width=\"141\">Kuld\u012bgas Tehnolo\u0123iju un t\u016brisma tehnikums<\/td>\n<td width=\"245\">Lo\u0123istikas darbinieks<\/td>\n<td width=\"85\">4<\/td>\n<td width=\"198\">Lo\u0123istika<\/td>\n<\/tr>\n<tr>\n<td width=\"141\">Kuld\u012bgas Tehnolo\u0123iju un t\u016brisma tehnikums<\/td>\n<td width=\"245\">M\u0113be\u013cu galdnieks<\/td>\n<td width=\"85\">4<\/td>\n<td width=\"198\">Kokizstr\u0101d\u0101jumu izgatavo\u0161ana<\/td>\n<\/tr>\n<tr>\n<td width=\"141\">Kuld\u012bgas Tehnolo\u0123iju un t\u016brisma tehnikums<\/td>\n<td width=\"245\">B\u016bvizstr\u0101d\u0101jumu galdnieks<\/td>\n<td width=\"85\">4<\/td>\n<td width=\"198\">Kokizstr\u0101d\u0101jumu izgatavo\u0161ana<\/td>\n<\/tr>\n<tr>\n<td width=\"141\">Kuld\u012bgas Tehnolo\u0123iju un t\u016brisma tehnikums<\/td>\n<td width=\"245\">Datoriz\u0113tu kokapstr\u0101des iek\u0101rtu operators<\/td>\n<td width=\"85\">4<\/td>\n<td width=\"198\">Kokizstr\u0101d\u0101jumu izgatavo\u0161ana<\/td>\n<\/tr>\n<tr>\n<td width=\"141\">Kuld\u012bgas Tehnolo\u0123iju un t\u016brisma tehnikums<\/td>\n<td width=\"245\">Automeh\u0101ni\u0137is<\/td>\n<td width=\"85\">4<\/td>\n<td width=\"198\">Autotransports<\/td>\n<\/tr>\n<tr>\n<td width=\"141\">Kuld\u012bgas Tehnolo\u0123iju un t\u016brisma tehnikums<\/td>\n<td width=\"245\">Konditors<\/td>\n<td width=\"85\">4<\/td>\n<td width=\"198\">\u0112din\u0101\u0161anas pakalpojumi<\/td>\n<\/tr>\n<tr>\n<td width=\"141\">Kuld\u012bgas Tehnolo\u0123iju un t\u016brisma tehnikums<\/td>\n<td width=\"245\">Maizes un miltu produktu ra\u017eo\u0161anas tehni\u0137is<\/td>\n<td width=\"85\">4<\/td>\n<td width=\"198\">P\u0101rtikas produktu tehnolo\u0123ija<\/td>\n<\/tr>\n<tr>\n<td width=\"141\">Kuld\u012bgas Tehnolo\u0123iju un t\u016brisma tehnikums<\/td>\n<td width=\"245\">P\u0101rtikas produktu ra\u017eo\u0161anas tehni\u0137is<\/td>\n<td width=\"85\">4<\/td>\n<td width=\"198\">P\u0101rtikas produktu tehnolo\u0123ija<\/td>\n<\/tr>\n<tr>\n<td width=\"141\">Kuld\u012bgas Tehnolo\u0123iju un t\u016brisma tehnikums<\/td>\n<td width=\"245\">Maiznieks<\/td>\n<td width=\"85\">4<\/td>\n<td width=\"198\">Miltu izstr\u0101d\u0101jumu ra\u017eo\u0161ana<\/td>\n<\/tr>\n<tr>\n<td width=\"141\">Kuld\u012bgas Tehnolo\u0123iju un t\u016brisma tehnikums<\/td>\n<td width=\"245\">Stila m\u0113be\u013cu model\u0113t\u0101js<\/td>\n<td width=\"85\">4<\/td>\n<td width=\"198\">Koka m\u0101ksliniecisk\u0101 apstr\u0101de<\/td>\n<\/tr>\n<tr>\n<td width=\"141\">Kuld\u012bgas Tehnolo\u0123iju un t\u016brisma tehnikums<\/td>\n<td width=\"245\">T\u016brisma pakalpojumu konsultants<\/td>\n<td width=\"85\">4<\/td>\n<td width=\"198\">T\u016brisma pakalpojumi<\/td>\n<\/tr>\n<tr>\n<td width=\"141\">Kuld\u012bgas Tehnolo\u0123iju un t\u016brisma tehnikums<\/td>\n<td width=\"245\">Viesu uz\u0146em\u0161anas dienesta speci\u0101lists<\/td>\n<td width=\"85\">4<\/td>\n<td width=\"198\">Viesn\u012bcu pakalpojumi<\/td>\n<\/tr>\n<tr>\n<td width=\"141\">Kuld\u012bgas Tehnolo\u0123iju un t\u016brisma tehnikums<\/td>\n<td width=\"245\">Pav\u0101rs<\/td>\n<td width=\"85\">4<\/td>\n<td width=\"198\">\u0112din\u0101\u0161anas pakalpojumi<\/td>\n<\/tr>\n<tr>\n<td width=\"141\">Kuld\u012bgas Tehnolo\u0123iju un t\u016brisma tehnikums<\/td>\n<td width=\"245\">SPA speci\u0101lists<\/td>\n<td width=\"85\">4<\/td>\n<td width=\"198\">Skaistumkop\u0161anas pakalpojumi<\/td>\n<\/tr>\n<\/tbody>\n<\/table>\n<p>&nbsp;<\/p>\n","protected":false},"excerpt":{"rendered":"<p>Profesion\u0101l\u0101s kvalifik\u0101cijas eks\u0101menu norises k\u0101rt\u012bba akredit\u0113t\u0101s profesion\u0101l\u0101s izgl\u012bt\u012bbas programm\u0101s \u00a0https:\/\/likumi.lv\/doc.php?id=235206 &nbsp; Profesion\u0101l\u0101s izgl\u012bt\u012bbas iest\u0101\u017eu un eksamin\u0101cijas centru maksas pakalpojumu cenr\u0101dis https:\/\/likumi.lv\/doc.php?id=259780 K\u0101rt\u012bba, k\u0101d\u0101 nov\u0113rt\u0113 \u0101rpus form\u0101l\u0101s izgl\u012bt\u012bbas sist\u0113mas apg\u016bto profesion\u0101lo kompetenci https:\/\/likumi.lv\/doc.php?id=226788 S\u012bk\u0101ku inform\u0101ciju skat\u012bt: https:\/\/www.ikvd.gov.lv\/lv\/profesionalas-kompetences-novertesana\/profesionalas-kompetences-novertesana &nbsp; &nbsp; Iesniegums profesion\u0101l\u0101s kompetences nov\u0113rt\u0113\u0161anai \u0100rpusform\u0101l\u0101s izgl\u012bt\u012bbas profesion\u0101l\u0101s kompetences nov\u0113rt\u0113\u0161ana ir iesp\u0113ja, nok\u0101rtojot eks\u0101menu, ieg\u016bt kvalifik\u0101cijas apliec\u012bbu par<a class=\"moretag\" href=\"https:\/\/www.kuldigastehnikums.lv\/index.php\/muzizglitiba\/arpusformala-izglitiba\/\"> Vair\u0101k<\/a> [&#8230;]<\/p>\n<p><a class=\"btn btn-secondary understrap-read-more-link\" href=\"https:\/\/www.kuldigastehnikums.lv\/index.php\/muzizglitiba\/arpusformala-izglitiba\/\">Vair\u0101k&#8230;<\/a><\/p>\n","protected":false},"author":2,"featured_media":0,"parent":3091,"menu_order":0,"comment_status":"closed","ping_status":"closed","template":"page-templates\/fullgrid.php","meta":{"footnotes":""},"class_list":["post-10488","page","type-page","status-publish","hentry"],"_links":{"self":[{"href":"https:\/\/www.kuldigastehnikums.lv\/index.php\/wp-json\/wp\/v2\/pages\/10488","targetHints":{"allow":["GET"]}}],"collection":[{"href":"https:\/\/www.kuldigastehnikums.lv\/index.php\/wp-json\/wp\/v2\/pages"}],"about":[{"href":"https:\/\/www.kuldigastehnikums.lv\/index.php\/wp-json\/wp\/v2\/types\/page"}],"author":[{"embeddable":true,"href":"https:\/\/www.kuldigastehnikums.lv\/index.php\/wp-json\/wp\/v2\/users\/2"}],"replies":[{"embeddable":true,"href":"https:\/\/www.kuldigastehnikums.lv\/index.php\/wp-json\/wp\/v2\/comments?post=10488"}],"version-history":[{"count":7,"href":"https:\/\/www.kuldigastehnikums.lv\/index.php\/wp-json\/wp\/v2\/pages\/10488\/revisions"}],"predecessor-version":[{"id":15339,"href":"https:\/\/www.kuldigastehnikums.lv\/index.php\/wp-json\/wp\/v2\/pages\/10488\/revisions\/15339"}],"up":[{"embeddable":true,"href":"https:\/\/www.kuldigastehnikums.lv\/index.php\/wp-json\/wp\/v2\/pages\/3091"}],"wp:attachment":[{"href":"https:\/\/www.kuldigastehnikums.lv\/index.php\/wp-json\/wp\/v2\/media?parent=10488"}],"curies":[{"name":"wp","href":"https:\/\/api.w.org\/{rel}","templated":true}]}}