{"id":11438,"date":"2022-05-12T18:32:58","date_gmt":"2022-05-12T18:32:58","guid":{"rendered":"http:\/\/www.kuldigastehnikums.lv\/?page_id=11438"},"modified":"2022-05-12T18:33:15","modified_gmt":"2022-05-12T18:33:15","slug":"sikdatnes","status":"publish","type":"page","link":"https:\/\/www.kuldigastehnikums.lv\/index.php\/sikdatnes\/","title":{"rendered":"S\u012bkdatnes"},"content":{"rendered":"<p>Kuld\u012bgas Tehnolo\u0123iju un t\u016brisma tehnikuma t\u012bmek\u013ca vietn\u0113 tiek izmantotas m\u016bsu un tre\u0161o pu\u0161u s\u012bkdatnes (ang\u013cu valod\u0101 \u201ecookies\u201d), lai nodro\u0161in\u0101tu&nbsp;t\u0101s darb\u012bbu un pal\u012bdz\u0113tu uzlabot vietnes lieto\u0161anas pieredzi un kvalit\u0101ti.<\/p>\n<p>M\u0113s ap\u0146emamies nodro\u0161in\u0101t m\u016bsu t\u012bmek\u013ca vietnes&nbsp;un t\u0101s&nbsp;apmekl\u0113t\u0101ju personisk\u0101s inform\u0101cijas dro\u0161\u012bbu un ties\u012bbu aizsardz\u012bbu, kas tiek apstr\u0101d\u0101ta apmekl\u0113jot&nbsp;m\u016bsu t\u012bmek\u013ca vietni un iepaz\u012bstoties ar t\u0101s saturu.<\/p>\n<p>S\u012bkdatne (\u201ecookies\u201d) ir neliela teksta datne, kas tiek nos\u016bt\u012bta un saglab\u0101ta J\u016bsu dator\u0101 vai mobilaj\u0101 ier\u012bc\u0113 t\u012bmek\u013ca vietnes apmekl\u0113\u0161an\u0101s laik\u0101 un ko t\u012bmek\u013ca vietne saglab\u0101 j\u016bsu dator\u0101 vai mobilaj\u0101 ier\u012bc\u0113, kad j\u016bs atverat vietni.&nbsp;Katr\u0101 n\u0101kamaj\u0101 apmekl\u0113juma reiz\u0113 s\u012bkdatnes tiek nos\u016bt\u012btas atpaka\u013c uz izcelsmes vietni vai tre\u0161\u0101s puses vietni, kas atpaz\u012bst attiec\u012bgo s\u012bkdatni un \u013cauj vietnei atcer\u0113ties lietot\u0101ja izv\u0113l\u0113tos iestat\u012bjumus n\u0101kamaj\u0101s apmekl\u0113juma reiz\u0113s, lai katru reizi tie neb\u016btu j\u0101nor\u0101da no jauna. Papildu inform\u0101ciju par s\u012bkdatn\u0113m varat ieg\u016bt t\u012bmek\u013ca vietn\u0113&nbsp;<a href=\"https:\/\/www.aboutcookies.org\/\"><u>https:\/\/www.aboutcookies.org\/<\/u><\/a>.&nbsp;S\u012bkdatnes netiek izmantotas, lai j\u016bs personiski identific\u0113tu.<\/p>\n<p>Apmekl\u0113jot m\u016bsu t\u012bmek\u013ca vietni, m\u0113s uzkr\u0101jam un izmantojam tehnisk\u0101s (nepiecie\u0161am\u0101s) s\u012bkdatnes, kas ir nepiecie\u0161amas \u0161\u012bs t\u012bmek\u013ca vietnes funkcionalit\u0101tes nodro\u0161in\u0101\u0161anai.<\/p>\n<p>\u0145emot v\u0113r\u0101 J\u016bsu sniegto piekri\u0161anu, m\u016bsu t\u012bmek\u013ca vietn\u0113 var tikt apstr\u0101d\u0101tas anal\u012btisko un \/ vai statistikas s\u012bkdatnes, kas tiek izmantotas, lai mums pal\u012bdz\u0113tu uzlabot vietnes lieto\u0161anas pieredzi un kvalit\u0101ti, un \/ vai soci\u0101lo mediju s\u012bkdatnes, kas nepiecie\u0161amas, lai J\u016bs var\u0113tu dal\u012bties ar saturu soci\u0101lajos t\u012bklos. Jebkur\u0101 br\u012bd\u012b Jums ir ties\u012bbas attiekties no \u0161o s\u012bkdat\u0146u izmanto\u0161anas, noklik\u0161\u0137inot uz zem\u0101k min\u0113to izv\u0113li &#8220;Nepiekr\u012btu&#8221;:<\/p>\n<p>Ja v\u0113laties, J\u016bs varat ar\u012b s\u012bkdatnes kontrol\u0113t un izdz\u0113st. Inform\u0101ciju k\u0101 to izdar\u012bt varat izlas\u012bt t\u012bmek\u013ca vietn\u0113 <a href=\"https:\/\/www.aboutcookies.org\/\"><u>https:\/\/www.aboutcookies.org\/<\/u><\/a>. J\u016bs varat izdz\u0113st visas s\u012bkdatnes, kuras ir J\u016bsu dator\u0101, un liel\u0101ko da\u013cu p\u0101rl\u016bkprogrammu var iestat\u012bt t\u0101, lai tiktu blo\u0137\u0113ta s\u012bkdat\u0146u ievieto\u0161ana dator\u0101. Ta\u010du t\u0101d\u0101 gad\u012bjum\u0101 Jums manu\u0101li b\u016bs j\u0101piel\u0101go iestat\u012bjumi ikreiz, kad apmekl\u0113siet t\u012bmek\u013ca vietni, un turkl\u0101t past\u0101v iesp\u0113jam\u012bba, ka da\u017ei pakalpojumi un funkcijas&nbsp;nedarbosies.<\/p>\n","protected":false},"excerpt":{"rendered":"<p>Kuld\u012bgas Tehnolo\u0123iju un t\u016brisma tehnikuma t\u012bmek\u013ca vietn\u0113 tiek izmantotas m\u016bsu un tre\u0161o pu\u0161u s\u012bkdatnes (ang\u013cu valod\u0101 \u201ecookies\u201d), lai nodro\u0161in\u0101tu&nbsp;t\u0101s darb\u012bbu un pal\u012bdz\u0113tu uzlabot vietnes lieto\u0161anas pieredzi un kvalit\u0101ti. M\u0113s ap\u0146emamies nodro\u0161in\u0101t m\u016bsu t\u012bmek\u013ca vietnes&nbsp;un t\u0101s&nbsp;apmekl\u0113t\u0101ju personisk\u0101s inform\u0101cijas dro\u0161\u012bbu un ties\u012bbu aizsardz\u012bbu, kas tiek apstr\u0101d\u0101ta apmekl\u0113jot&nbsp;m\u016bsu t\u012bmek\u013ca vietni un iepaz\u012bstoties ar t\u0101s saturu. S\u012bkdatne (\u201ecookies\u201d) ir<a class=\"moretag\" href=\"https:\/\/www.kuldigastehnikums.lv\/index.php\/sikdatnes\/\"> Vair\u0101k<\/a> [&#8230;]<\/p>\n<p><a class=\"btn btn-secondary understrap-read-more-link\" href=\"https:\/\/www.kuldigastehnikums.lv\/index.php\/sikdatnes\/\">Vair\u0101k&#8230;<\/a><\/p>\n","protected":false},"author":2,"featured_media":0,"parent":0,"menu_order":0,"comment_status":"closed","ping_status":"closed","template":"page-templates\/about-school-child.php","meta":{"footnotes":""},"class_list":["post-11438","page","type-page","status-publish","hentry"],"_links":{"self":[{"href":"https:\/\/www.kuldigastehnikums.lv\/index.php\/wp-json\/wp\/v2\/pages\/11438","targetHints":{"allow":["GET"]}}],"collection":[{"href":"https:\/\/www.kuldigastehnikums.lv\/index.php\/wp-json\/wp\/v2\/pages"}],"about":[{"href":"https:\/\/www.kuldigastehnikums.lv\/index.php\/wp-json\/wp\/v2\/types\/page"}],"author":[{"embeddable":true,"href":"https:\/\/www.kuldigastehnikums.lv\/index.php\/wp-json\/wp\/v2\/users\/2"}],"replies":[{"embeddable":true,"href":"https:\/\/www.kuldigastehnikums.lv\/index.php\/wp-json\/wp\/v2\/comments?post=11438"}],"version-history":[{"count":1,"href":"https:\/\/www.kuldigastehnikums.lv\/index.php\/wp-json\/wp\/v2\/pages\/11438\/revisions"}],"predecessor-version":[{"id":11439,"href":"https:\/\/www.kuldigastehnikums.lv\/index.php\/wp-json\/wp\/v2\/pages\/11438\/revisions\/11439"}],"wp:attachment":[{"href":"https:\/\/www.kuldigastehnikums.lv\/index.php\/wp-json\/wp\/v2\/media?parent=11438"}],"curies":[{"name":"wp","href":"https:\/\/api.w.org\/{rel}","templated":true}]}}