{"id":12941,"date":"2024-01-30T19:37:54","date_gmt":"2024-01-30T19:37:54","guid":{"rendered":"http:\/\/www.kuldigastehnikums.lv\/?page_id=12941"},"modified":"2024-04-08T07:57:34","modified_gmt":"2024-04-08T07:57:34","slug":"vakances","status":"publish","type":"page","link":"https:\/\/www.kuldigastehnikums.lv\/index.php\/vakances\/","title":{"rendered":"Vakances"},"content":{"rendered":"<p>Kuld\u012bgas Tehnolo\u0123iju un t\u016brisma tehnikums<\/p>\n<p>Aicina darb\u0101:<\/p>\n<p><strong>Fizikas skolot\u0101ju <\/strong>uz nepilnu slodzi.<\/p>\n<p><strong>Algas likme EUR 1145,00 par slodzi<\/strong><\/p>\n<p>&nbsp;<\/p>\n<p>T\u0101lrunis inform\u0101cijai: 63324082.\u00a0 E-pasts <a href=\"mailto:info@kuldigastehnikums.lv\"><u>info@kuldigastehnikums.lv.<\/u><\/a><\/p>\n<p>&nbsp;<\/p>\n","protected":false},"excerpt":{"rendered":"<p>Kuld\u012bgas Tehnolo\u0123iju un t\u016brisma tehnikums Aicina darb\u0101: Fizikas skolot\u0101ju uz nepilnu slodzi. Algas likme EUR 1145,00 par slodzi &nbsp; T\u0101lrunis inform\u0101cijai: 63324082.\u00a0 E-pasts info@kuldigastehnikums.lv. &nbsp; [&#8230;]<\/p>\n<p><a class=\"btn btn-secondary understrap-read-more-link\" href=\"https:\/\/www.kuldigastehnikums.lv\/index.php\/vakances\/\">Vair\u0101k&#8230;<\/a><\/p>\n","protected":false},"author":2,"featured_media":0,"parent":0,"menu_order":0,"comment_status":"closed","ping_status":"closed","template":"page-templates\/about-school-child.php","meta":{"footnotes":""},"class_list":["post-12941","page","type-page","status-publish","hentry"],"_links":{"self":[{"href":"https:\/\/www.kuldigastehnikums.lv\/index.php\/wp-json\/wp\/v2\/pages\/12941","targetHints":{"allow":["GET"]}}],"collection":[{"href":"https:\/\/www.kuldigastehnikums.lv\/index.php\/wp-json\/wp\/v2\/pages"}],"about":[{"href":"https:\/\/www.kuldigastehnikums.lv\/index.php\/wp-json\/wp\/v2\/types\/page"}],"author":[{"embeddable":true,"href":"https:\/\/www.kuldigastehnikums.lv\/index.php\/wp-json\/wp\/v2\/users\/2"}],"replies":[{"embeddable":true,"href":"https:\/\/www.kuldigastehnikums.lv\/index.php\/wp-json\/wp\/v2\/comments?post=12941"}],"version-history":[{"count":3,"href":"https:\/\/www.kuldigastehnikums.lv\/index.php\/wp-json\/wp\/v2\/pages\/12941\/revisions"}],"predecessor-version":[{"id":13221,"href":"https:\/\/www.kuldigastehnikums.lv\/index.php\/wp-json\/wp\/v2\/pages\/12941\/revisions\/13221"}],"wp:attachment":[{"href":"https:\/\/www.kuldigastehnikums.lv\/index.php\/wp-json\/wp\/v2\/media?parent=12941"}],"curies":[{"name":"wp","href":"https:\/\/api.w.org\/{rel}","templated":true}]}}