{"id":13222,"date":"2024-04-08T14:00:10","date_gmt":"2024-04-08T14:00:10","guid":{"rendered":"http:\/\/www.kuldigastehnikums.lv\/?page_id=13222"},"modified":"2025-11-05T14:14:46","modified_gmt":"2025-11-05T14:14:46","slug":"ipasumi","status":"publish","type":"page","link":"https:\/\/www.kuldigastehnikums.lv\/index.php\/par-tehnikumu\/ipasumi\/","title":{"rendered":"\u012apa\u0161umi"},"content":{"rendered":"<h4>1. Visp\u0101r\u0113ja inform\u0101cija par \u012bpa\u0161umiem<\/h4>\n<p><strong>Kuld\u012bgas Tehnolo\u0123iju un t\u016brisma tehnikuma nekustamo \u012bpa\u0161umu saraksts<\/strong><\/p>\n<table style=\"width: 45.8563%; height: 916px;\">\n<tbody>\n<tr style=\"height: 39px;\">\n<td style=\"width: 32.7161%; height: 39px;\" width=\"208\"><strong>Adrese<\/strong><\/td>\n<td style=\"width: 32.8704%; height: 39px;\" width=\"208\"><strong>Kadastra numurs<\/strong><\/td>\n<td style=\"width: 47.2222%; height: 39px;\" width=\"208\"><strong>Nekustam\u0101 \u012bpa\u0161uma apraksts<\/strong><\/td>\n<\/tr>\n<tr style=\"height: 37px;\">\n<td style=\"width: 32.7161%; height: 37px;\" width=\"208\">Kuld\u012bga, Liep\u0101jas iela 31<\/td>\n<td style=\"width: 32.8704%; height: 37px;\" width=\"208\">6201-009-0107-001<\/td>\n<td style=\"width: 47.2222%; height: 37px;\" width=\"208\">Skola<\/td>\n<\/tr>\n<tr style=\"height: 56px;\">\n<td style=\"width: 32.7161%; height: 56px;\" width=\"208\">Kuld\u012bga, Liep\u0101jas iela 33<\/td>\n<td style=\"width: 32.8704%; height: 56px;\" width=\"208\">6201-009-0060-001<\/td>\n<td style=\"width: 47.2222%; height: 56px;\" width=\"208\">Arodskolas intern\u0101ts<\/td>\n<\/tr>\n<tr style=\"height: 56px;\">\n<td style=\"width: 32.7161%; height: 56px;\" width=\"208\">Kuld\u012bga, Pils\u0113tas laukums 6<\/td>\n<td style=\"width: 32.8704%; height: 56px;\" width=\"208\">6201-010-0043001<\/td>\n<td style=\"width: 47.2222%; height: 56px;\" width=\"208\">Viesn\u012bca<\/td>\n<\/tr>\n<tr style=\"height: 56px;\">\n<td style=\"width: 32.7161%; height: 56px;\" width=\"208\">Kuld\u012bga, Smil\u0161u iela 9<\/td>\n<td style=\"width: 32.8704%; height: 56px;\" width=\"208\">6201-009-0050-001<\/td>\n<td style=\"width: 47.2222%; height: 56px;\" width=\"208\">Dienesta viesn\u012bca<\/td>\n<\/tr>\n<tr style=\"height: 56px;\">\n<td style=\"width: 32.7161%; height: 56px;\" width=\"208\">Kuld\u012bga, Liep\u0101jas iela 33<\/td>\n<td style=\"width: 32.8704%; height: 56px;\" width=\"208\">6201-009-0060-002<\/td>\n<td style=\"width: 47.2222%; height: 56px;\" width=\"208\">Noliktava<\/td>\n<\/tr>\n<tr style=\"height: 56px;\">\n<td style=\"width: 32.7161%; height: 56px;\" width=\"208\">Kuld\u012bga, Maz\u0101 Dzirnavu iela 15<\/td>\n<td style=\"width: 32.8704%; height: 56px;\" width=\"208\">6201-023-003-1006<\/td>\n<td style=\"width: 47.2222%; height: 56px;\" width=\"208\">Arodskolas meh\u0101nisk\u0101s darbn\u012bcas<\/td>\n<\/tr>\n<tr style=\"height: 56px;\">\n<td style=\"width: 32.7161%; height: 56px;\" width=\"208\">Kuld\u012bga, Liep\u0101jas iela 33<\/td>\n<td style=\"width: 32.8704%; height: 56px;\" width=\"208\">6201-009-0060-006<\/td>\n<td style=\"width: 47.2222%; height: 56px;\" width=\"208\">Gar\u0101\u017ea noliktava<\/td>\n<\/tr>\n<tr style=\"height: 56px;\">\n<td style=\"width: 32.7161%; height: 56px;\" width=\"208\">Kuld\u012bga, Liep\u0101jas iela 33<\/td>\n<td style=\"width: 32.8704%; height: 56px;\" width=\"208\">6201-009-0060-005<\/td>\n<td style=\"width: 47.2222%; height: 56px;\" width=\"208\">Pagrabs<\/td>\n<\/tr>\n<tr style=\"height: 56px;\">\n<td style=\"width: 32.7161%; height: 56px;\" width=\"208\">Kuld\u012bga, Liep\u0101jas iela 33<\/td>\n<td style=\"width: 32.8704%; height: 56px;\" width=\"208\">6201-009-0060-004<\/td>\n<td style=\"width: 47.2222%; height: 56px;\" width=\"208\">Galdniec\u012bbas darbn\u012bca<\/td>\n<\/tr>\n<tr style=\"height: 56px;\">\n<td style=\"width: 32.7161%; height: 56px;\" width=\"208\">Kuld\u012bga, Liep\u0101jas iela 33<\/td>\n<td style=\"width: 32.8704%; height: 56px;\" width=\"208\">6201-009-0060-007<\/td>\n<td style=\"width: 47.2222%; height: 56px;\" width=\"208\">Skolas m\u0101jtur\u012bbas \u0113ka<\/td>\n<\/tr>\n<tr style=\"height: 56px;\">\n<td style=\"width: 32.7161%; height: 56px;\" width=\"208\">Kuld\u012bga, Maz\u0101 Dzirnavu iela 8<\/td>\n<td style=\"width: 32.8704%; height: 56px;\" width=\"208\">6201-023-0031-007<\/td>\n<td style=\"width: 47.2222%; height: 56px;\" width=\"208\">\u0160\u0137\u016bnis<\/td>\n<\/tr>\n<tr style=\"height: 56px;\">\n<td style=\"width: 32.7161%; height: 56px;\" width=\"208\">Kuld\u012bga, Kalpaka iela 1<\/td>\n<td style=\"width: 32.8704%; height: 56px;\" width=\"208\">6201-009-0115<\/td>\n<td style=\"width: 47.2222%; height: 56px;\" width=\"208\">Tehnolo\u0123iju centrs<\/td>\n<\/tr>\n<tr style=\"height: 56px;\">\n<td style=\"width: 32.7161%; height: 56px;\" width=\"208\">Kuld\u012bga, Smil\u0161u iela 9<\/td>\n<td style=\"width: 32.8704%; height: 56px;\" width=\"208\">6201-009-0050-002<\/td>\n<td style=\"width: 47.2222%; height: 56px;\" width=\"208\">Darbn\u012bca<\/td>\n<\/tr>\n<tr style=\"height: 56px;\">\n<td style=\"width: 32.7161%; height: 56px;\" width=\"208\">Kuld\u012bga, Maz\u0101 Dzirnavu iela 15<\/td>\n<td style=\"width: 32.8704%; height: 56px;\" width=\"208\"><\/td>\n<td style=\"width: 47.2222%; height: 56px;\" width=\"208\">Metin\u0101\u0161anas darbn\u012bca<\/td>\n<\/tr>\n<tr style=\"height: 56px;\">\n<td style=\"width: 32.7161%; height: 56px;\" width=\"208\">Kuld\u012bga, Gan\u012bbu iela 18<\/td>\n<td style=\"width: 32.8704%; height: 56px;\" width=\"208\">6201-034-0392-001<\/td>\n<td style=\"width: 47.2222%; height: 56px;\" width=\"208\">Ang\u0101ra tipa noliktava<\/td>\n<\/tr>\n<tr style=\"height: 56px;\">\n<td style=\"width: 32.7161%; height: 56px;\" width=\"208\">Kuld\u012bga, Smil\u0161u iela 9<\/td>\n<td style=\"width: 32.8704%; height: 56px;\" width=\"208\">6201-009-0050-005<\/td>\n<td style=\"width: 47.2222%; height: 56px;\" width=\"208\">Tualete<\/td>\n<\/tr>\n<\/tbody>\n<\/table>\n<p>&nbsp;<\/p>\n<h4>2. Iest\u0101des nom\u0101tie nekustamie \u012bpa\u0161umi<\/h4>\n<p>Nav attiecin\u0101ms.<\/p>\n<h4><\/h4>\n<h4>3. Iest\u0101des iznom\u0101tie nekustamie \u012bpa\u0161umi:<\/h4>\n<p>&#8211; Ang\u0101ra tipa noliktava ( kadastra nr. 6201-034-0392-001), <strong>Kuld\u012bg\u0101, Gan\u012bbu iel\u0101 18<\/strong>.\u00a0 Iznom\u0101ts SIA &#8220;A.A.KRAMS&#8221;. Nomas objekta iznom\u0101\u0161anas m\u0113r\u0137is &#8211; traktortehnikas un lauksaimniec\u012bbas tehnikas remonta serviss. Nomas maksa &#8211; 342,00 EUR ( bez PVN) m\u0113nes\u012b.\u00a0 Nomas l\u012bguma termi\u0146\u0161 &#8211; l\u012bdz 2028.gada 30.j\u016bnijs.<\/p>\n<p>&#8211; &#8220;Skola&#8221; Kuld\u012bga, Liep\u0101jas iela 31 ( kadastra nr. 6201-009-0107-001) telpas da\u013ca 1.st\u0101v\u0101 7. telpa 1m<sup>2 <\/sup>plat\u012bb\u0101. Iznom\u0101ts SIA &#8220;Coffee Adress&#8221;.\u00a0 Nomas objekta iznom\u0101\u0161anas m\u0113r\u0137is &#8211; kafijas autom\u0101ta izvieto\u0161anai. Nomas maksa &#8211; 30 EUR (bez PVN) m\u0113nes\u012b un izdevumi par izt\u0113r\u0113to elektroener\u0123iju. Nomas l\u012bguma termi\u0146\u0161 &#8211; 2026.gada 31.decembris.<sup><br \/>\n<\/sup><\/p>\n<p>&nbsp;<\/p>\n","protected":false},"excerpt":{"rendered":"<p>1. Visp\u0101r\u0113ja inform\u0101cija par \u012bpa\u0161umiem Kuld\u012bgas Tehnolo\u0123iju un t\u016brisma tehnikuma nekustamo \u012bpa\u0161umu saraksts Adrese Kadastra numurs Nekustam\u0101 \u012bpa\u0161uma apraksts Kuld\u012bga, Liep\u0101jas iela 31 6201-009-0107-001 Skola Kuld\u012bga, Liep\u0101jas iela 33 6201-009-0060-001 Arodskolas intern\u0101ts Kuld\u012bga, Pils\u0113tas laukums 6 6201-010-0043001 Viesn\u012bca Kuld\u012bga, Smil\u0161u iela 9 6201-009-0050-001 Dienesta viesn\u012bca Kuld\u012bga, Liep\u0101jas iela 33 6201-009-0060-002 Noliktava Kuld\u012bga, Maz\u0101 Dzirnavu iela<a class=\"moretag\" href=\"https:\/\/www.kuldigastehnikums.lv\/index.php\/par-tehnikumu\/ipasumi\/\"> Vair\u0101k<\/a> [&#8230;]<\/p>\n<p><a class=\"btn btn-secondary understrap-read-more-link\" href=\"https:\/\/www.kuldigastehnikums.lv\/index.php\/par-tehnikumu\/ipasumi\/\">Vair\u0101k&#8230;<\/a><\/p>\n","protected":false},"author":2,"featured_media":0,"parent":41,"menu_order":0,"comment_status":"closed","ping_status":"closed","template":"page-templates\/about-school-child.php","meta":{"footnotes":""},"class_list":["post-13222","page","type-page","status-publish","hentry"],"_links":{"self":[{"href":"https:\/\/www.kuldigastehnikums.lv\/index.php\/wp-json\/wp\/v2\/pages\/13222","targetHints":{"allow":["GET"]}}],"collection":[{"href":"https:\/\/www.kuldigastehnikums.lv\/index.php\/wp-json\/wp\/v2\/pages"}],"about":[{"href":"https:\/\/www.kuldigastehnikums.lv\/index.php\/wp-json\/wp\/v2\/types\/page"}],"author":[{"embeddable":true,"href":"https:\/\/www.kuldigastehnikums.lv\/index.php\/wp-json\/wp\/v2\/users\/2"}],"replies":[{"embeddable":true,"href":"https:\/\/www.kuldigastehnikums.lv\/index.php\/wp-json\/wp\/v2\/comments?post=13222"}],"version-history":[{"count":11,"href":"https:\/\/www.kuldigastehnikums.lv\/index.php\/wp-json\/wp\/v2\/pages\/13222\/revisions"}],"predecessor-version":[{"id":15297,"href":"https:\/\/www.kuldigastehnikums.lv\/index.php\/wp-json\/wp\/v2\/pages\/13222\/revisions\/15297"}],"up":[{"embeddable":true,"href":"https:\/\/www.kuldigastehnikums.lv\/index.php\/wp-json\/wp\/v2\/pages\/41"}],"wp:attachment":[{"href":"https:\/\/www.kuldigastehnikums.lv\/index.php\/wp-json\/wp\/v2\/media?parent=13222"}],"curies":[{"name":"wp","href":"https:\/\/api.w.org\/{rel}","templated":true}]}}