{"id":14340,"date":"2024-12-12T19:22:31","date_gmt":"2024-12-12T19:22:31","guid":{"rendered":"http:\/\/www.kuldigastehnikums.lv\/?page_id=14340"},"modified":"2024-12-20T14:42:32","modified_gmt":"2024-12-20T14:42:32","slug":"esf-projekts-4-2-3-1-skola-kopiena","status":"publish","type":"page","link":"https:\/\/www.kuldigastehnikums.lv\/index.php\/par-tehnikumu\/projekti\/esf-projekts-4-2-3-1-skola-kopiena\/","title":{"rendered":"ESF+ projekts 4.2.3.1. &#8220;Skola Kopien\u0101&#8221;"},"content":{"rendered":"<p><img fetchpriority=\"high\" decoding=\"async\" class=\"alignnone size-full wp-image-14358\" src=\"http:\/\/www.kuldigastehnikums.lv\/wp-content\/uploads\/2024\/12\/esf-projekts-4.2.3.1.-skola-kopiena_0.png\" alt=\"\" width=\"1500\" height=\"860\" srcset=\"https:\/\/www.kuldigastehnikums.lv\/wp-content\/uploads\/2024\/12\/esf-projekts-4.2.3.1.-skola-kopiena_0.png 1500w, https:\/\/www.kuldigastehnikums.lv\/wp-content\/uploads\/2024\/12\/esf-projekts-4.2.3.1.-skola-kopiena_0-300x172.png 300w, https:\/\/www.kuldigastehnikums.lv\/wp-content\/uploads\/2024\/12\/esf-projekts-4.2.3.1.-skola-kopiena_0-1024x587.png 1024w, https:\/\/www.kuldigastehnikums.lv\/wp-content\/uploads\/2024\/12\/esf-projekts-4.2.3.1.-skola-kopiena_0-768x440.png 768w\" sizes=\"(max-width: 1500px) 100vw, 1500px\" \/><\/p>\n<p>&nbsp;<\/p>\n<p>&nbsp;<\/p>\n<p><span style=\"font-family: arial, helvetica, sans-serif; font-size: 12pt;\">Projekta 4.2.3.1. pas\u0101kums \u201cIntegr\u0113ta \u201cskola-kopiena\u201d sadarb\u012bbas programma atstumt\u012bbas riska mazin\u0101\u0161anai izgl\u012bt\u012bbas iest\u0101d\u0113s.<\/span><\/p>\n<p>&nbsp;<\/p>\n<p>&nbsp;<\/p>\n<p><span style=\"font-family: arial, helvetica, sans-serif; font-size: 12pt;\">Kuld\u012bgas tehnolo\u0123iju un t\u016brisma tehnikums\u00a0 2024.gada septembr\u012b sniedzis gatav\u012bbas apliecin\u0101jumu sl\u0113gt l\u012bgumu ar valsts izgl\u012bt\u012bbas satura centru un piedal\u012bties\u00a0 Eiropas Savien\u012bbas koh\u0113zijas politikas programmas 2021.\u2013 2027. gadam 4.2.3. specifisk\u0101 atbalsta m\u0113r\u0137a \u201cSekm\u0113t to, lai \u2013 jo \u012bpa\u0161i nelabv\u0113l\u012bg\u0101 situ\u0101cij\u0101 eso\u0161\u0101m grup\u0101m \u2013 b\u016btu vienl\u012bdz\u012bga piek\u013cuve kvalitat\u012bvai un iek\u013caujo\u0161ai izgl\u012bt\u012bbai un m\u0101c\u012bb\u0101m un iesp\u0113ja to ieg\u016bt, s\u0101kot ar pirmsskolas izgl\u012bt\u012bbu un apr\u016bpi un visp\u0101r\u0113j\u0101s izgl\u012bt\u012bbas un profesion\u0101l\u0101s izgl\u012bt\u012bbas un m\u0101c\u012bbu gait\u0101 l\u012bdz pat augst\u0101kajai izgl\u012bt\u012bbai un pieaugu\u0161o izgl\u012bt\u012bbai un m\u0101c\u012bb\u0101m, tostarp veicin\u0101t m\u0101c\u012bbu mobilit\u0101ti visiem un atvieglot piek\u013c\u016bstam\u012bbas iesp\u0113jas person\u0101m ar invalidit\u0101ti\u201d\u00a0 projekt\u0101 4.2.3.1. pas\u0101kums \u201cIntegr\u0113ta \u201cskola-kopiena\u201d sadarb\u012bbas programma atstumt\u012bbas riska mazin\u0101\u0161anai izgl\u012bt\u012bbas iest\u0101d\u0113s&#8221;.<\/span><\/p>\n<p>&nbsp;<\/p>\n<p><span style=\"font-family: arial, helvetica, sans-serif; font-size: 12pt;\"><strong>Projekta ietvaros paredz\u0113ts:<\/strong><\/span><\/p>\n<p>&nbsp;<\/p>\n<ol>\n<li><span style=\"font-family: arial, helvetica, sans-serif; font-size: 12pt;\">Piedal\u012bties starpresoru sadarb\u012bbas stiprin\u0101\u0161anas rekomend\u0101ciju aprob\u0113\u0161an\u0101, sadarb\u012bbas \u012bsteno\u0161anas un inform\u0101cijas apmai\u0146as proced\u016bru aprakstu pilnveid\u0113 izgl\u012bt\u012bbas iest\u0101des un pa\u0161vald\u012bbas l\u012bmen\u012b .<\/span><\/li>\n<li><span style=\"font-family: arial, helvetica, sans-serif; font-size: 12pt;\">veicin\u0101t pedagogu, atbalsta person\u0101la, un izgl\u012btojamo mentoriem piedal\u012bties grupu superv\u012bzij\u0101s.<\/span><\/li>\n<li><span style=\"font-family: arial, helvetica, sans-serif; font-size: 12pt;\">piedal\u012bties m\u0113r\u0137sadarb\u012bbas un izgl\u012btojo\u0161os pas\u0101kumos (piem\u0113ram, konferenc\u0113s, domn\u012bc\u0101s),<\/span><\/li>\n<li><span style=\"font-family: arial, helvetica, sans-serif; font-size: 12pt;\">Nodro\u0161in\u0101t &#8211;<br \/>\n<\/span><\/li>\n<\/ol>\n<p><span style=\"font-family: arial, helvetica, sans-serif; font-size: 12pt;\">\u00a0\u00a0\u00a0\u00a0\u00a0\u00a0\u00a0\u00a0\u00a0\u00a0 4.1. individualiz\u0113ta atbalsta snieg\u0161anu m\u0113r\u0137grupas izgl\u012btojamajiem,\u00a0 izstr\u0101d\u0101 un \u012bsteno\u00a0 individu\u0101l\u0101\u00a0 atbalsta pl\u0101nus (turpm\u0101k \u2013 IAP):<\/span><\/p>\n<p><span style=\"font-family: arial, helvetica, sans-serif; font-size: 12pt;\">\u00a0\u00a0\u00a0\u00a0\u00a0\u00a0\u00a0\u00a0\u00a0\u00a0\u00a0\u00a0\u00a0\u00a0\u00a0 4.1.1.speci\u0101listu atbalsts un konsult\u0101cijas izgl\u012btojamajam individu\u0101li vai grup\u0101:<\/span><\/p>\n<p><span style=\"font-family: arial, helvetica, sans-serif; font-size: 12pt;\">\u00a0\u00a0\u00a0\u00a0\u00a0\u00a0\u00a0\u00a0\u00a0\u00a0\u00a0\u00a0\u00a0\u00a0\u00a0\u00a0\u00a0\u00a0\u00a0\u00a0\u00a0\u00a0\u00a0\u00a0\u00a0\u00a0\u00a0\u00a0\u00a0\u00a0 4.1.1.1.pedagoga konsult\u0101cijas m\u0101c\u012bbu priek\u0161metos un atbalsta pas\u0101kumu \u012bsteno\u0161ana izgl\u012btojamiem,<\/span><\/p>\n<p><span style=\"font-family: arial, helvetica, sans-serif; font-size: 12pt;\">\u00a0\u00a0\u00a0\u00a0\u00a0\u00a0 \u00a0 \u00a0 \u00a0 \u00a0 \u00a0 \u00a0 \u00a0 \u00a0 \u00a0 \u00a0 \u00a0 \u00a0\u00a0 4.1.1.2izgl\u012bt\u012bbas psihologa, soci\u0101l\u0101 pedagoga, pedagoga pal\u012bga, speci\u0101l\u0101 pedagoga, pedagoga karjeras konsultanta, bibliotek\u0101ra, skolot\u0101ja logop\u0113da, surdotulka, ergoterapeita atbalsts p\u0113c nepiecie\u0161am\u012bbas m\u0113r\u0137a grupas izgl\u012btojamiem, kuriem ir konstat\u0113ts soci\u0101l\u0101s atstumt\u012bbas vai priek\u0161laic\u012bgas m\u0101c\u012bbu p\u0101rtrauk\u0161anas risks<\/span><\/p>\n<p><span style=\"font-family: arial, helvetica, sans-serif; font-size: 12pt;\">\u00a0\u00a0\u00a0\u00a0\u00a0\u00a0\u00a0\u00a0 4.2.sl\u0113gt l\u012bgumus ar finans\u0113juma sa\u0146\u0113m\u0113ja mentoru programmas apm\u0101c\u012bb\u0101 sagatavotajiem izgl\u012btojamo mentoriem IAP ietvaros izgl\u012btojamiem, kuriem ir konstat\u0113ts soci\u0101l\u0101s atstumt\u012bbas vai priek\u0161laic\u012bgas m\u0101c\u012bbu p\u0101rtrauk\u0161anas risks.<\/span><\/p>\n<p><span style=\"font-family: arial, helvetica, sans-serif; font-size: 12pt;\">\u00a0\u00a0\u00a0\u00a0\u00a0\u00a0\u00a0 4.3.izstr\u0101d\u0101 skolas-kopienas iniciat\u012bvu projektu iesniegumus un \u012bsteno apstiprin\u0101tos iniciat\u012bvu projektus sadarb\u012bb\u0101 ar biedr\u012bb\u0101m un nodibin\u0101jumiem;<\/span><\/p>\n<p><span style=\"font-family: arial, helvetica, sans-serif; font-size: 12pt;\">\u00a0\u00a0\u00a0\u00a0\u00a0\u00a0 4.4.izstr\u0101d\u0101 izgl\u012bt\u012bbas iest\u0101\u017eu partner\u012bbas projektu iesniegumus un \u012bsteno apstiprin\u0101tos partner\u012bbas projektus lai sniegtu atbalstu izgl\u012btojamiem, vec\u0101kiem (person\u0101m, kas realiz\u0113 aizg\u0101d\u012bbu), pedagogiem un izgl\u012bt\u012bbas iest\u0101\u017eu vad\u012bt\u0101jiem p\u0101rej\u0101 uz m\u0101c\u012bb\u0101m latvie\u0161u valod\u0101;<\/span><\/p>\n<p><span style=\"font-family: arial, helvetica, sans-serif; font-size: 12pt;\">\u00a0\u00a0\u00a0\u00a0 4.5.organiz\u0113t m\u0113r\u0137sadarb\u012bbas un izgl\u012btojo\u0161us pas\u0101kumus vec\u0101kiem (person\u0101m, kas realiz\u0113 aizg\u0101d\u012bbu), k\u0101 ar\u012b las\u012btprasmes veicin\u0101\u0161anas pas\u0101kumus un nodro\u0161ina \u0161iem pas\u0101kumiem\u00a0 norises telpas;<\/span><\/p>\n<p><span style=\"font-family: arial, helvetica, sans-serif; font-size: 12pt;\">\u00a0\u00a0\u00a0\u00a0 4.6.iesaist\u012bt m\u0113r\u0137a grupas izgl\u012btojamo (tai skait\u0101 soci\u0101l\u0101s atstumt\u012bbas un priek\u0161laic\u012bgas m\u0101c\u012bbu p\u0101rtrauk\u0161anas riskam pak\u013cautu izgl\u012btojamo) vec\u0101kus (personas, kas realiz\u0113 aizg\u0101d\u012bbu) un izgl\u012bt\u012bbas iest\u0101\u017eu person\u0101lu sadarb\u012bbas partnera \u012bstenotaj\u0101s atbalst\u0101maj\u0101s darb\u012bb\u0101s projekta ietvaros.<\/span><\/p>\n<p>&nbsp;<\/p>\n","protected":false},"excerpt":{"rendered":"<p>&nbsp; &nbsp; Projekta 4.2.3.1. pas\u0101kums \u201cIntegr\u0113ta \u201cskola-kopiena\u201d sadarb\u012bbas programma atstumt\u012bbas riska mazin\u0101\u0161anai izgl\u012bt\u012bbas iest\u0101d\u0113s. &nbsp; &nbsp; Kuld\u012bgas tehnolo\u0123iju un t\u016brisma tehnikums\u00a0 2024.gada septembr\u012b sniedzis gatav\u012bbas apliecin\u0101jumu sl\u0113gt l\u012bgumu ar valsts izgl\u012bt\u012bbas satura centru un piedal\u012bties\u00a0 Eiropas Savien\u012bbas koh\u0113zijas politikas programmas 2021.\u2013 2027. gadam 4.2.3. specifisk\u0101 atbalsta m\u0113r\u0137a \u201cSekm\u0113t to, lai \u2013 jo \u012bpa\u0161i nelabv\u0113l\u012bg\u0101 situ\u0101cij\u0101<a class=\"moretag\" href=\"https:\/\/www.kuldigastehnikums.lv\/index.php\/par-tehnikumu\/projekti\/esf-projekts-4-2-3-1-skola-kopiena\/\"> Vair\u0101k<\/a> [&#8230;]<\/p>\n<p><a class=\"btn btn-secondary understrap-read-more-link\" href=\"https:\/\/www.kuldigastehnikums.lv\/index.php\/par-tehnikumu\/projekti\/esf-projekts-4-2-3-1-skola-kopiena\/\">Vair\u0101k&#8230;<\/a><\/p>\n","protected":false},"author":2,"featured_media":0,"parent":82,"menu_order":0,"comment_status":"closed","ping_status":"closed","template":"page-templates\/about-school-child.php","meta":{"footnotes":""},"class_list":["post-14340","page","type-page","status-publish","hentry"],"_links":{"self":[{"href":"https:\/\/www.kuldigastehnikums.lv\/index.php\/wp-json\/wp\/v2\/pages\/14340","targetHints":{"allow":["GET"]}}],"collection":[{"href":"https:\/\/www.kuldigastehnikums.lv\/index.php\/wp-json\/wp\/v2\/pages"}],"about":[{"href":"https:\/\/www.kuldigastehnikums.lv\/index.php\/wp-json\/wp\/v2\/types\/page"}],"author":[{"embeddable":true,"href":"https:\/\/www.kuldigastehnikums.lv\/index.php\/wp-json\/wp\/v2\/users\/2"}],"replies":[{"embeddable":true,"href":"https:\/\/www.kuldigastehnikums.lv\/index.php\/wp-json\/wp\/v2\/comments?post=14340"}],"version-history":[{"count":5,"href":"https:\/\/www.kuldigastehnikums.lv\/index.php\/wp-json\/wp\/v2\/pages\/14340\/revisions"}],"predecessor-version":[{"id":14359,"href":"https:\/\/www.kuldigastehnikums.lv\/index.php\/wp-json\/wp\/v2\/pages\/14340\/revisions\/14359"}],"up":[{"embeddable":true,"href":"https:\/\/www.kuldigastehnikums.lv\/index.php\/wp-json\/wp\/v2\/pages\/82"}],"wp:attachment":[{"href":"https:\/\/www.kuldigastehnikums.lv\/index.php\/wp-json\/wp\/v2\/media?parent=14340"}],"curies":[{"name":"wp","href":"https:\/\/api.w.org\/{rel}","templated":true}]}}