{"id":14415,"date":"2025-01-24T09:37:52","date_gmt":"2025-01-24T09:37:52","guid":{"rendered":"http:\/\/www.kuldigastehnikums.lv\/?page_id=14415"},"modified":"2026-03-23T08:51:47","modified_gmt":"2026-03-23T08:51:47","slug":"4-2-1-6-pasakums","status":"publish","type":"page","link":"https:\/\/www.kuldigastehnikums.lv\/index.php\/par-tehnikumu\/projekti\/4-2-1-6-pasakums\/","title":{"rendered":"4.2.1.6.projekts"},"content":{"rendered":"<p><img decoding=\"async\" class=\"wp-image-14589 aligncenter\" src=\"http:\/\/www.kuldigastehnikums.lv\/wp-content\/uploads\/2025\/02\/image001-300x120.png\" alt=\"\" width=\"340\" height=\"136\" srcset=\"https:\/\/www.kuldigastehnikums.lv\/wp-content\/uploads\/2025\/02\/image001-300x120.png 300w, https:\/\/www.kuldigastehnikums.lv\/wp-content\/uploads\/2025\/02\/image001.png 327w\" sizes=\"(max-width: 340px) 100vw, 340px\" \/><\/p>\n<p><b><span data-contrast=\"auto\">Projekts Nr. 4.2.1.6\/4\/24\/I\/002 \u201cKuld\u012bgas Tehnolo\u0123iju un t\u016brisma tehnikuma m\u0101c\u012bbu vides moderniz\u0113\u0161ana nozar\u0113m aktu\u0101lo prasmju apguvei (projekta Nr.8.1.3.0\/16\/I\/016 otrais posms)\u201d<\/span><\/b><span data-ccp-props=\"{&quot;335551550&quot;:2,&quot;335551620&quot;:2}\">\u00a0<\/span><\/p>\n<p><em>Publik\u0101cija sagatavota 2026.gada 7.janv\u0101r\u012b.<\/em><\/p>\n<p>Projekta m\u0113r\u0137is ir Izgl\u012bt\u012bbas un zin\u0101tnes ministrijas padot\u012bb\u0101 eso\u0161\u0101s profesion\u0101l\u0101s izgl\u012bt\u012bbas iest\u0101des &#8211; Kuld\u012bgas Tehnolo\u0123iju un t\u016brisma tehnikuma &#8211; m\u0101c\u012bbu vides moderniz\u0113\u0161ana nozar\u0113m aktu\u0101lo prasmju apguvei.<\/p>\n<p>Projekts ir otrais posms projektam Nr.8.1.3.0\/16\/I\/016 \u201cKuld\u012bgas Tehnolo\u0123iju un t\u016brisma tehnikuma moderniz\u0113\u0161ana specifisk\u0101 atbalsta m\u0113r\u0137a 8.1.3. \u201cPalielin\u0101t moderniz\u0113to profesion\u0101l\u0101s izgl\u012bt\u012bbas iest\u0101\u017eu skaitu\u201d ietvaros\u201d, kas tika apstiprin\u0101ts Ministru kabineta 19.04.2016. noteikumu Nr.249 \u201eDarb\u012bbas programmas \u201eIzaugsme un nodarbin\u0101t\u012bba\u201d 8.1.3. specifisk\u0101 atbalsta m\u0113r\u0137a \u201ePalielin\u0101t moderniz\u0113to profesion\u0101l\u0101s izgl\u012bt\u012bbas iest\u0101\u017eu skaitu\u201d \u012bsteno\u0161anas noteikumi\u201d ietvaros.<\/p>\n<p>Projekta \u012bsteno\u0161ana 2025.gada otraj\u0101 pusgad\u0101 turpin\u0101s izgl\u012bt\u012bbas programmu \u201cRestor\u0101nu pakalpojumi\u201d, \u201c\u0112din\u0101\u0161anas pakalpojumi\u201d, \u201cP\u0101rtikas produktu ra\u017eo\u0161anas tehni\u0137is\u201d, &#8220;Kokizstr\u0101d\u0101jumu izgatavo\u0161ana&#8221;, &#8220;Restaur\u0101cija\u201d moderniz\u0113\u0161an\u0101. Sludin\u0101ti iepirkumi, sl\u0113gti pieg\u0101des l\u012bgumi par pl\u0101not\u0101 apr\u012bkojumu ieg\u0101di un m\u0113be\u013cu pieg\u0101di. Par m\u0113bel\u0113m, kuras var ieg\u0101d\u0101ties Elektronisko iepirkumu sist\u0113m\u0101, sagatavoti pas\u016bt\u012bjuma grozi.<\/p>\n<p>Izgl\u012bt\u012bbas programmas \u201cP\u0101rtikas produktu ra\u017eo\u0161anas tehni\u0137is\u201d ietvaros mikrobiolo\u0123ijas laboratorijas un \u0137\u012bmijas kabinetam pieg\u0101d\u0101ts un uzst\u0101d\u012bts velkmes skapis, da\u017e\u0101da veida mikroskopi un digit\u0101lais bakteriolo\u0123iskais inkubators. \u0160is m\u016bsdien\u012bgais apr\u012bkojums b\u016btiski uzlabo praktisko nodarb\u012bbu kvalit\u0101ti, nodro\u0161inot dro\u0161u un profesion\u0101liem standartiem atbilsto\u0161u m\u0101c\u012bbu vidi. Audz\u0113k\u0146iem ir iesp\u0113ja apg\u016bt laboratorijas darbus ar prec\u012bz\u0101m un nozar\u0113 aktu\u0101l\u0101m iek\u0101rt\u0101m, att\u012bstot gan p\u0113tniecisk\u0101s prasmes, gan izpratni par p\u0101rtikas ra\u017eo\u0161anas kvalit\u0101tes un dro\u0161\u012bbas procesiem.<\/p>\n<p>Tehnikums ir sa\u0146\u0113mis un veiksm\u012bgi uzst\u0101d\u012bjis se\u0161as jaunas interakt\u012bv\u0101s t\u0101feles, b\u016btiski uzlabojot m\u0101c\u012bbu vidi un tehnolo\u0123isko nodro\u0161in\u0101jumu. \u0160\u012bs modern\u0101s ier\u012bces sniedz iesp\u0113ju pedagogiem veidot dinamisk\u0101kas un vizu\u0101li saisto\u0161\u0101kas nodarb\u012bbas, savuk\u0101rt audz\u0113k\u0146iem \u2013 akt\u012bv\u0101k iesaist\u012bties m\u0101c\u012bbu proces\u0101. Interakt\u012bv\u0101s t\u0101feles atvieglo digit\u0101lo m\u0101c\u012bbu materi\u0101lu izmanto\u0161anu, veicina sadarb\u012bbu klas\u0113 un pal\u012bdz att\u012bst\u012bt skol\u0113nu digit\u0101l\u0101s prasmes, kas ir b\u016btiskas m\u016bsdienu darba tirg\u016b.<\/p>\n<p>Izgl\u012bt\u012bbas iest\u0101de ir papildin\u0101jis savu materi\u0101ltehnisko b\u0101zi ar jaun\u0101m m\u0113bel\u0113m \u2013 dokumentu skapjiem, divviet\u012bgiem galdiem un mobilajiem atvilkt\u0146u blokiem. Jaunais apr\u012bkojums nodro\u0161ina sak\u0101rtot\u0101ku un ergonomisk\u0101ku m\u0101c\u012bbu vidi, veicinot gan pedagogu, gan audz\u0113k\u0146u ikdienas darba efektivit\u0101ti. Funkcion\u0101lie risin\u0101jumi pal\u012bdz lab\u0101k organiz\u0113t m\u0101c\u012bbu materi\u0101lus, k\u0101 ar\u012b rada \u0113rt\u0101kus un m\u016bsdien\u012bg\u0101kus apst\u0101k\u013cus m\u0101c\u012bbu procesam.<\/p>\n<p>Ar projekta groz\u012bjumiem pagarin\u0101ts projekta \u012bsteno\u0161anas termi\u0146\u0161 l\u012bdz 2026.gada 30 apr\u012blim.<\/p>\n<p>Projekta kop\u0113j\u0101s izmaksas ir 8 610 431,63 euro, tai skait\u0101, attiecin\u0101m\u0101s izmaksas ir 8 360 775,63 euro, no kur\u0101m ERAF finans\u0113jums 6 537 834,79 euro, valsts bud\u017eeta l\u012bdzfinans\u0113jums 1 822 940,84 euro, un neattiecin\u0101m\u0101s izmaksas ir 249 656,00 euro, t.sk.:<\/p>\n<p>projekta Nr. 8.1.3.0\/16\/I\/016 kop\u0113j\u0101s attiecin\u0101m\u0101s izmaksas ir 6 191 385,63 euro, tai skait\u0101, ERAF finans\u0113jums 5 262 677,79 euro, valsts bud\u017eeta l\u012bdzfinans\u0113jums 928 707,84 euro, un neattiecin\u0101m\u0101s izmaksas ir 249 656,00 euro;<\/p>\n<p>projekta Nr. 4.2.1.6\/4\/24\/I\/002 kop\u0113j\u0101s attiecin\u0101m\u0101s izmaksas ir 2 169 390,00 euro, tai skait\u0101, ERAF finans\u0113jums 1 275 157,00 euro, valsts bud\u017eeta l\u012bdzfinans\u0113jums 894 233,00 euro.<\/p>\n<p><img decoding=\"async\" class=\"wp-image-14589 aligncenter\" src=\"http:\/\/www.kuldigastehnikums.lv\/wp-content\/uploads\/2025\/02\/image001-300x120.png\" alt=\"\" width=\"340\" height=\"136\" srcset=\"https:\/\/www.kuldigastehnikums.lv\/wp-content\/uploads\/2025\/02\/image001-300x120.png 300w, https:\/\/www.kuldigastehnikums.lv\/wp-content\/uploads\/2025\/02\/image001.png 327w\" sizes=\"(max-width: 340px) 100vw, 340px\" \/><\/p>\n<p>&nbsp;<\/p>\n<p><em>Public\u0113ts 2025.gada j\u016blij\u0101.\u00a0<\/em><\/p>\n<p><span data-contrast=\"none\">Projekta m\u0113r\u0137is ir Izgl\u012bt\u012bbas un zin\u0101tnes ministrijas padot\u012bb\u0101 eso\u0161\u0101s profesion\u0101l\u0101s izgl\u012bt\u012bbas iest\u0101des &#8211; Kuld\u012bgas Tehnolo\u0123iju un t\u016brisma tehnikuma &#8211; m\u0101c\u012bbu vides moderniz\u0113\u0161ana nozar\u0113m aktu\u0101lo prasmju apguvei.<\/span><span data-ccp-props=\"{&quot;335551550&quot;:6,&quot;335551620&quot;:6}\">\u00a0<\/span><\/p>\n<p><span data-contrast=\"none\">Projekts ir otrais posms projektam\u202f Nr.8.1.3.0\/16\/I\/016\u202f<\/span><i><span data-contrast=\"none\">\u201cKuld\u012bgas Tehnolo\u0123iju un t\u016brisma tehnikuma moderniz\u0113\u0161ana specifisk\u0101 atbalsta m\u0113r\u0137a 8.1.3. \u201cPalielin\u0101t moderniz\u0113to profesion\u0101l\u0101s izgl\u012bt\u012bbas iest\u0101\u017eu skaitu\u201d ietvaros\u201d<\/span><\/i><span data-contrast=\"none\">, kas tika apstiprin\u0101ts Ministru kabineta 19.04.2016. noteikumu Nr.249\u202f<\/span><i><span data-contrast=\"none\">\u201eDarb\u012bbas programmas \u201eIzaugsme un nodarbin\u0101t\u012bba\u201d 8.1.3. specifisk\u0101 atbalsta m\u0113r\u0137a \u201ePalielin\u0101t moderniz\u0113to profesion\u0101l\u0101s izgl\u012bt\u012bbas iest\u0101\u017eu skaitu\u201d \u012bsteno\u0161anas noteikumi\u201d<\/span><\/i><span data-contrast=\"none\">\u202fietvaros.<\/span><span data-ccp-props=\"{&quot;335551550&quot;:6,&quot;335551620&quot;:6}\">\u00a0<\/span><\/p>\n<p><span data-contrast=\"auto\">Projekta \u012bsteno\u0161ana 2025.gada pirmaj\u0101 pusgad\u0101 turpin\u0101s darbietilp\u012bgs process izgl\u012bt\u012bbas programmu \u201cRestor\u0101nu pakalpojumi\u201d, \u201c\u0112din\u0101\u0161anas pakalpojumi\u201d, \u201cP\u0101rtikas produktu ra\u017eo\u0161anas tehni\u0137is\u201d, &#8220;Kokizstr\u0101d\u0101jumu izgatavo\u0161ana&#8221;, &#8220;Restaur\u0101cija\u201d moderniz\u0113\u0161an\u0101. Sludin\u0101ti iepirkumi, sl\u0113gti pieg\u0101des l\u012bgumi par pl\u0101not\u0101 apr\u012bkojumu ieg\u0101di un m\u0113be\u013cu pieg\u0101di. Par m\u0113bel\u0113m, kuras var ieg\u0101d\u0101ties Elektronisko iepirkumu sist\u0113m\u0101, sagatavoti pas\u016bt\u012bjuma grozi.\u00a0<\/span><span data-ccp-props=\"{&quot;335551550&quot;:6,&quot;335551620&quot;:6}\">\u00a0<\/span><\/p>\n<p><span data-contrast=\"auto\">Izgl\u012bt\u012bbas programmu &#8220;Kokizstr\u0101d\u0101jumu izgatavo\u0161ana&#8221; un &#8220;Restaur\u0101cija\u201d ietvaros pieg\u0101d\u0101tas iev\u0113rojamas iek\u0101rtas k\u0101 Apdares darbu kamera un \u0160\u0137\u0113rsz\u0101\u0123\u0113\u0161anas iek\u0101rta. \u012apa\u0161i bija gaid\u012bti instrumenti, k\u0101 kalti, z\u0101\u0123i, l\u0101psti\u0146as, sp\u012bles, na\u017ei, \u0113veles, l\u012bmes uzkl\u0101\u0161anas rull\u012b\u0161i, ar kuriem audz\u0113k\u0146i darbojas ik katru nodarb\u012bb\u0101s. \u0160is pieg\u0101d\u0101tais noz\u012bm\u012bgais apr\u012bkojums cels audz\u0113k\u0146u kvalit\u0101ti ne tikai m\u0101c\u012bbu procesa apg\u016b\u0161an\u0101, bet ar\u012b konkr\u0113t\u0101s nozares ietvaros.<\/span><span data-ccp-props=\"{&quot;335551550&quot;:6,&quot;335551620&quot;:6}\">\u00a0<\/span><\/p>\n<p><span data-contrast=\"auto\">Izgl\u012bt\u012bbas programmu \u201cRestor\u0101nu pakalpojumi\u201d, \u201c\u0112din\u0101\u0161anas pakalpojumi\u201d, \u201cP\u0101rtikas produktu ra\u017eo\u0161anas tehni\u0137is\u201d ietvaros pieg\u0101d\u0101ts t\u0101ds apr\u012bkojums, k\u0101 svari, da\u017e\u0101da veida marm\u012bti, virtuves kombainis, suk\u0101\u017eu iek\u0101rta, sald\u0113jumu ma\u0161\u012bna, kuteris, sald\u0113tavas, bakteric\u012bd\u0101 lampa, u.c., lai audz\u0113k\u0146iem darbojoties m\u0101c\u012bbu virtuve b\u016btu tuvu re\u0101lai darba videi, kur\u0101 audz\u0113knis turpin\u0101s savas darba gaitas p\u0113c attiec\u012bgas profesijas pabeig\u0161anas.<\/span><span data-ccp-props=\"{&quot;335551550&quot;:6,&quot;335551620&quot;:6}\">\u00a0<\/span><\/p>\n<p><span data-contrast=\"auto\">Min\u0113to izgl\u012bt\u012bbas programmu moderniz\u0113\u0161ana, apr\u012bkojot ar nepiecie\u0161amo apr\u012bkojumu, m\u0113bel\u0113m un IKT risin\u0101jumiem, turpin\u0101s l\u012bdz 2025. gada beig\u0101m, kad nosl\u0113dzas projekta \u012bsteno\u0161ana.<\/span><span data-ccp-props=\"{&quot;335551550&quot;:6,&quot;335551620&quot;:6}\">\u00a0<\/span><\/p>\n<p><span data-contrast=\"auto\">Projekta kop\u0113j\u0101s izmaksas ir 8 610 431,63 euro, tai skait\u0101, attiecin\u0101m\u0101s izmaksas ir 8 360 775,63 euro, no kur\u0101m ERAF finans\u0113jums 6 537 834,79 euro, valsts bud\u017eeta l\u012bdzfinans\u0113jums 1 822 940,84 euro, un neattiecin\u0101m\u0101s izmaksas ir 249 656,00 euro, t.sk.:<\/span><span data-ccp-props=\"{&quot;335551550&quot;:6,&quot;335551620&quot;:6}\">\u00a0<\/span><\/p>\n<p><span data-ccp-props=\"{&quot;335551550&quot;:6,&quot;335551620&quot;:6}\">\u00a0<\/span><span data-contrast=\"auto\">projekta Nr. 8.1.3.0\/16\/I\/016 kop\u0113j\u0101s attiecin\u0101m\u0101s izmaksas ir 6 191 385,63 euro, tai skait\u0101, ERAF finans\u0113jums 5 262 677,79 euro, valsts bud\u017eeta l\u012bdzfinans\u0113jums 928 707,84 euro, un neattiecin\u0101m\u0101s izmaksas ir 249 656,00 euro;<\/span><span data-ccp-props=\"{&quot;335551550&quot;:6,&quot;335551620&quot;:6}\">\u00a0<\/span><\/p>\n<p><span data-contrast=\"auto\">projekta Nr. 4.2.1.6\/4\/24\/I\/002 kop\u0113j\u0101s attiecin\u0101m\u0101s izmaksas ir 2 169 390,00 euro, tai skait\u0101, ERAF finans\u0113jums 1 275 157,00 euro, valsts bud\u017eeta l\u012bdzfinans\u0113jums 894 233,00 euro.<\/span><span data-ccp-props=\"{&quot;335551550&quot;:6,&quot;335551620&quot;:6}\">\u00a0<\/span><\/p>\n<p><img decoding=\"async\" class=\"wp-image-14589 aligncenter\" src=\"http:\/\/www.kuldigastehnikums.lv\/wp-content\/uploads\/2025\/02\/image001-300x120.png\" alt=\"\" width=\"340\" height=\"136\" srcset=\"https:\/\/www.kuldigastehnikums.lv\/wp-content\/uploads\/2025\/02\/image001-300x120.png 300w, https:\/\/www.kuldigastehnikums.lv\/wp-content\/uploads\/2025\/02\/image001.png 327w\" sizes=\"(max-width: 340px) 100vw, 340px\" \/><\/p>\n<p>&nbsp;<\/p>\n<p>Kuld\u012bgas Tehnolo\u0123iju un t\u016brisma tehnikums un Centr\u0101l\u0101 finan\u0161u un l\u012bgumu a\u0123ent\u016bra 2024.gada 6.decembr\u012b nosl\u0113dza Vieno\u0161an\u0101s par Eiropas Savien\u012bbas fonda projektu \u012bsteno\u0161anu Nr. 4.2.1.6\/4\/24\/I\/002 \u201cKuld\u012bgas Tehnolo\u0123iju un t\u016brisma tehnikuma m\u0101c\u012bbu vides moderniz\u0113\u0161ana nozar\u0113m aktu\u0101lo prasmju apguvei&#8221;.<\/p>\n<p>Projekta m\u0113r\u0137is ir Izgl\u012bt\u012bbas un zin\u0101tnes ministrijas padot\u012bb\u0101 eso\u0161\u0101s profesion\u0101l\u0101s izgl\u012bt\u012bbas iest\u0101des &#8211; Kuld\u012bgas Tehnolo\u0123iju un t\u016brisma tehnikuma &#8211; m\u0101c\u012bbu vides moderniz\u0113\u0161ana nozar\u0113m aktu\u0101lo prasmju apguvei.<\/p>\n<p>Projekts tiek \u012bstenots atbilsto\u0161i MK noteikumiem Nr.388 \u201cEiropas Savien\u012bbas koh\u0113zijas politikas programmas 2021.\u20132027. gadam 4.2.1. specifisk\u0101 atbalsta m\u0113r\u0137a &#8220;Uzlabot vienl\u012bdz\u012bgu piek\u013cuvi iek\u013caujo\u0161iem un kvalitat\u012bviem pakalpojumiem izgl\u012bt\u012bbas, m\u0101c\u012bbu un m\u016b\u017eizgl\u012bt\u012bbas jom\u0101, att\u012bstot pieejamu infrastrukt\u016bru, tostarp veicinot notur\u012bbu izgl\u012bto\u0161an\u0101 un m\u0101c\u012bb\u0101s att\u0101lin\u0101t\u0101 un tie\u0161saistes re\u017e\u012bm\u0101&#8221; 4.2.1.6. pas\u0101kuma &#8220;Profesion\u0101l\u0101s izgl\u012bt\u012bbas iest\u0101\u017eu un koled\u017eu m\u0101c\u012bbu vide nozar\u0113m aktu\u0101lo prasmju apguvei&#8221; pirm\u0101s, otr\u0101s, tre\u0161\u0101s un ceturt\u0101s projektu iesniegumu atlases k\u0101rtas \u012bsteno\u0161anas noteikumi.<\/p>\n<p>Projekta finans\u0113juma sa\u0146\u0113m\u0113js ir Kuld\u012bgas Tehnolo\u0123iju un t\u016brisma tehnikums, sadarb\u012bbas partneris \u00a0\u2013 Valsts izgl\u012bt\u012bbas att\u012bst\u012bbas a\u0123ent\u016bra.<\/p>\n<p>Projekta ietvaros pl\u0101not\u0101s darb\u012bbas ir tie\u0161i v\u0113rstas uz projekta m\u0113r\u0137a izpildi, uzlabojot Kuld\u012bgas Tehnolo\u0123iju un t\u016brisma tehnikuma infrastrukt\u016bru. Projekta ietvaros tiks \u012bstenotas \u0161\u0101das darb\u012bbas un sasniegti \u0161\u0101di rezult\u0101ti:<\/p>\n<ul>\n<li>tautsaimniec\u012bbas nozar\u0113m aktu\u0101lo prasmju apguvei nepiecie\u0161am\u0101 m\u0101c\u012bbu apr\u012bkojuma un iek\u0101rtu ieg\u0101de \u2013 moderniz\u0113tas 5 izgl\u012bt\u012bbas programmas;<\/li>\n<li>IKT risin\u0101jumu ievie\u0161ana m\u0101c\u012bbu satura un procesa digitaliz\u0101cijai, IKT pieejam\u012bbas un kapacit\u0101tes nodro\u0161in\u0101\u0161anai \u2013 ieg\u0101d\u0101ts apr\u012bkojums;<\/li>\n<li>profesion\u0101l\u0101s izgl\u012bt\u012bbas iest\u0101\u017eu infrastrukt\u016bras, m\u0101c\u012bbu un koplieto\u0161anas vides uzlabo\u0161ana, tai skait\u0101, vides un inform\u0101cijas piek\u013c\u016bstam\u012bbas nodro\u0161in\u0101\u0161ana\u202f- veikti p\u0101rb\u016bves darbi 1 b\u016bvobjekt\u0101;<\/li>\n<li>komunik\u0101cijas un vizu\u0101l\u0101s identit\u0101tes pras\u012bbu nodro\u0161in\u0101\u0161anas pas\u0101kumi\u202f- nodro\u0161in\u0101tas komunik\u0101cijas un vizu\u0101l\u0101s identit\u0101tes pras\u012bbas;<\/li>\n<li>projekta vad\u012bbas un \u012bsteno\u0161anas nodro\u0161in\u0101\u0161ana \u202f- sadarb\u012bbas partneris nodro\u0161ina projekta vad\u012b<\/li>\n<\/ul>\n<p>Projekta kop\u0113jais attiecin\u0101mais finans\u0113jums ir 2 169 390 euro, tai skait\u0101, 58,78 % Eiropas Re\u0123ion\u0101l\u0101s att\u012bst\u012bbas fonda finans\u0113jums \u00a01 275 157 euro \u00a0apm\u0113r\u0101 un 41,22 % valsts bud\u017eeta l\u012bdzfinans\u0113jums 894 233 euro apm\u0113r\u0101 (tai skait\u0101, valsts bud\u017eeta finans\u0113jums, kas p\u0101rsniedz\u202fpas\u0101kumam pieejamo Eiropas Re\u0123ion\u0101l\u0101s att\u012bst\u012bbas fonda finans\u0113jumu \u00a0568 824\u202feuro\u202fapm\u0113r\u0101).<\/p>\n<p>Projekta \u012bsteno\u0161anas laiks \u2013 no 2024.gada 1.janv\u0101ra l\u012bdz 2025.gada 30.novembrim.<\/p>\n","protected":false},"excerpt":{"rendered":"<p>Projekts Nr. 4.2.1.6\/4\/24\/I\/002 \u201cKuld\u012bgas Tehnolo\u0123iju un t\u016brisma tehnikuma m\u0101c\u012bbu vides moderniz\u0113\u0161ana nozar\u0113m aktu\u0101lo prasmju apguvei (projekta Nr.8.1.3.0\/16\/I\/016 otrais posms)\u201d\u00a0 Publik\u0101cija sagatavota 2026.gada 7.janv\u0101r\u012b. Projekta m\u0113r\u0137is ir Izgl\u012bt\u012bbas un zin\u0101tnes ministrijas padot\u012bb\u0101 eso\u0161\u0101s profesion\u0101l\u0101s izgl\u012bt\u012bbas iest\u0101des &#8211; Kuld\u012bgas Tehnolo\u0123iju un t\u016brisma tehnikuma &#8211; m\u0101c\u012bbu vides moderniz\u0113\u0161ana nozar\u0113m aktu\u0101lo prasmju apguvei. Projekts ir otrais posms projektam Nr.8.1.3.0\/16\/I\/016<a class=\"moretag\" href=\"https:\/\/www.kuldigastehnikums.lv\/index.php\/par-tehnikumu\/projekti\/4-2-1-6-pasakums\/\"> Vair\u0101k<\/a> [&#8230;]<\/p>\n<p><a class=\"btn btn-secondary understrap-read-more-link\" href=\"https:\/\/www.kuldigastehnikums.lv\/index.php\/par-tehnikumu\/projekti\/4-2-1-6-pasakums\/\">Vair\u0101k&#8230;<\/a><\/p>\n","protected":false},"author":2,"featured_media":0,"parent":82,"menu_order":0,"comment_status":"closed","ping_status":"closed","template":"page-templates\/about-school-child.php","meta":{"footnotes":""},"class_list":["post-14415","page","type-page","status-publish","hentry"],"_links":{"self":[{"href":"https:\/\/www.kuldigastehnikums.lv\/index.php\/wp-json\/wp\/v2\/pages\/14415","targetHints":{"allow":["GET"]}}],"collection":[{"href":"https:\/\/www.kuldigastehnikums.lv\/index.php\/wp-json\/wp\/v2\/pages"}],"about":[{"href":"https:\/\/www.kuldigastehnikums.lv\/index.php\/wp-json\/wp\/v2\/types\/page"}],"author":[{"embeddable":true,"href":"https:\/\/www.kuldigastehnikums.lv\/index.php\/wp-json\/wp\/v2\/users\/2"}],"replies":[{"embeddable":true,"href":"https:\/\/www.kuldigastehnikums.lv\/index.php\/wp-json\/wp\/v2\/comments?post=14415"}],"version-history":[{"count":6,"href":"https:\/\/www.kuldigastehnikums.lv\/index.php\/wp-json\/wp\/v2\/pages\/14415\/revisions"}],"predecessor-version":[{"id":15491,"href":"https:\/\/www.kuldigastehnikums.lv\/index.php\/wp-json\/wp\/v2\/pages\/14415\/revisions\/15491"}],"up":[{"embeddable":true,"href":"https:\/\/www.kuldigastehnikums.lv\/index.php\/wp-json\/wp\/v2\/pages\/82"}],"wp:attachment":[{"href":"https:\/\/www.kuldigastehnikums.lv\/index.php\/wp-json\/wp\/v2\/media?parent=14415"}],"curies":[{"name":"wp","href":"https:\/\/api.w.org\/{rel}","templated":true}]}}