{"id":14875,"date":"2025-04-06T20:24:31","date_gmt":"2025-04-06T20:24:31","guid":{"rendered":"https:\/\/www.kuldigastehnikums.lv\/?page_id=14875"},"modified":"2025-09-16T14:06:47","modified_gmt":"2025-09-16T14:06:47","slug":"pieauguso-izglitibas-projekti","status":"publish","type":"page","link":"https:\/\/www.kuldigastehnikums.lv\/index.php\/muzizglitiba\/pieauguso-izglitibas-projekti\/","title":{"rendered":"Pieaugu\u0161o izgl\u012bt\u012bbas projekti"},"content":{"rendered":"<table style=\"border-collapse: collapse; width: 100%;\">\n<tbody>\n<tr>\n<td style=\"width: 50%;\">\n<h1><a href=\"https:\/\/www.kuldigastehnikums.lv\/index.php\/muzizglitiba\/pieauguso-izglitibas-projekti\/stars\/\">STARS<\/a><\/h1>\n<\/td>\n<td style=\"width: 50%;\">\n<h1><a href=\"https:\/\/www.kuldigastehnikums.lv\/index.php\/muzizglitiba\/pieauguso-izglitibas-projekti\/projekts-nr-4-2-2-3-1-24-i-001\/\">Projekts Nr. 4.2.2.3\/1\/24\/I\/001<\/a><\/h1>\n<\/td>\n<\/tr>\n<\/tbody>\n<\/table>\n","protected":false},"excerpt":{"rendered":"<p>STARS Projekts Nr. 4.2.2.3\/1\/24\/I\/001 [&#8230;]<\/p>\n<p><a class=\"btn btn-secondary understrap-read-more-link\" href=\"https:\/\/www.kuldigastehnikums.lv\/index.php\/muzizglitiba\/pieauguso-izglitibas-projekti\/\">Vair\u0101k&#8230;<\/a><\/p>\n","protected":false},"author":2,"featured_media":0,"parent":3091,"menu_order":0,"comment_status":"closed","ping_status":"closed","template":"page-templates\/fullwidthpage.php","meta":{"footnotes":""},"class_list":["post-14875","page","type-page","status-publish","hentry"],"_links":{"self":[{"href":"https:\/\/www.kuldigastehnikums.lv\/index.php\/wp-json\/wp\/v2\/pages\/14875","targetHints":{"allow":["GET"]}}],"collection":[{"href":"https:\/\/www.kuldigastehnikums.lv\/index.php\/wp-json\/wp\/v2\/pages"}],"about":[{"href":"https:\/\/www.kuldigastehnikums.lv\/index.php\/wp-json\/wp\/v2\/types\/page"}],"author":[{"embeddable":true,"href":"https:\/\/www.kuldigastehnikums.lv\/index.php\/wp-json\/wp\/v2\/users\/2"}],"replies":[{"embeddable":true,"href":"https:\/\/www.kuldigastehnikums.lv\/index.php\/wp-json\/wp\/v2\/comments?post=14875"}],"version-history":[{"count":7,"href":"https:\/\/www.kuldigastehnikums.lv\/index.php\/wp-json\/wp\/v2\/pages\/14875\/revisions"}],"predecessor-version":[{"id":15128,"href":"https:\/\/www.kuldigastehnikums.lv\/index.php\/wp-json\/wp\/v2\/pages\/14875\/revisions\/15128"}],"up":[{"embeddable":true,"href":"https:\/\/www.kuldigastehnikums.lv\/index.php\/wp-json\/wp\/v2\/pages\/3091"}],"wp:attachment":[{"href":"https:\/\/www.kuldigastehnikums.lv\/index.php\/wp-json\/wp\/v2\/media?parent=14875"}],"curies":[{"name":"wp","href":"https:\/\/api.w.org\/{rel}","templated":true}]}}