{"id":15119,"date":"2025-09-16T13:57:31","date_gmt":"2025-09-16T13:57:31","guid":{"rendered":"https:\/\/www.kuldigastehnikums.lv\/?page_id=15119"},"modified":"2025-09-16T13:57:31","modified_gmt":"2025-09-16T13:57:31","slug":"stars","status":"publish","type":"page","link":"https:\/\/www.kuldigastehnikums.lv\/index.php\/muzizglitiba\/pieauguso-izglitibas-projekti\/stars\/","title":{"rendered":"STARS"},"content":{"rendered":"<h1 class=\"text-primary text-4xl md:text-6xl font-medium m-0 text dark:text-white prose dark:prose-invert\">Atbalsts virz\u012bb\u0101 uz profesion\u0101lo izaugsmi<\/h1>\n<p>&nbsp;<\/p>\n<p>Iepaz\u012bsties ar pieaugu\u0161o izgl\u012bt\u012bbas iesp\u0113j\u0101m\u00a0 &#8211; <a href=\"https:\/\/stars.gov.lv\/\">https:\/\/stars.gov.lv\/<\/a><\/p>\n<p>Kuld\u012bgas Tehnolo\u0123iju un t\u016brisma tehnikums Eiropas Soci\u0101l\u0101 fonda Plus projekta Nr. 4.2.4.2\/1\/24\/1\/001 \u201cAtbalsts pieaugu\u0161o individu\u0101laj\u0101s vajadz\u012bb\u0101s balst\u012btai pieaugu\u0161o izgl\u012bt\u012bbai \u201d ietvaros nodarbin\u0101t\u0101m person\u0101m pied\u0101v\u0101 iesp\u0113ju apg\u016bt modu\u013cus &#8211;<br class=\"html-br\" \/>&#8211; Maizes un miltu produktu ra\u017eo\u0161ana;<br class=\"html-br\" \/>&#8211; Piena un piena produktu ra\u017eo\u0161ana;<br class=\"html-br\" \/>&#8211; Automobi\u013cu elektroiek\u0101rtu un vad\u012bbu sist\u0113mu remonts.<br class=\"html-br\" \/>Pieteik\u0161an\u0101s www.stars.gov.lv<br class=\"html-br\" \/>Kontaktinform\u0101cija &#8211; L\u012bga Muceniece, +37125601738, liga.muceniece@kuldigastehnikums.lv<\/p>\n<div id='gallery-1' class='gallery galleryid-15119 gallery-columns-3 gallery-size-thumbnail'><figure class='gallery-item'>\n\t\t\t<div class='gallery-icon landscape'>\n\t\t\t\t<a href='https:\/\/www.kuldigastehnikums.lv\/slaids2\/'><img decoding=\"async\" width=\"150\" height=\"150\" src=\"https:\/\/www.kuldigastehnikums.lv\/wp-content\/uploads\/2025\/08\/Slaids2-150x150.jpg\" class=\"attachment-thumbnail size-thumbnail\" alt=\"\" \/><\/a>\n\t\t\t<\/div><\/figure>\n\t\t<\/div>\n\n<p>&nbsp;<\/p>\n","protected":false},"excerpt":{"rendered":"<p>Atbalsts virz\u012bb\u0101 uz profesion\u0101lo izaugsmi &nbsp; Iepaz\u012bsties ar pieaugu\u0161o izgl\u012bt\u012bbas iesp\u0113j\u0101m\u00a0 &#8211; https:\/\/stars.gov.lv\/ Kuld\u012bgas Tehnolo\u0123iju un t\u016brisma tehnikums Eiropas Soci\u0101l\u0101 fonda Plus projekta Nr. 4.2.4.2\/1\/24\/1\/001 \u201cAtbalsts pieaugu\u0161o individu\u0101laj\u0101s vajadz\u012bb\u0101s balst\u012btai pieaugu\u0161o izgl\u012bt\u012bbai \u201d ietvaros nodarbin\u0101t\u0101m person\u0101m pied\u0101v\u0101 iesp\u0113ju apg\u016bt modu\u013cus &#8211;&#8211; Maizes un miltu produktu ra\u017eo\u0161ana;&#8211; Piena un piena produktu ra\u017eo\u0161ana;&#8211; Automobi\u013cu elektroiek\u0101rtu un vad\u012bbu<a class=\"moretag\" href=\"https:\/\/www.kuldigastehnikums.lv\/index.php\/muzizglitiba\/pieauguso-izglitibas-projekti\/stars\/\"> Vair\u0101k<\/a> [&#8230;]<\/p>\n<p><a class=\"btn btn-secondary understrap-read-more-link\" href=\"https:\/\/www.kuldigastehnikums.lv\/index.php\/muzizglitiba\/pieauguso-izglitibas-projekti\/stars\/\">Vair\u0101k&#8230;<\/a><\/p>\n","protected":false},"author":2,"featured_media":0,"parent":14875,"menu_order":0,"comment_status":"closed","ping_status":"closed","template":"page-templates\/fullgrid.php","meta":{"footnotes":""},"class_list":["post-15119","page","type-page","status-publish","hentry"],"_links":{"self":[{"href":"https:\/\/www.kuldigastehnikums.lv\/index.php\/wp-json\/wp\/v2\/pages\/15119","targetHints":{"allow":["GET"]}}],"collection":[{"href":"https:\/\/www.kuldigastehnikums.lv\/index.php\/wp-json\/wp\/v2\/pages"}],"about":[{"href":"https:\/\/www.kuldigastehnikums.lv\/index.php\/wp-json\/wp\/v2\/types\/page"}],"author":[{"embeddable":true,"href":"https:\/\/www.kuldigastehnikums.lv\/index.php\/wp-json\/wp\/v2\/users\/2"}],"replies":[{"embeddable":true,"href":"https:\/\/www.kuldigastehnikums.lv\/index.php\/wp-json\/wp\/v2\/comments?post=15119"}],"version-history":[{"count":1,"href":"https:\/\/www.kuldigastehnikums.lv\/index.php\/wp-json\/wp\/v2\/pages\/15119\/revisions"}],"predecessor-version":[{"id":15120,"href":"https:\/\/www.kuldigastehnikums.lv\/index.php\/wp-json\/wp\/v2\/pages\/15119\/revisions\/15120"}],"up":[{"embeddable":true,"href":"https:\/\/www.kuldigastehnikums.lv\/index.php\/wp-json\/wp\/v2\/pages\/14875"}],"wp:attachment":[{"href":"https:\/\/www.kuldigastehnikums.lv\/index.php\/wp-json\/wp\/v2\/media?parent=15119"}],"curies":[{"name":"wp","href":"https:\/\/api.w.org\/{rel}","templated":true}]}}