{"id":15121,"date":"2025-09-16T14:01:23","date_gmt":"2025-09-16T14:01:23","guid":{"rendered":"https:\/\/www.kuldigastehnikums.lv\/?page_id=15121"},"modified":"2025-10-21T11:48:28","modified_gmt":"2025-10-21T11:48:28","slug":"projekts-nr-4-2-2-3-1-24-i-001","status":"publish","type":"page","link":"https:\/\/www.kuldigastehnikums.lv\/index.php\/muzizglitiba\/pieauguso-izglitibas-projekti\/projekts-nr-4-2-2-3-1-24-i-001\/","title":{"rendered":"Projekts Nr. 4.2.2.3\/1\/24\/I\/001"},"content":{"rendered":"<p>Projekts Nr. 4.2.2.3\/1\/24\/I\/001 \u201cPedagogu profesion\u0101l\u0101 atbalsta sist\u0113mas izveide\u201d<\/p>\n<p><img decoding=\"async\" class=\"alignnone size-medium wp-image-15122\" src=\"http:\/\/www.kuldigastehnikums.lv\/wp-content\/uploads\/2025\/09\/logo-300x111.png\" alt=\"\" width=\"300\" height=\"111\" srcset=\"https:\/\/www.kuldigastehnikums.lv\/wp-content\/uploads\/2025\/09\/logo-300x111.png 300w, https:\/\/www.kuldigastehnikums.lv\/wp-content\/uploads\/2025\/09\/logo-600x220.png 600w, https:\/\/www.kuldigastehnikums.lv\/wp-content\/uploads\/2025\/09\/logo.png 759w\" sizes=\"(max-width: 300px) 100vw, 300px\" \/><\/p>\n<p>Kuld\u012bgas Tehnolo\u0123iju un t\u016brisma tehnikums 9. un 10.oktobr\u012b aicina profesion\u0101l\u0101s izgl\u012bt\u012bbas t\u016brisma un viesm\u012bl\u012bbas jomas pedagogus uz profesion\u0101l\u0101s kompetences pilnveides semin\u0101ru T\u016brisma nozares B modu\u013cu <strong>\u201cKlientu m\u0113r\u0137grupu anal\u012bze\u201d<\/strong> un<strong> \u201cT\u016brisma un viesm\u012bl\u012bbas pakalpojumu un papildpakalpojumu p\u0101rdo\u0161ana\u201d <\/strong>praktisk\u0101 \u012bsteno\u0161ana m\u0101c\u012bbu stund\u0101s<\/p>\n<p>Darba k\u0101rt\u012bba: <a href=\"http:\/\/www.kuldigastehnikums.lv\/wp-content\/uploads\/2025\/09\/1_pielikums_-Darba-kartiba.docx\">1_pielikums_ Darba k\u0101rt\u012bba<\/a><\/p>\n<p><strong>T\u016brisma jomas pedagogu semin\u0101rs<\/strong><\/p>\n<p>9. un 10. oktobr\u012b aizvad\u012bta p<strong>edagogu profesion\u0101l\u0101s kompetences pilnveides programma <\/strong><strong>&#8220;<\/strong>T\u016brisma nozares B modu\u013cu <strong>\u201cKlientu m\u0113r\u0137grupu anal\u012bze\u201d<\/strong> un<strong> \u201cT\u016brisma un viesm\u012bl\u012bbas pakalpojumu un papildpakalpojumu p\u0101rdo\u0161ana\u201d <\/strong>praktisk\u0101 \u012bsteno\u0161ana m\u0101c\u012bbu stund\u0101s<strong>&#8221; <\/strong>18 stundu apjom\u0101. Programma realiz\u0113ta projekta Nr. 4.2.2.3\/1\/24\/I\/001 \u201cPedagogu profesion\u0101l\u0101 atbalsta sist\u0113mas izveide\u201d ietvaros.<\/p>\n<p>Semin\u0101r\u0101 piedal\u012bj\u0101s 15 pedagogi no <em>\u00a0<\/em>R\u012bgas T\u016brisma un rado\u0161\u0101s industrijas tehnikuma, Daugavpils Tehnolo\u0123iju un t\u016brisma tehnikuma, Liep\u0101jas Valsts tehnikuma, Ventspils tehnikuma, Dobeles Amatniec\u012bbas un visp\u0101rizgl\u012btojo\u0161\u0101 vidusskolas, Saldus tehnikuma, Kuld\u012bgas Tehnolo\u0123iju un t\u016brisma tehnikuma, R\u0113zeknes tehnikuma.<\/p>\n<p>Semin\u0101ra programm\u0101 bija iepaz\u012bstin\u0101\u0161ana ar modu\u013ca \u201cKlientu m\u0113r\u0137grupu anal\u012bze\u201d e kursa materi\u0101la saturu un pielieto\u0161anu m\u0101c\u012bbu proces\u0101, Kabiles mui\u017eas st\u0101sts \u2013 k\u0101 piesaist\u012bt klientus un apmierin\u0101t vi\u0146u v\u0113lmes, Ozolu biotops \u2013 dabas t\u016brisms un t\u0101 m\u0113r\u0137grupas, praktisk\u0101 darbn\u012bca ar digit\u0101laj\u0101m kart\u0113m Kuld\u012bg\u0101, Kuld\u012bgas v\u0113sturiskie d\u0101rzi k\u0101 jauns klientu m\u0113r\u0137grupu piesaistes veids Kuld\u012bg\u0101 un T\u016brisma dizaina darbn\u012bca.<\/p>\n<p>P\u0113c semin\u0101ra dal\u012bbnieki sa\u0146\u0113ma apliec\u012bbas par 18 profesion\u0101l\u0101s pilnveides stund\u0101m.<\/p>\n<p>Paldies dal\u012bbniekiem un lektoriem par satur\u012bgo un izzino\u0161o semin\u0101ru.<\/p>\n<div id='gallery-1' class='gallery galleryid-15121 gallery-columns-3 gallery-size-thumbnail'><figure class='gallery-item'>\n\t\t\t<div class='gallery-icon portrait'>\n\t\t\t\t<a href='https:\/\/www.kuldigastehnikums.lv\/index.php\/muzizglitiba\/pieauguso-izglitibas-projekti\/projekts-nr-4-2-2-3-1-24-i-001\/seminars7-2\/'><img decoding=\"async\" width=\"150\" height=\"150\" src=\"https:\/\/www.kuldigastehnikums.lv\/wp-content\/uploads\/2025\/10\/seminars7-150x150.jpg\" class=\"attachment-thumbnail size-thumbnail\" alt=\"\" \/><\/a>\n\t\t\t<\/div><\/figure><figure class='gallery-item'>\n\t\t\t<div class='gallery-icon portrait'>\n\t\t\t\t<a href='https:\/\/www.kuldigastehnikums.lv\/index.php\/muzizglitiba\/pieauguso-izglitibas-projekti\/projekts-nr-4-2-2-3-1-24-i-001\/semianrs6\/'><img decoding=\"async\" width=\"150\" height=\"150\" src=\"https:\/\/www.kuldigastehnikums.lv\/wp-content\/uploads\/2025\/10\/semianrs6-150x150.jpg\" class=\"attachment-thumbnail size-thumbnail\" alt=\"\" \/><\/a>\n\t\t\t<\/div><\/figure><figure class='gallery-item'>\n\t\t\t<div class='gallery-icon portrait'>\n\t\t\t\t<a href='https:\/\/www.kuldigastehnikums.lv\/index.php\/muzizglitiba\/pieauguso-izglitibas-projekti\/projekts-nr-4-2-2-3-1-24-i-001\/semianrs5\/'><img loading=\"lazy\" decoding=\"async\" width=\"150\" height=\"150\" src=\"https:\/\/www.kuldigastehnikums.lv\/wp-content\/uploads\/2025\/10\/semianrs5-150x150.jpg\" class=\"attachment-thumbnail size-thumbnail\" alt=\"\" \/><\/a>\n\t\t\t<\/div><\/figure><figure class='gallery-item'>\n\t\t\t<div class='gallery-icon portrait'>\n\t\t\t\t<a href='https:\/\/www.kuldigastehnikums.lv\/index.php\/muzizglitiba\/pieauguso-izglitibas-projekti\/projekts-nr-4-2-2-3-1-24-i-001\/seminars4-2\/'><img loading=\"lazy\" decoding=\"async\" width=\"150\" height=\"150\" src=\"https:\/\/www.kuldigastehnikums.lv\/wp-content\/uploads\/2025\/10\/seminars4-150x150.jpg\" class=\"attachment-thumbnail size-thumbnail\" alt=\"\" \/><\/a>\n\t\t\t<\/div><\/figure><figure class='gallery-item'>\n\t\t\t<div class='gallery-icon portrait'>\n\t\t\t\t<a href='https:\/\/www.kuldigastehnikums.lv\/index.php\/muzizglitiba\/pieauguso-izglitibas-projekti\/projekts-nr-4-2-2-3-1-24-i-001\/seminars3-2\/'><img loading=\"lazy\" decoding=\"async\" width=\"150\" height=\"150\" src=\"https:\/\/www.kuldigastehnikums.lv\/wp-content\/uploads\/2025\/10\/seminars3-150x150.jpg\" class=\"attachment-thumbnail size-thumbnail\" alt=\"\" \/><\/a>\n\t\t\t<\/div><\/figure><figure class='gallery-item'>\n\t\t\t<div class='gallery-icon landscape'>\n\t\t\t\t<a href='https:\/\/www.kuldigastehnikums.lv\/index.php\/muzizglitiba\/pieauguso-izglitibas-projekti\/projekts-nr-4-2-2-3-1-24-i-001\/seminars2-2\/'><img loading=\"lazy\" decoding=\"async\" width=\"150\" height=\"150\" src=\"https:\/\/www.kuldigastehnikums.lv\/wp-content\/uploads\/2025\/10\/seminars2-150x150.jpg\" class=\"attachment-thumbnail size-thumbnail\" alt=\"\" \/><\/a>\n\t\t\t<\/div><\/figure><figure class='gallery-item'>\n\t\t\t<div class='gallery-icon portrait'>\n\t\t\t\t<a href='https:\/\/www.kuldigastehnikums.lv\/index.php\/muzizglitiba\/pieauguso-izglitibas-projekti\/projekts-nr-4-2-2-3-1-24-i-001\/seminars-3\/'><img loading=\"lazy\" decoding=\"async\" width=\"150\" height=\"150\" src=\"https:\/\/www.kuldigastehnikums.lv\/wp-content\/uploads\/2025\/10\/seminars-150x150.jpg\" class=\"attachment-thumbnail size-thumbnail\" alt=\"\" \/><\/a>\n\t\t\t<\/div><\/figure>\n\t\t<\/div>\n\n<h4>Gaid\u0101ms semin\u0101rs par aktualit\u0101t\u0113m<\/h4>\n<p>Kuld\u012bgas Tehnolo\u0123iju un t\u016brisma tehnikums 12.novembr\u012b aicina profesion\u0101l\u0101s izgl\u012bt\u012bbas \u0113din\u0101\u0161anas jomas pedagogus uz pedagogu profesion\u0101l\u0101s kompetences pilnveides programmu semin\u0101ru par aktualit\u0101t\u0113m <strong>&#8220;<\/strong>T\u016brisma nozares A modu\u013ca <strong>\u201cPa\u0161kontroles sist\u0113ma \u0113din\u0101\u0161anas uz\u0146\u0113mum\u0101\u201d<\/strong> \u012bsteno\u0161ana un aktualit\u0101tes m\u0101c\u012bbu stund\u0101s <strong>&#8221;\u00a0 <\/strong>6 stundu apjom\u0101. Semin\u0101rs notiks att\u0101lin\u0101ti.<\/p>\n<p>Darba k\u0101rt\u012bba: <a href=\"http:\/\/www.kuldigastehnikums.lv\/wp-content\/uploads\/2025\/10\/1_pielikums_-Darba-kartiba.docx\">1_pielikums_ Darba k\u0101rt\u012bba<\/a><\/p>\n","protected":false},"excerpt":{"rendered":"<p>Projekts Nr. 4.2.2.3\/1\/24\/I\/001 \u201cPedagogu profesion\u0101l\u0101 atbalsta sist\u0113mas izveide\u201d Kuld\u012bgas Tehnolo\u0123iju un t\u016brisma tehnikums 9. un 10.oktobr\u012b aicina profesion\u0101l\u0101s izgl\u012bt\u012bbas t\u016brisma un viesm\u012bl\u012bbas jomas pedagogus uz profesion\u0101l\u0101s kompetences pilnveides semin\u0101ru T\u016brisma nozares B modu\u013cu \u201cKlientu m\u0113r\u0137grupu anal\u012bze\u201d un \u201cT\u016brisma un viesm\u012bl\u012bbas pakalpojumu un papildpakalpojumu p\u0101rdo\u0161ana\u201d praktisk\u0101 \u012bsteno\u0161ana m\u0101c\u012bbu stund\u0101s Darba k\u0101rt\u012bba: 1_pielikums_ Darba k\u0101rt\u012bba T\u016brisma jomas<a class=\"moretag\" href=\"https:\/\/www.kuldigastehnikums.lv\/index.php\/muzizglitiba\/pieauguso-izglitibas-projekti\/projekts-nr-4-2-2-3-1-24-i-001\/\"> Vair\u0101k<\/a> [&#8230;]<\/p>\n<p><a class=\"btn btn-secondary understrap-read-more-link\" href=\"https:\/\/www.kuldigastehnikums.lv\/index.php\/muzizglitiba\/pieauguso-izglitibas-projekti\/projekts-nr-4-2-2-3-1-24-i-001\/\">Vair\u0101k&#8230;<\/a><\/p>\n","protected":false},"author":2,"featured_media":0,"parent":14875,"menu_order":0,"comment_status":"closed","ping_status":"closed","template":"page-templates\/fullgrid.php","meta":{"footnotes":""},"class_list":["post-15121","page","type-page","status-publish","hentry"],"_links":{"self":[{"href":"https:\/\/www.kuldigastehnikums.lv\/index.php\/wp-json\/wp\/v2\/pages\/15121","targetHints":{"allow":["GET"]}}],"collection":[{"href":"https:\/\/www.kuldigastehnikums.lv\/index.php\/wp-json\/wp\/v2\/pages"}],"about":[{"href":"https:\/\/www.kuldigastehnikums.lv\/index.php\/wp-json\/wp\/v2\/types\/page"}],"author":[{"embeddable":true,"href":"https:\/\/www.kuldigastehnikums.lv\/index.php\/wp-json\/wp\/v2\/users\/2"}],"replies":[{"embeddable":true,"href":"https:\/\/www.kuldigastehnikums.lv\/index.php\/wp-json\/wp\/v2\/comments?post=15121"}],"version-history":[{"count":6,"href":"https:\/\/www.kuldigastehnikums.lv\/index.php\/wp-json\/wp\/v2\/pages\/15121\/revisions"}],"predecessor-version":[{"id":15182,"href":"https:\/\/www.kuldigastehnikums.lv\/index.php\/wp-json\/wp\/v2\/pages\/15121\/revisions\/15182"}],"up":[{"embeddable":true,"href":"https:\/\/www.kuldigastehnikums.lv\/index.php\/wp-json\/wp\/v2\/pages\/14875"}],"wp:attachment":[{"href":"https:\/\/www.kuldigastehnikums.lv\/index.php\/wp-json\/wp\/v2\/media?parent=15121"}],"curies":[{"name":"wp","href":"https:\/\/api.w.org\/{rel}","templated":true}]}}