{"id":3924,"date":"2019-07-02T19:10:41","date_gmt":"2019-07-02T19:10:41","guid":{"rendered":"http:\/\/www.kuldigastehnikums.lv\/?page_id=3924"},"modified":"2019-07-02T19:12:37","modified_gmt":"2019-07-02T19:12:37","slug":"nordplus","status":"publish","type":"page","link":"https:\/\/www.kuldigastehnikums.lv\/index.php\/par-tehnikumu\/projekti\/nordplus\/","title":{"rendered":"Nordplus"},"content":{"rendered":"\n<div class=\"container-inside ml-auto mr-auto\"><div class=\"row\"><div class=\"col-lg-4 col-xs-12\">\n    <div class=\"w-100 text-center\" ><a href=\"https:\/\/www.kuldigastehnikums.lv\/index.php\/projekts-par-veseligu-un-dabai-draudzigu-dzivesveidu\/\"><img fetchpriority=\"high\" decoding=\"async\" width=\"430\" height=\"300\" src=\"https:\/\/www.kuldigastehnikums.lv\/wp-content\/uploads\/2022\/05\/lietuviesi-430x300.jpg\" class=\"attachment-thumb-430-300 size-thumb-430-300 wp-post-image\" alt=\"\" \/><\/a><\/div>\n    <div class=\"w-100 text-center\"><a href=\"https:\/\/www.kuldigastehnikums.lv\/index.php\/projekts-par-veseligu-un-dabai-draudzigu-dzivesveidu\/\"><h4>Projekts par vesel\u012bgu un dabai draudz\u012bgu dz\u012bvesveidu<\/h4><\/a><\/div>\n    <div class=\"text-center\"><p>Projekta Nordplus junior \u201cSmall ripples make big waves\u201d, NPJR-2021\/10087 ietvaros, apr\u012b\u013ca beig\u0101s, uz\u0146\u0113m\u0101m tehnikum\u0101 jaunie\u0161us un skolot\u0101jus no Igaunijas un Lietuvas. Projekta m\u0113r\u0137is &#8211; vesel\u012bga un dabai draudz\u012bga dz\u012bves veida aktualiz\u0113\u0161ana. Dal\u012bbnieki iepazin\u0101s ar tehnikumu un t\u0101 darb\u012bbu, Kuld\u012bgas pils\u0113tu, muzeju, zero waste\/less waste veikala Kuule filozofiju, un darb\u012bbu, apmekl\u0113ja strausu un kazu fermu Norinieki,<a class=\"moretag\" href=\"https:\/\/www.kuldigastehnikums.lv\/index.php\/projekts-par-veseligu-un-dabai-draudzigu-dzivesveidu\/\"> Vair\u0101k<\/a> [&#8230;]<\/p>\n<p><a class=\"btn btn-secondary understrap-read-more-link\" href=\"https:\/\/www.kuldigastehnikums.lv\/index.php\/projekts-par-veseligu-un-dabai-draudzigu-dzivesveidu\/\">Vair\u0101k&#8230;<\/a><\/p>\n<\/div>\n<\/div>\n<div class=\"col-lg-4 col-xs-12\">\n    <div class=\"w-100 text-center\" ><a href=\"https:\/\/www.kuldigastehnikums.lv\/index.php\/nordplus-2\/\"><img decoding=\"async\" width=\"430\" height=\"300\" src=\"https:\/\/www.kuldigastehnikums.lv\/wp-content\/uploads\/2019\/05\/60354915_1041892865996720_4507929959427211264_n-430x300.jpg\" class=\"attachment-thumb-430-300 size-thumb-430-300 wp-post-image\" alt=\"\" \/><\/a><\/div>\n    <div class=\"w-100 text-center\"><a href=\"https:\/\/www.kuldigastehnikums.lv\/index.php\/nordplus-2\/\"><h4>Nordplus<\/h4><\/a><\/div>\n    <div class=\"text-center\"><p>Nordplus&nbsp; pieaugu\u0161o izgl\u012bt\u012bbas projekts&nbsp;Best adult training experiences in Baltic countries. Projekta partneri:&nbsp;V\u00f5rumaa Kutsehariduskeskus \u2013 vado\u0161ais partneris,&nbsp;PIKC Kuld\u012bgas Tehnolo\u0123iju un t\u016brisma tehnikums un&nbsp;Klaipeda Vocational training center Ernestas Galvanauskas. Projekta Nordplus \u201eLab\u0101k\u0101s pieaugu\u0161o apm\u0101c\u012bbu&nbsp; iesp\u0113jas Baltijas valst\u012bs\u201d nosl\u0113guma tik\u0161an\u0101s Igaunij\u0101, Viru notika no&nbsp; 6. l\u012bdz 10. maijam Viru novada profesion\u0101l\u0101s izgl\u012bt\u012bbas centr\u0101. Taj\u0101 piedal\u012bj\u0101s PIKC Kuld\u012bgas Tehnolo\u0123iju<a class=\"moretag\" href=\"https:\/\/www.kuldigastehnikums.lv\/index.php\/nordplus-2\/\"> Vair\u0101k<\/a> [&#8230;]<\/p>\n<p><a class=\"btn btn-secondary understrap-read-more-link\" href=\"https:\/\/www.kuldigastehnikums.lv\/index.php\/nordplus-2\/\">Vair\u0101k&#8230;<\/a><\/p>\n<\/div>\n<\/div>\n<div class=\"col-lg-4 col-xs-12\">\n    <div class=\"w-100 text-center\" ><a href=\"https:\/\/www.kuldigastehnikums.lv\/index.php\/nordplus\/\"><img decoding=\"async\" width=\"300\" height=\"78\" src=\"https:\/\/www.kuldigastehnikums.lv\/wp-content\/uploads\/2019\/05\/junior_nordplus-300x78.jpg\" class=\"attachment-thumb-430-300 size-thumb-430-300 wp-post-image\" alt=\"\" \/><\/a><\/div>\n    <div class=\"w-100 text-center\"><a href=\"https:\/\/www.kuldigastehnikums.lv\/index.php\/nordplus\/\"><h4>Nordplus<\/h4><\/a><\/div>\n    <div class=\"text-center\"><p>&nbsp;Advancement merges Baltic education relationships&nbsp; (AMBER) Nr.&nbsp; NRJP-20015\/10333&nbsp; No 14.07.l\u012bdz 17.07.2016. Klaip\u0113das T\u016brisma skolas skolot\u0101jas Edita Daniute, Kristina Mockute un Terese Gaidamaviciute piedal\u012bjas Kuld\u012bgas tehnikuma pas\u0101kam\u0101 \u201cZe\u013c\u013cu piest\u0101tne\u201d, kas bija da\u013ca no Kuld\u012bgas pils\u0113tas sv\u0113tku programmas. Klaip\u0113das skolot\u0101jas sagatavoja lietuvie\u0161u nacion\u0101lo \u0113dienu cepel\u012bnus, prezent\u0113ja tos un m\u016bsu kop\u0113jo projektu Kuld\u012bgas sv\u0113tku viesiem. Klaip\u0113das skolas skolot\u0101jas<a class=\"moretag\" href=\"https:\/\/www.kuldigastehnikums.lv\/index.php\/nordplus\/\"> Vair\u0101k<\/a> [&#8230;]<\/p>\n<p><a class=\"btn btn-secondary understrap-read-more-link\" href=\"https:\/\/www.kuldigastehnikums.lv\/index.php\/nordplus\/\">Vair\u0101k&#8230;<\/a><\/p>\n<\/div>\n<\/div>\n<\/div><\/div>\n","protected":false},"excerpt":{"rendered":"<p> [&#8230;]<\/p>\n<p><a class=\"btn btn-secondary understrap-read-more-link\" href=\"https:\/\/www.kuldigastehnikums.lv\/index.php\/nordplus\/\">Vair\u0101k&#8230;<\/a><\/p>\n","protected":false},"author":1,"featured_media":0,"parent":82,"menu_order":0,"comment_status":"closed","ping_status":"closed","template":"page-templates\/about-school-child.php","meta":{"footnotes":""},"class_list":["post-3924","page","type-page","status-publish","hentry"],"_links":{"self":[{"href":"https:\/\/www.kuldigastehnikums.lv\/index.php\/wp-json\/wp\/v2\/pages\/3924","targetHints":{"allow":["GET"]}}],"collection":[{"href":"https:\/\/www.kuldigastehnikums.lv\/index.php\/wp-json\/wp\/v2\/pages"}],"about":[{"href":"https:\/\/www.kuldigastehnikums.lv\/index.php\/wp-json\/wp\/v2\/types\/page"}],"author":[{"embeddable":true,"href":"https:\/\/www.kuldigastehnikums.lv\/index.php\/wp-json\/wp\/v2\/users\/1"}],"replies":[{"embeddable":true,"href":"https:\/\/www.kuldigastehnikums.lv\/index.php\/wp-json\/wp\/v2\/comments?post=3924"}],"version-history":[{"count":2,"href":"https:\/\/www.kuldigastehnikums.lv\/index.php\/wp-json\/wp\/v2\/pages\/3924\/revisions"}],"predecessor-version":[{"id":3927,"href":"https:\/\/www.kuldigastehnikums.lv\/index.php\/wp-json\/wp\/v2\/pages\/3924\/revisions\/3927"}],"up":[{"embeddable":true,"href":"https:\/\/www.kuldigastehnikums.lv\/index.php\/wp-json\/wp\/v2\/pages\/82"}],"wp:attachment":[{"href":"https:\/\/www.kuldigastehnikums.lv\/index.php\/wp-json\/wp\/v2\/media?parent=3924"}],"curies":[{"name":"wp","href":"https:\/\/api.w.org\/{rel}","templated":true}]}}