{"id":3963,"date":"2019-07-07T07:03:22","date_gmt":"2019-07-07T07:03:22","guid":{"rendered":"http:\/\/www.kuldigastehnikums.lv\/?page_id=3963"},"modified":"2019-09-10T12:20:32","modified_gmt":"2019-09-10T12:20:32","slug":"pumpurs","status":"publish","type":"page","link":"https:\/\/www.kuldigastehnikums.lv\/index.php\/par-tehnikumu\/projekti\/pumpurs\/","title":{"rendered":"PumPurs"},"content":{"rendered":"\n<div class=\"container-inside ml-auto mr-auto\"><div class=\"row\"><\/div><\/div>\n\n\n\n<div class=\"wp-block-image\"><figure class=\"aligncenter is-resized\"><img fetchpriority=\"high\" decoding=\"async\" src=\"http:\/\/www.kuldigastehnikums.lv\/wp-content\/uploads\/2019\/09\/Pumpursbilde.jpg\" alt=\"\" class=\"wp-image-4689\" width=\"711\" height=\"377\" srcset=\"https:\/\/www.kuldigastehnikums.lv\/wp-content\/uploads\/2019\/09\/Pumpursbilde.jpg 502w, https:\/\/www.kuldigastehnikums.lv\/wp-content\/uploads\/2019\/09\/Pumpursbilde-300x159.jpg 300w\" sizes=\"(max-width: 711px) 100vw, 711px\" \/><\/figure><\/div>\n\n\n\n<p><strong>Izgl\u012bt\u012bbas kvalit\u0101tes valsts dienests \u012bsteno Eiropas Soci\u0101l\u0101 fonda  projektu &#8220;Atbalsts priek\u0161laic\u012bgas m\u0101c\u012bbu p\u0101rtrauk\u0161anas samazin\u0101\u0161anai&#8221;  \u00a0&#8211; PuMPuRS, lai mazin\u0101tu to b\u0113rnu un jaunie\u0161u skaitu, kas p\u0101rtrauc  m\u0101c\u012bbas un nepabeidz skolu.<\/strong><\/p>\n\n\n\n<p><strong>Projekts veicina ilgtsp\u0113j\u012bgas sadarb\u012bbas sist\u0113mas veido\u0161anu starp  skolu, pedagogiem, vec\u0101kiem, lai laikus identific\u0113tu  jaunie\u0161us ar risku p\u0101rtraukt m\u0101c\u012bbas un sniegtu vi\u0146iem personaliz\u0113tu  atbalstu.<\/strong><\/p>\n\n\n\n<p><strong>Ar\u012b PIKC Kuld\u012bgas Tehnolo\u0123iju un t\u016brisma tehnikums piedal\u0101s \u0161aj\u0101 projekt\u0101.<\/strong><\/p>\n\n\n\n<p><strong>Dal\u012bba Eiropas Soci\u0101l\u0101 fonda projekt\u0101 Nr.8.3.4.0.\/16\/I\/001 \u201cAtbalsts priek\u0161laic\u012bgas m\u0101c\u012bbu p\u0101rtrauk\u0161anas samazin\u0101\u0161anai\u201d<\/strong><strong><\/strong><\/p>\n\n\n\n<p>2017.gada 26.septembr\u012b nosl\u0113dzot sadarb\u012bbas l\u012bgumu, ir iesaist\u012bjusies Darb\u012bbas programmas \u201cIzaugsme un nodarbin\u0101t\u012bba\u201d 8.3.4. specifisk\u0101 atbalsta m\u0113r\u0137a \u201cSamazin\u0101t priek\u0161laic\u012bgu m\u0101c\u012bbu p\u0101rtrauk\u0161anu, \u012bstenojot prevent\u012bvus un intervences pas\u0101kumus\u201d projekta Nr.8.3.4.0\/16\/I\/001 \u201cAtbalsts priek\u0161laic\u012bgas m\u0101c\u012bbu p\u0101rtrauk\u0161anas samazin\u0101\u0161anai\u201d \u012bsteno\u0161an\u0101.<\/p>\n\n\n\n<table class=\"wp-block-table\"><tbody><tr><td><strong>Projekta \u012bstenot\u0101js<\/strong><strong><\/strong><\/td><td><strong>Izgl\u012bt\u012bbas kvalit\u0101tes valsts dienests<\/strong><strong><\/strong><\/td><\/tr><tr><td>Sadarb\u012bbas partneri<\/td><td>Latvijas pa\u0161vald\u012bbas;Valsts profesion\u0101l\u0101s izgl\u012bt\u012bbas iest\u0101des<\/td><\/tr><tr><td>Projekta m\u0113r\u0137is<\/td><td>Samazin\u0101t priek\u0161laic\u012bgu m\u0101c\u012bbu p\u0101rtrauk\u0161anu, \u012bstenojot prevent\u012bvus un intervences pas\u0101kumusvisp\u0101r\u0113j\u0101s izgl\u012bt\u012bbas un profesion\u0101l\u0101s izgl\u012bt\u012bbas iest\u0101\u017eu izgl\u012btojamiem.<\/td><\/tr><tr><td>Projekta \u012bsteno\u0161anas laiks<\/td><td>16.03.2017.\u201331.12.2022.<\/td><\/tr><tr><td>Projekta m\u0113r\u0137grupa<\/td><td>5.\u201312. klases visp\u0101rizgl\u012btojo\u0161o programmu skol\u0113ni;1.\u20134. kursa profesion\u0101l\u0101s izgl\u012bt\u012bbas programmu audz\u0113k\u0146i.<\/td><\/tr><tr><td>Projekt\u0101 sniegtais atbalsts<\/td><td>Konsult\u0101cijas (pedagogs, psihologs, soci\u0101lais pedagogs, pedagoga pal\u012bgs, speci\u0101l\u0101s izgl\u012bt\u012bbas pedagogs, surdotulks, asistents, ergoterapeits);Atkar\u012bb\u0101 no nepiecie\u0161am\u012bbas kompens\u0101cija par:sabiedrisk\u0101 transporta bi\u013cet\u0113m (nok\u013c\u016b\u0161anai no dz\u012bvesvietas izgl\u012bt\u012bbas iest\u0101d\u0113 vaim\u0101c\u012bbu prakses viet\u0101 un atpaka\u013c);individu\u0101lo m\u0101c\u012bbu l\u012bdzek\u013cu ieg\u0101di;naktsm\u012btn\u0113m;\u0113din\u0101\u0161anu;individu\u0101l\u0101s lieto\u0161anas priek\u0161metiem;speci\u0101lo transportu.<\/td><\/tr><tr><td>Projekta&nbsp;\u012bsteno\u0161anas&nbsp;pamats<\/td><td><a href=\"https:\/\/m.likumi.lv\/doc.php?id=283625\">Ministru kabineta 12.07.2016. noteikumi Nr.&nbsp;460 \u201cDarb\u012bbas programmas \u201cIzaugsme un nodarbin\u0101t\u012bba\u201d 8.3.4. specifisk\u0101 atbalsta m\u0113r\u0137a \u201cSamazin\u0101t priek\u0161laic\u012bgu m\u0101c\u012bbu p\u0101rtrauk\u0161anu, \u012bstenojot prevent\u012bvus un intervences pas\u0101kumus\u201d \u012bsteno\u0161anas noteikumi<\/a><\/td><\/tr><tr><td>Finans\u0113jums<\/td><td>Specifiskajam atbalstam pl\u0101notais kop\u0113jais attiecin\u0101mais finans\u0113jums ir 39 812 376 euro, tai skait\u0101 Eiropas Soci\u0101l\u0101 fonda finans\u0113jums 33 840 519 euro un valsts bud\u017eeta finans\u0113jums 5 971 857 euro.<\/td><\/tr><tr><td>Kontaktinform\u0101cija Izgl\u012bt\u012bbas kvalit\u0101tes valsts dienest\u0101<\/td><td>T\u0101lr.: 28684847E-pasts: pmp@ikvd.gov.lv<\/td><\/tr><tr><td>Pla\u0161\u0101ka inform\u0101cija par projektu<\/td><td><a href=\"https:\/\/ikvd.gov.lv\/esf-projekts\/\">https:\/\/ikvd.gov.lv\/esf-projekts\/<\/a><a href=\"http:\/\/www.pumpurs.lv\">www.pumpurs.lv<\/a><a href=\"https:\/\/www.facebook.com\/pumpurs.lv\/\">https:\/\/www.facebook.com\/pumpurs.lv\/<\/a><\/td><\/tr><\/tbody><\/table>\n\n\n\n<p><\/p>\n","protected":false},"excerpt":{"rendered":"<p>Izgl\u012bt\u012bbas kvalit\u0101tes valsts dienests \u012bsteno Eiropas Soci\u0101l\u0101 fonda projektu &#8220;Atbalsts priek\u0161laic\u012bgas m\u0101c\u012bbu p\u0101rtrauk\u0161anas samazin\u0101\u0161anai&#8221; \u00a0&#8211; PuMPuRS, lai mazin\u0101tu to b\u0113rnu un jaunie\u0161u skaitu, kas p\u0101rtrauc m\u0101c\u012bbas un nepabeidz skolu. Projekts veicina ilgtsp\u0113j\u012bgas sadarb\u012bbas sist\u0113mas veido\u0161anu starp skolu, pedagogiem, vec\u0101kiem, lai laikus identific\u0113tu jaunie\u0161us ar risku p\u0101rtraukt m\u0101c\u012bbas un sniegtu vi\u0146iem personaliz\u0113tu atbalstu. Ar\u012b PIKC Kuld\u012bgas<a class=\"moretag\" href=\"https:\/\/www.kuldigastehnikums.lv\/index.php\/par-tehnikumu\/projekti\/pumpurs\/\"> Vair\u0101k<\/a> [&#8230;]<\/p>\n<p><a class=\"btn btn-secondary understrap-read-more-link\" href=\"https:\/\/www.kuldigastehnikums.lv\/index.php\/par-tehnikumu\/projekti\/pumpurs\/\">Vair\u0101k&#8230;<\/a><\/p>\n","protected":false},"author":1,"featured_media":0,"parent":82,"menu_order":0,"comment_status":"closed","ping_status":"closed","template":"page-templates\/about-school-child.php","meta":{"footnotes":""},"class_list":["post-3963","page","type-page","status-publish","hentry"],"_links":{"self":[{"href":"https:\/\/www.kuldigastehnikums.lv\/index.php\/wp-json\/wp\/v2\/pages\/3963","targetHints":{"allow":["GET"]}}],"collection":[{"href":"https:\/\/www.kuldigastehnikums.lv\/index.php\/wp-json\/wp\/v2\/pages"}],"about":[{"href":"https:\/\/www.kuldigastehnikums.lv\/index.php\/wp-json\/wp\/v2\/types\/page"}],"author":[{"embeddable":true,"href":"https:\/\/www.kuldigastehnikums.lv\/index.php\/wp-json\/wp\/v2\/users\/1"}],"replies":[{"embeddable":true,"href":"https:\/\/www.kuldigastehnikums.lv\/index.php\/wp-json\/wp\/v2\/comments?post=3963"}],"version-history":[{"count":4,"href":"https:\/\/www.kuldigastehnikums.lv\/index.php\/wp-json\/wp\/v2\/pages\/3963\/revisions"}],"predecessor-version":[{"id":4692,"href":"https:\/\/www.kuldigastehnikums.lv\/index.php\/wp-json\/wp\/v2\/pages\/3963\/revisions\/4692"}],"up":[{"embeddable":true,"href":"https:\/\/www.kuldigastehnikums.lv\/index.php\/wp-json\/wp\/v2\/pages\/82"}],"wp:attachment":[{"href":"https:\/\/www.kuldigastehnikums.lv\/index.php\/wp-json\/wp\/v2\/media?parent=3963"}],"curies":[{"name":"wp","href":"https:\/\/api.w.org\/{rel}","templated":true}]}}