{"id":3971,"date":"2019-07-07T07:06:14","date_gmt":"2019-07-07T07:06:14","guid":{"rendered":"http:\/\/www.kuldigastehnikums.lv\/?page_id=3971"},"modified":"2019-07-07T07:06:14","modified_gmt":"2019-07-07T07:06:14","slug":"dvb","status":"publish","type":"page","link":"https:\/\/www.kuldigastehnikums.lv\/index.php\/par-tehnikumu\/projekti\/dvb\/","title":{"rendered":"DVB"},"content":{"rendered":"\n<div class=\"container-inside ml-auto mr-auto\"><div class=\"row\"><div class=\"col-lg-4 col-xs-12\">\n    <div class=\"w-100 text-center\" ><a href=\"https:\/\/www.kuldigastehnikums.lv\/index.php\/darba-vide-balstitas-macibas-un-prakses\/\"><img fetchpriority=\"high\" decoding=\"async\" width=\"430\" height=\"222\" src=\"https:\/\/www.kuldigastehnikums.lv\/wp-content\/uploads\/2019\/07\/bilde-430x222.png\" class=\"attachment-thumb-430-300 size-thumb-430-300 wp-post-image\" alt=\"\" \/><\/a><\/div>\n    <div class=\"w-100 text-center\"><a href=\"https:\/\/www.kuldigastehnikums.lv\/index.php\/darba-vide-balstitas-macibas-un-prakses\/\"><h4>Darba vid\u0113 balst\u012btas m\u0101c\u012bbas un prakses<\/h4><\/a><\/div>\n    <div class=\"text-center\"><p>&nbsp; Kuld\u012bgas Tehnolo\u0123iju un t\u016brisma tehnikums ir nosl\u0113dzis sadarb\u012bbas l\u012bgumu ar Latvijas Darba dev\u0113ju konfeder\u0101ciju par ESF projekta \u201cProfesion\u0101lo izgl\u012bt\u012bbas iest\u0101\u017eu audz\u0113k\u0146u dal\u012bba darba vid\u0113 balst\u012bt\u0101s m\u0101c\u012bb\u0101s un m\u0101c\u012bbu praks\u0113s uz\u0146\u0113mumos\u201d (Nr.8.5.1.0\/16\/I\/001) \u012bsteno\u0161anu. Projekta m\u0113r\u0137is ir palielin\u0101t kvalific\u0113tu profesion\u0101l\u0101s izgl\u012bt\u012bbas iest\u0101\u017eu audz\u0113k\u0146u skaitu p\u0113c to dal\u012bbas darba vid\u0113 balst\u012bt\u0101s m\u0101c\u012bb\u0101s vai m\u0101c\u012bbu praks\u0113 uz\u0146\u0113mum\u0101.Projekta ilgums:<a class=\"moretag\" href=\"https:\/\/www.kuldigastehnikums.lv\/index.php\/darba-vide-balstitas-macibas-un-prakses\/\"> Vair\u0101k<\/a> [&#8230;]<\/p>\n<p><a class=\"btn btn-secondary understrap-read-more-link\" href=\"https:\/\/www.kuldigastehnikums.lv\/index.php\/darba-vide-balstitas-macibas-un-prakses\/\">Vair\u0101k&#8230;<\/a><\/p>\n<\/div>\n<\/div>\n<\/div><\/div>\n","protected":false},"excerpt":{"rendered":"<p> [&#8230;]<\/p>\n<p><a class=\"btn btn-secondary understrap-read-more-link\" href=\"https:\/\/www.kuldigastehnikums.lv\/index.php\/darba-vide-balstitas-macibas-un-prakses\/\">Vair\u0101k&#8230;<\/a><\/p>\n","protected":false},"author":1,"featured_media":0,"parent":82,"menu_order":0,"comment_status":"closed","ping_status":"closed","template":"page-templates\/about-school-child.php","meta":{"footnotes":""},"class_list":["post-3971","page","type-page","status-publish","hentry"],"_links":{"self":[{"href":"https:\/\/www.kuldigastehnikums.lv\/index.php\/wp-json\/wp\/v2\/pages\/3971","targetHints":{"allow":["GET"]}}],"collection":[{"href":"https:\/\/www.kuldigastehnikums.lv\/index.php\/wp-json\/wp\/v2\/pages"}],"about":[{"href":"https:\/\/www.kuldigastehnikums.lv\/index.php\/wp-json\/wp\/v2\/types\/page"}],"author":[{"embeddable":true,"href":"https:\/\/www.kuldigastehnikums.lv\/index.php\/wp-json\/wp\/v2\/users\/1"}],"replies":[{"embeddable":true,"href":"https:\/\/www.kuldigastehnikums.lv\/index.php\/wp-json\/wp\/v2\/comments?post=3971"}],"version-history":[{"count":1,"href":"https:\/\/www.kuldigastehnikums.lv\/index.php\/wp-json\/wp\/v2\/pages\/3971\/revisions"}],"predecessor-version":[{"id":3972,"href":"https:\/\/www.kuldigastehnikums.lv\/index.php\/wp-json\/wp\/v2\/pages\/3971\/revisions\/3972"}],"up":[{"embeddable":true,"href":"https:\/\/www.kuldigastehnikums.lv\/index.php\/wp-json\/wp\/v2\/pages\/82"}],"wp:attachment":[{"href":"https:\/\/www.kuldigastehnikums.lv\/index.php\/wp-json\/wp\/v2\/media?parent=3971"}],"curies":[{"name":"wp","href":"https:\/\/api.w.org\/{rel}","templated":true}]}}