{"id":4005,"date":"2019-07-07T09:38:12","date_gmt":"2019-07-07T09:38:12","guid":{"rendered":"http:\/\/www.kuldigastehnikums.lv\/?page_id=4005"},"modified":"2025-11-05T14:01:56","modified_gmt":"2025-11-05T14:01:56","slug":"jauno-zellisu-skola","status":"publish","type":"page","link":"https:\/\/www.kuldigastehnikums.lv\/index.php\/par-tehnikumu\/jauno-zellisu-skola\/","title":{"rendered":"Jauno zell\u012b\u0161u skola"},"content":{"rendered":"\r\n<div dir=\"auto\">\u00a0<\/div>\r\n<h4 class=\"wp-block-heading\">\u00a0<\/h4>\r\n\r\n\r\n\r\n<table style=\"width: 58.1589%; height: 600px;\" border=\"1\">\r\n<tbody>\r\n<tr style=\"height: 56px;\">\r\n<td style=\"width: 137.2px; height: 56px;\">\r\n<p><span style=\"color: #000000;\"><strong>Pulci\u0146\u0161<\/strong><\/span><\/p>\r\n<\/td>\r\n<td style=\"width: 145.2px; height: 56px;\">\r\n<p><span style=\"color: #000000;\"><strong>Vecuma grupa<\/strong><\/span><\/p>\r\n<\/td>\r\n<td style=\"width: 168.55px; height: 56px;\">\r\n<p><span style=\"color: #000000;\"><strong>Skolot\u0101js, kontakti<\/strong><\/span><\/p>\r\n<\/td>\r\n<td style=\"width: 105.238px; height: 56px;\">\r\n<p><span style=\"color: #000000;\"><strong>Vieta, laiks<\/strong><\/span><\/p>\r\n<\/td>\r\n<\/tr>\r\n<tr style=\"height: 80px;\">\r\n<td style=\"width: 137.2px; height: 80px;\">\r\n<p><span style=\"color: #000000;\"><strong>\u201cMazais gardumu Zell\u012btis\u201d (konditoreja)<\/strong><\/span><\/p>\r\n<\/td>\r\n<td style=\"width: 145.2px; height: 80px;\">\r\n<p><span style=\"color: #000000;\">5-7 gadi<\/span><\/p>\r\n<\/td>\r\n<td style=\"width: 168.55px; height: 80px;\">\r\n<p><span style=\"color: #000000;\">Dace \u0160imkevica, 29890057<\/span><\/p>\r\n<\/td>\r\n<td style=\"width: 105.238px; height: 80px;\">\r\n<p><span style=\"color: #000000;\">PII Bit\u012bte, tre\u0161dien\u0101s, plkst.10.00<\/span><\/p>\r\n<\/td>\r\n<\/tr>\r\n<tr style=\"height: 120px;\">\r\n<td style=\"width: 137.2px; height: 120px;\">\r\n<p><span style=\"color: #000000;\"><strong>Kulin\u0101r\u0101 m\u0101ksla<\/strong><\/span><\/p>\r\n<\/td>\r\n<td style=\"width: 145.2px; height: 120px;\">\r\n<p><span style=\"color: #000000;\">9-17 gadi<\/span><\/p>\r\n<\/td>\r\n<td style=\"width: 168.55px; height: 120px;\">\r\n<p><span style=\"color: #000000;\">Ieva Mis\u0101ne, 28770632<\/span><\/p>\r\n<\/td>\r\n<td style=\"width: 105.238px; height: 120px;\">\r\n<p><span style=\"color: #000000;\">A laboratorija, otrdien\u0101s,<\/span><\/p>\r\n<p><span style=\"color: #000000;\">plkst. 15.10<\/span><\/p>\r\n<\/td>\r\n<\/tr>\r\n<tr style=\"height: 120px;\">\r\n<td style=\"width: 137.2px; height: 120px;\">\r\n<p><span style=\"color: #000000;\"><strong>\u201cJaunais automeh\u0101ni\u0137is\u201d<\/strong><\/span><\/p>\r\n<\/td>\r\n<td style=\"width: 145.2px; height: 120px;\">\r\n<p><span style=\"color: #000000;\">10-14 gadi<\/span><\/p>\r\n<\/td>\r\n<td style=\"width: 168.55px; height: 120px;\">\r\n<p><span style=\"color: #000000;\">Andris \u0100bols, 29416208<\/span><\/p>\r\n<\/td>\r\n<td style=\"width: 105.238px; height: 120px;\">\r\n<p><span style=\"color: #000000;\">Automeh\u0101ni\u0137u darbn\u012bcas ceturtdien\u0101s,<\/span><\/p>\r\n<p><span style=\"color: #000000;\">plkst 15.00<\/span><\/p>\r\n<\/td>\r\n<\/tr>\r\n<\/tbody>\r\n<\/table>\r\n<div dir=\"auto\">\u00a0<\/div>\r\n<div dir=\"auto\"><strong>Jauno zell\u012b\u0161u skolas izlaidums<\/strong><\/div>\r\n<div dir=\"auto\">\u00a0<\/div>\r\n<div dir=\"auto\">Maija beigas ir laiks, kad Kuld\u012bgas tehnolo\u0123iju un t\u016brisma tehnikum\u0101 m\u0101c\u012bbu gadu beidz Jauno Zell\u012b\u0161u skolas pulci\u0146u audz\u0113k\u0146i. Pulci\u0146u nosl\u0113guma nodarb\u012bb\u0101s audz\u0113k\u0146i sa\u0146\u0113ma diplomus par profesion\u0101lo prasmju apg\u016b\u0161anu \u0113din\u0101\u0161anas, m\u0101kslas, autotransporta un konditorejas jom\u0101, piedaloties pulci\u0146os \u201cEz\u012btis m\u0101kslinieks\u201d, \u201cJaunais automeh\u0101ni\u0137is, \u201cKulin\u0101r\u0101 m\u0101ksla\u201d un \u201cMazais gardumu zell\u012btis\u201d.<\/div>\r\n<div dir=\"auto\">Paldies pulci\u0146u dal\u012bbniekiem, skolot\u0101jiem un Kuld\u012bgas B\u0113rnu un jaunie\u0161u centram.<\/div>\r\n<div id='gallery-1' class='gallery galleryid-4005 gallery-columns-3 gallery-size-thumbnail'><figure class='gallery-item'>\n\t\t\t<div class='gallery-icon landscape'>\n\t\t\t\t<a href='https:\/\/www.kuldigastehnikums.lv\/index.php\/jauno-zellisu-skolas-izlaidums-2\/zellisi6\/'><img decoding=\"async\" width=\"150\" height=\"150\" src=\"https:\/\/www.kuldigastehnikums.lv\/wp-content\/uploads\/2024\/06\/zellisi6-150x150.jpg\" class=\"attachment-thumbnail size-thumbnail\" alt=\"\" srcset=\"https:\/\/www.kuldigastehnikums.lv\/wp-content\/uploads\/2024\/06\/zellisi6-150x150.jpg 150w, https:\/\/www.kuldigastehnikums.lv\/wp-content\/uploads\/2024\/06\/zellisi6-300x300.jpg 300w, https:\/\/www.kuldigastehnikums.lv\/wp-content\/uploads\/2024\/06\/zellisi6-1024x1024.jpg 1024w, https:\/\/www.kuldigastehnikums.lv\/wp-content\/uploads\/2024\/06\/zellisi6-768x768.jpg 768w, https:\/\/www.kuldigastehnikums.lv\/wp-content\/uploads\/2024\/06\/zellisi6-1536x1536.jpg 1536w, https:\/\/www.kuldigastehnikums.lv\/wp-content\/uploads\/2024\/06\/zellisi6.jpg 1728w\" sizes=\"(max-width: 150px) 100vw, 150px\" \/><\/a>\n\t\t\t<\/div><\/figure><figure class='gallery-item'>\n\t\t\t<div class='gallery-icon landscape'>\n\t\t\t\t<a href='https:\/\/www.kuldigastehnikums.lv\/index.php\/jauno-zellisu-skolas-izlaidums-2\/zellisi5-2\/'><img decoding=\"async\" width=\"150\" height=\"150\" src=\"https:\/\/www.kuldigastehnikums.lv\/wp-content\/uploads\/2024\/06\/zellisi5-150x150.jpg\" class=\"attachment-thumbnail size-thumbnail\" alt=\"\" \/><\/a>\n\t\t\t<\/div><\/figure><figure class='gallery-item'>\n\t\t\t<div class='gallery-icon portrait'>\n\t\t\t\t<a href='https:\/\/www.kuldigastehnikums.lv\/index.php\/jauno-zellisu-skolas-izlaidums-2\/zellisi4-2\/'><img decoding=\"async\" width=\"150\" height=\"150\" src=\"https:\/\/www.kuldigastehnikums.lv\/wp-content\/uploads\/2024\/06\/zellisi4-150x150.jpg\" class=\"attachment-thumbnail size-thumbnail\" alt=\"\" \/><\/a>\n\t\t\t<\/div><\/figure><figure class='gallery-item'>\n\t\t\t<div class='gallery-icon landscape'>\n\t\t\t\t<a href='https:\/\/www.kuldigastehnikums.lv\/index.php\/jauno-zellisu-skolas-izlaidums-2\/zellisi3-2\/'><img loading=\"lazy\" decoding=\"async\" width=\"150\" height=\"150\" src=\"https:\/\/www.kuldigastehnikums.lv\/wp-content\/uploads\/2024\/06\/zellisi3-150x150.jpg\" class=\"attachment-thumbnail size-thumbnail\" alt=\"\" \/><\/a>\n\t\t\t<\/div><\/figure><figure class='gallery-item'>\n\t\t\t<div class='gallery-icon portrait'>\n\t\t\t\t<a href='https:\/\/www.kuldigastehnikums.lv\/index.php\/jauno-zellisu-skolas-izlaidums-2\/zellisi2-2\/'><img loading=\"lazy\" decoding=\"async\" width=\"150\" height=\"150\" src=\"https:\/\/www.kuldigastehnikums.lv\/wp-content\/uploads\/2024\/06\/zellisi2-150x150.jpg\" class=\"attachment-thumbnail size-thumbnail\" alt=\"\" \/><\/a>\n\t\t\t<\/div><\/figure><figure class='gallery-item'>\n\t\t\t<div class='gallery-icon portrait'>\n\t\t\t\t<a href='https:\/\/www.kuldigastehnikums.lv\/index.php\/jauno-zellisu-skolas-izlaidums-2\/zellisi-2\/'><img loading=\"lazy\" decoding=\"async\" width=\"150\" height=\"150\" src=\"https:\/\/www.kuldigastehnikums.lv\/wp-content\/uploads\/2024\/06\/zellisi-150x150.jpg\" class=\"attachment-thumbnail size-thumbnail\" alt=\"\" \/><\/a>\n\t\t\t<\/div><\/figure><figure class='gallery-item'>\n\t\t\t<div class='gallery-icon landscape'>\n\t\t\t\t<a href='https:\/\/www.kuldigastehnikums.lv\/index.php\/konkurss-kresls-2024\/kresls6\/'><img loading=\"lazy\" decoding=\"async\" width=\"150\" height=\"150\" src=\"https:\/\/www.kuldigastehnikums.lv\/wp-content\/uploads\/2024\/06\/kresls6-150x150.jpg\" class=\"attachment-thumbnail size-thumbnail\" alt=\"\" \/><\/a>\n\t\t\t<\/div><\/figure><figure class='gallery-item'>\n\t\t\t<div class='gallery-icon landscape'>\n\t\t\t\t<a href='https:\/\/www.kuldigastehnikums.lv\/index.php\/konkurss-kresls-2024\/kresls5\/'><img loading=\"lazy\" decoding=\"async\" width=\"150\" height=\"150\" src=\"https:\/\/www.kuldigastehnikums.lv\/wp-content\/uploads\/2024\/06\/kresls5-150x150.jpg\" class=\"attachment-thumbnail size-thumbnail\" alt=\"\" \/><\/a>\n\t\t\t<\/div><\/figure><figure class='gallery-item'>\n\t\t\t<div class='gallery-icon portrait'>\n\t\t\t\t<a href='https:\/\/www.kuldigastehnikums.lv\/index.php\/konkurss-kresls-2024\/kresls4\/'><img loading=\"lazy\" decoding=\"async\" width=\"150\" height=\"150\" src=\"https:\/\/www.kuldigastehnikums.lv\/wp-content\/uploads\/2024\/06\/kresls4-150x150.jpg\" class=\"attachment-thumbnail size-thumbnail\" alt=\"\" \/><\/a>\n\t\t\t<\/div><\/figure><figure class='gallery-item'>\n\t\t\t<div class='gallery-icon landscape'>\n\t\t\t\t<a href='https:\/\/www.kuldigastehnikums.lv\/index.php\/konkurss-kresls-2024\/kresls3\/'><img loading=\"lazy\" decoding=\"async\" width=\"150\" height=\"150\" src=\"https:\/\/www.kuldigastehnikums.lv\/wp-content\/uploads\/2024\/06\/kresls3-150x150.jpg\" class=\"attachment-thumbnail size-thumbnail\" alt=\"\" \/><\/a>\n\t\t\t<\/div><\/figure><figure class='gallery-item'>\n\t\t\t<div class='gallery-icon portrait'>\n\t\t\t\t<a href='https:\/\/www.kuldigastehnikums.lv\/index.php\/konkurss-kresls-2024\/kresls2\/'><img loading=\"lazy\" decoding=\"async\" width=\"150\" height=\"150\" src=\"https:\/\/www.kuldigastehnikums.lv\/wp-content\/uploads\/2024\/06\/kresls2-150x150.jpg\" class=\"attachment-thumbnail size-thumbnail\" alt=\"\" \/><\/a>\n\t\t\t<\/div><\/figure><figure class='gallery-item'>\n\t\t\t<div class='gallery-icon portrait'>\n\t\t\t\t<a href='https:\/\/www.kuldigastehnikums.lv\/index.php\/konkurss-kresls-2024\/kresls\/'><img loading=\"lazy\" decoding=\"async\" width=\"150\" height=\"150\" src=\"https:\/\/www.kuldigastehnikums.lv\/wp-content\/uploads\/2024\/06\/kresls-150x150.jpg\" class=\"attachment-thumbnail size-thumbnail\" alt=\"\" \/><\/a>\n\t\t\t<\/div><\/figure>\n\t\t<\/div>\n\r\n<h4 class=\"wp-block-heading\"><strong><em>Jauno zell\u012b\u0161u skola darbojas k\u0101 pal\u012bgs profesijas izv\u0113l\u0113 visp\u0101rizgl\u012btojo\u0161o skolu skol\u0113niem. 2023.\/2024.m.g.<br \/><\/em><\/strong><\/h4>\r\n<p>\r\n\r\n<\/p>\r\n<h4 class=\"wp-block-heading\">Rado\u0161ais darbs.<\/h4>\r\n<p><img loading=\"lazy\" decoding=\"async\" src=\"http:\/\/www.kuldigastehnikums.lv\/wp-content\/uploads\/2021\/12\/PHOTO-2021-12-07-18-41-43-1-225x300.jpg\" alt=\"\" width=\"225\" height=\"300\" \/><img loading=\"lazy\" decoding=\"async\" src=\"http:\/\/www.kuldigastehnikums.lv\/wp-content\/uploads\/2021\/12\/PHOTO-2021-12-07-18-41-44-1-225x300.jpg\" alt=\"\" width=\"225\" height=\"300\" \/><img loading=\"lazy\" decoding=\"async\" src=\"http:\/\/www.kuldigastehnikums.lv\/wp-content\/uploads\/2021\/12\/PHOTO-2021-12-07-18-41-44-2-225x300.jpg\" alt=\"\" width=\"225\" height=\"300\" \/><img loading=\"lazy\" decoding=\"async\" src=\"http:\/\/www.kuldigastehnikums.lv\/wp-content\/uploads\/2021\/12\/PHOTO-2021-12-07-18-41-44-225x300.jpg\" alt=\"\" width=\"225\" height=\"300\" \/><img loading=\"lazy\" decoding=\"async\" src=\"http:\/\/www.kuldigastehnikums.lv\/wp-content\/uploads\/2021\/12\/PHOTO-2021-12-07-18-41-45-2-225x300.jpg\" alt=\"\" width=\"225\" height=\"300\" \/><\/p>\r\n<div id='gallery-2' class='gallery galleryid-4005 gallery-columns-3 gallery-size-thumbnail'><figure class='gallery-item'>\n\t\t\t<div class='gallery-icon portrait'>\n\t\t\t\t<a href='https:\/\/www.kuldigastehnikums.lv\/index.php\/par-tehnikumu\/jauno-zellisu-skola\/zellisi\/'><img loading=\"lazy\" decoding=\"async\" width=\"150\" height=\"150\" src=\"https:\/\/www.kuldigastehnikums.lv\/wp-content\/uploads\/2024\/02\/Zellisi-150x150.jpg\" class=\"attachment-thumbnail size-thumbnail\" alt=\"\" \/><\/a>\n\t\t\t<\/div><\/figure><figure class='gallery-item'>\n\t\t\t<div class='gallery-icon portrait'>\n\t\t\t\t<a href='https:\/\/www.kuldigastehnikums.lv\/index.php\/par-tehnikumu\/jauno-zellisu-skola\/zellisi2\/'><img loading=\"lazy\" decoding=\"async\" width=\"150\" height=\"150\" src=\"https:\/\/www.kuldigastehnikums.lv\/wp-content\/uploads\/2024\/02\/zellisi2-150x150.jpg\" class=\"attachment-thumbnail size-thumbnail\" alt=\"\" \/><\/a>\n\t\t\t<\/div><\/figure><figure class='gallery-item'>\n\t\t\t<div class='gallery-icon portrait'>\n\t\t\t\t<a href='https:\/\/www.kuldigastehnikums.lv\/index.php\/par-tehnikumu\/jauno-zellisu-skola\/zellisi3\/'><img loading=\"lazy\" decoding=\"async\" width=\"150\" height=\"150\" src=\"https:\/\/www.kuldigastehnikums.lv\/wp-content\/uploads\/2024\/02\/zellisi3-150x150.jpg\" class=\"attachment-thumbnail size-thumbnail\" alt=\"\" \/><\/a>\n\t\t\t<\/div><\/figure><figure class='gallery-item'>\n\t\t\t<div class='gallery-icon portrait'>\n\t\t\t\t<a href='https:\/\/www.kuldigastehnikums.lv\/index.php\/par-tehnikumu\/jauno-zellisu-skola\/zellisi4\/'><img loading=\"lazy\" decoding=\"async\" width=\"150\" height=\"150\" src=\"https:\/\/www.kuldigastehnikums.lv\/wp-content\/uploads\/2024\/02\/zellisi4-150x150.jpg\" class=\"attachment-thumbnail size-thumbnail\" alt=\"\" \/><\/a>\n\t\t\t<\/div><\/figure><figure class='gallery-item'>\n\t\t\t<div class='gallery-icon landscape'>\n\t\t\t\t<a href='https:\/\/www.kuldigastehnikums.lv\/index.php\/par-tehnikumu\/jauno-zellisu-skola\/zellisi5\/'><img loading=\"lazy\" decoding=\"async\" width=\"150\" height=\"150\" src=\"https:\/\/www.kuldigastehnikums.lv\/wp-content\/uploads\/2024\/02\/zellisi5-150x150.jpg\" class=\"attachment-thumbnail size-thumbnail\" alt=\"\" \/><\/a>\n\t\t\t<\/div><\/figure>\n\t\t<\/div>\n\r\n","protected":false},"excerpt":{"rendered":"<p>\u00a0 \u00a0 Pulci\u0146\u0161 Vecuma grupa Skolot\u0101js, kontakti Vieta, laiks \u201cMazais gardumu Zell\u012btis\u201d (konditoreja) 5-7 gadi Dace \u0160imkevica, 29890057 PII Bit\u012bte, tre\u0161dien\u0101s, plkst.10.00 Kulin\u0101r\u0101 m\u0101ksla 9-17 gadi Ieva Mis\u0101ne, 28770632 A laboratorija, otrdien\u0101s, plkst. 15.10 \u201cJaunais automeh\u0101ni\u0137is\u201d 10-14 gadi Andris \u0100bols, 29416208 Automeh\u0101ni\u0137u darbn\u012bcas ceturtdien\u0101s, plkst 15.00 \u00a0 Jauno zell\u012b\u0161u skolas izlaidums \u00a0 Maija beigas ir<a class=\"moretag\" href=\"https:\/\/www.kuldigastehnikums.lv\/index.php\/par-tehnikumu\/jauno-zellisu-skola\/\"> Vair\u0101k<\/a> [&#8230;]<\/p>\n<p><a class=\"btn btn-secondary understrap-read-more-link\" href=\"https:\/\/www.kuldigastehnikums.lv\/index.php\/par-tehnikumu\/jauno-zellisu-skola\/\">Vair\u0101k&#8230;<\/a><\/p>\n","protected":false},"author":1,"featured_media":0,"parent":41,"menu_order":0,"comment_status":"closed","ping_status":"closed","template":"page-templates\/fullgrid.php","meta":{"footnotes":""},"class_list":["post-4005","page","type-page","status-publish","hentry"],"_links":{"self":[{"href":"https:\/\/www.kuldigastehnikums.lv\/index.php\/wp-json\/wp\/v2\/pages\/4005","targetHints":{"allow":["GET"]}}],"collection":[{"href":"https:\/\/www.kuldigastehnikums.lv\/index.php\/wp-json\/wp\/v2\/pages"}],"about":[{"href":"https:\/\/www.kuldigastehnikums.lv\/index.php\/wp-json\/wp\/v2\/types\/page"}],"author":[{"embeddable":true,"href":"https:\/\/www.kuldigastehnikums.lv\/index.php\/wp-json\/wp\/v2\/users\/1"}],"replies":[{"embeddable":true,"href":"https:\/\/www.kuldigastehnikums.lv\/index.php\/wp-json\/wp\/v2\/comments?post=4005"}],"version-history":[{"count":16,"href":"https:\/\/www.kuldigastehnikums.lv\/index.php\/wp-json\/wp\/v2\/pages\/4005\/revisions"}],"predecessor-version":[{"id":15295,"href":"https:\/\/www.kuldigastehnikums.lv\/index.php\/wp-json\/wp\/v2\/pages\/4005\/revisions\/15295"}],"up":[{"embeddable":true,"href":"https:\/\/www.kuldigastehnikums.lv\/index.php\/wp-json\/wp\/v2\/pages\/41"}],"wp:attachment":[{"href":"https:\/\/www.kuldigastehnikums.lv\/index.php\/wp-json\/wp\/v2\/media?parent=4005"}],"curies":[{"name":"wp","href":"https:\/\/api.w.org\/{rel}","templated":true}]}}