{"id":4008,"date":"2019-07-07T10:10:20","date_gmt":"2019-07-07T10:10:20","guid":{"rendered":"http:\/\/www.kuldigastehnikums.lv\/?page_id=4008"},"modified":"2019-07-07T10:10:44","modified_gmt":"2019-07-07T10:10:44","slug":"mazie-zellisi-aktivi-darbojas-kokapstrades-skola","status":"publish","type":"page","link":"https:\/\/www.kuldigastehnikums.lv\/index.php\/par-tehnikumu\/jauno-zellisu-skola\/mazie-zellisi-aktivi-darbojas-kokapstrades-skola\/","title":{"rendered":"Mazie zell\u012b\u0161i akt\u012bvi darbojas kokapstr\u0101des skol\u0101"},"content":{"rendered":"\n<p>Septembr\u012b tehnikum\u0101 ats\u0101cis darboties pulci\u0146\u0161 \u201cMazo zell\u012b\u0161u kokapstr\u0101des skola\u201d, kuru finans\u0113 Kuld\u012bgas novada B\u0113rnu un jaunie\u0161u centrs, un \u0161ogad to vad\u012bs skolot\u0101js P\u0113teris Z\u0101\u0123eris. K\u0101 nor\u0101da skolot\u0101js, nodarb\u012bb\u0101s v\u0113l tiek gaid\u012bti pamatskol\u0113ni (7-15 gadus veci), kuri v\u0113las apg\u016bt pirm\u0101s iema\u0146as kokapstr\u0101d\u0113. Pulci\u0146a nodab\u012bbas notiek katru tre\u0161dienu no plkst. 16.00 l\u012bd 18.00.<\/p>\n\n\n\n<p>Veiksm\u012bgu jaunajiem zell\u012b\u0161iem \u0161o m\u0101c\u012bbu gadu tehnikum\u0101!<\/p>\n\n\n\n<p>Materi\u0101lu sagatavoja skolot\u0101ja Zanda \u0160legelmilha.<\/p>\n","protected":false},"excerpt":{"rendered":"<p>Septembr\u012b tehnikum\u0101 ats\u0101cis darboties pulci\u0146\u0161 \u201cMazo zell\u012b\u0161u kokapstr\u0101des skola\u201d, kuru finans\u0113 Kuld\u012bgas novada B\u0113rnu un jaunie\u0161u centrs, un \u0161ogad to vad\u012bs skolot\u0101js P\u0113teris Z\u0101\u0123eris. K\u0101 nor\u0101da skolot\u0101js, nodarb\u012bb\u0101s v\u0113l tiek gaid\u012bti pamatskol\u0113ni (7-15 gadus veci), kuri v\u0113las apg\u016bt pirm\u0101s iema\u0146as kokapstr\u0101d\u0113. Pulci\u0146a nodab\u012bbas notiek katru tre\u0161dienu no plkst. 16.00 l\u012bd 18.00. Veiksm\u012bgu jaunajiem zell\u012b\u0161iem \u0161o<a class=\"moretag\" href=\"https:\/\/www.kuldigastehnikums.lv\/index.php\/par-tehnikumu\/jauno-zellisu-skola\/mazie-zellisi-aktivi-darbojas-kokapstrades-skola\/\"> Vair\u0101k<\/a> [&#8230;]<\/p>\n<p><a class=\"btn btn-secondary understrap-read-more-link\" href=\"https:\/\/www.kuldigastehnikums.lv\/index.php\/par-tehnikumu\/jauno-zellisu-skola\/mazie-zellisi-aktivi-darbojas-kokapstrades-skola\/\">Vair\u0101k&#8230;<\/a><\/p>\n","protected":false},"author":1,"featured_media":4009,"parent":4005,"menu_order":0,"comment_status":"closed","ping_status":"closed","template":"page-templates\/about-school-child.php","meta":{"footnotes":""},"class_list":["post-4008","page","type-page","status-publish","has-post-thumbnail","hentry"],"_links":{"self":[{"href":"https:\/\/www.kuldigastehnikums.lv\/index.php\/wp-json\/wp\/v2\/pages\/4008","targetHints":{"allow":["GET"]}}],"collection":[{"href":"https:\/\/www.kuldigastehnikums.lv\/index.php\/wp-json\/wp\/v2\/pages"}],"about":[{"href":"https:\/\/www.kuldigastehnikums.lv\/index.php\/wp-json\/wp\/v2\/types\/page"}],"author":[{"embeddable":true,"href":"https:\/\/www.kuldigastehnikums.lv\/index.php\/wp-json\/wp\/v2\/users\/1"}],"replies":[{"embeddable":true,"href":"https:\/\/www.kuldigastehnikums.lv\/index.php\/wp-json\/wp\/v2\/comments?post=4008"}],"version-history":[{"count":1,"href":"https:\/\/www.kuldigastehnikums.lv\/index.php\/wp-json\/wp\/v2\/pages\/4008\/revisions"}],"predecessor-version":[{"id":4010,"href":"https:\/\/www.kuldigastehnikums.lv\/index.php\/wp-json\/wp\/v2\/pages\/4008\/revisions\/4010"}],"up":[{"embeddable":true,"href":"https:\/\/www.kuldigastehnikums.lv\/index.php\/wp-json\/wp\/v2\/pages\/4005"}],"wp:featuredmedia":[{"embeddable":true,"href":"https:\/\/www.kuldigastehnikums.lv\/index.php\/wp-json\/wp\/v2\/media\/4009"}],"wp:attachment":[{"href":"https:\/\/www.kuldigastehnikums.lv\/index.php\/wp-json\/wp\/v2\/media?parent=4008"}],"curies":[{"name":"wp","href":"https:\/\/api.w.org\/{rel}","templated":true}]}}