{"id":4017,"date":"2019-07-07T10:54:23","date_gmt":"2019-07-07T10:54:23","guid":{"rendered":"http:\/\/www.kuldigastehnikums.lv\/?page_id=4017"},"modified":"2019-07-07T10:54:58","modified_gmt":"2019-07-07T10:54:58","slug":"aktivitates-zellisu-skola","status":"publish","type":"page","link":"https:\/\/www.kuldigastehnikums.lv\/index.php\/par-tehnikumu\/jauno-zellisu-skola\/aktivitates-zellisu-skola\/","title":{"rendered":"Aktivit\u0101tes Zell\u012b\u0161u skol\u0101"},"content":{"rendered":"\n<p>15 pamatskol\u0113ni turpina akt\u012bvi darboties pulci\u0146\u0101 \u201cZell\u012btis virtuv\u0113\u201d, kuru vada skolot\u0101ja Ieva Mis\u0101ne. Zell\u012b\u0161i ir apgvu\u0161i vesel\u012bgu un gar\u0161\u012bgu sal\u0101tu pagatavo\u0161anas m\u0101kslu, izcepu\u0161i gan kartupe\u013cu, gan pl\u0101n\u0101s pank\u016bkas ar pild\u012bjumu, izcepu\u0161i un nodekor\u0113ju\u0161i pipark\u016bkas, k\u0101 ar\u012b v\u0113l daudz ko citu. M\u0101c\u012bbas pulci\u0146\u0101 turpin\u0101sies l\u012bdz m\u0101c\u012bbu gada beig\u0101m.<\/p>\n\n\n\n<p>Inform\u0101ciju sagatavoja skolot\u0101ja Zanda \u0160legelmilha. Foto: Ieva Mis\u0101ne.<\/p>\n\n\n\n[ngg src=&#8221;galleries&#8221; ids=&#8221;177&#8243; display=&#8221;basic_thumbnail&#8221;]\n","protected":false},"excerpt":{"rendered":"<p>15 pamatskol\u0113ni turpina akt\u012bvi darboties pulci\u0146\u0101 \u201cZell\u012btis virtuv\u0113\u201d, kuru vada skolot\u0101ja Ieva Mis\u0101ne. Zell\u012b\u0161i ir apgvu\u0161i vesel\u012bgu un gar\u0161\u012bgu sal\u0101tu pagatavo\u0161anas m\u0101kslu, izcepu\u0161i gan kartupe\u013cu, gan pl\u0101n\u0101s pank\u016bkas ar pild\u012bjumu, izcepu\u0161i un nodekor\u0113ju\u0161i pipark\u016bkas, k\u0101 ar\u012b v\u0113l daudz ko citu. M\u0101c\u012bbas pulci\u0146\u0101 turpin\u0101sies l\u012bdz m\u0101c\u012bbu gada beig\u0101m. Inform\u0101ciju sagatavoja skolot\u0101ja Zanda \u0160legelmilha. Foto: Ieva Mis\u0101ne. [&#8230;]<\/p>\n<p><a class=\"btn btn-secondary understrap-read-more-link\" href=\"https:\/\/www.kuldigastehnikums.lv\/index.php\/par-tehnikumu\/jauno-zellisu-skola\/aktivitates-zellisu-skola\/\">Vair\u0101k&#8230;<\/a><\/p>\n","protected":false},"author":1,"featured_media":4019,"parent":4005,"menu_order":0,"comment_status":"closed","ping_status":"closed","template":"page-templates\/about-school-child.php","meta":{"footnotes":""},"class_list":["post-4017","page","type-page","status-publish","has-post-thumbnail","hentry"],"_links":{"self":[{"href":"https:\/\/www.kuldigastehnikums.lv\/index.php\/wp-json\/wp\/v2\/pages\/4017","targetHints":{"allow":["GET"]}}],"collection":[{"href":"https:\/\/www.kuldigastehnikums.lv\/index.php\/wp-json\/wp\/v2\/pages"}],"about":[{"href":"https:\/\/www.kuldigastehnikums.lv\/index.php\/wp-json\/wp\/v2\/types\/page"}],"author":[{"embeddable":true,"href":"https:\/\/www.kuldigastehnikums.lv\/index.php\/wp-json\/wp\/v2\/users\/1"}],"replies":[{"embeddable":true,"href":"https:\/\/www.kuldigastehnikums.lv\/index.php\/wp-json\/wp\/v2\/comments?post=4017"}],"version-history":[{"count":1,"href":"https:\/\/www.kuldigastehnikums.lv\/index.php\/wp-json\/wp\/v2\/pages\/4017\/revisions"}],"predecessor-version":[{"id":4018,"href":"https:\/\/www.kuldigastehnikums.lv\/index.php\/wp-json\/wp\/v2\/pages\/4017\/revisions\/4018"}],"up":[{"embeddable":true,"href":"https:\/\/www.kuldigastehnikums.lv\/index.php\/wp-json\/wp\/v2\/pages\/4005"}],"wp:featuredmedia":[{"embeddable":true,"href":"https:\/\/www.kuldigastehnikums.lv\/index.php\/wp-json\/wp\/v2\/media\/4019"}],"wp:attachment":[{"href":"https:\/\/www.kuldigastehnikums.lv\/index.php\/wp-json\/wp\/v2\/media?parent=4017"}],"curies":[{"name":"wp","href":"https:\/\/api.w.org\/{rel}","templated":true}]}}