{"id":4060,"date":"2019-07-07T12:16:27","date_gmt":"2019-07-07T12:16:27","guid":{"rendered":"http:\/\/www.kuldigastehnikums.lv\/?page_id=4060"},"modified":"2019-07-07T12:16:27","modified_gmt":"2019-07-07T12:16:27","slug":"prakses-deveji","status":"publish","type":"page","link":"https:\/\/www.kuldigastehnikums.lv\/index.php\/audzekniem\/prakses-deveji\/","title":{"rendered":"Prakses dev\u0113ji"},"content":{"rendered":"\n<p>IK&#8221;P\u016bp\u0113dis&#8221;<br>\nSIA&#8221;Rota IG&#8221;<br>\nSIA&#8221;Propeller foodie&#8221;&#8221; <br>\nSIA&#8221;EKQVISITO&#8221;<br>\nSIA &#8220;Alek\u0161up\u012bte&#8221;<br>\nSIA&#8221;SIMRA&#8221;<br>\nSIA&#8221;Vita M\u0101rkets<br>\nSIA&#8221;Istabas&#8221;<br>\nSIA&#8221;Saules ieleja&#8221;<br>\nSIA&#8221;Kusman 14&#8243;<br>\nSIA&#8221;Inrad&#8221;<br>\nSIA&#8221;Parkburger&#8221;<br>\nSIA&#8221;Podnieces virtuve&#8221;<br>\nKlubs-restor\u0101ns&#8221;Vecais vikings&#8221;<br>\nSIA&#8221;Gusta Vanilla&#8221;<br>\nSIA&#8221;Vibo&#8221;<br>\nSIA&#8221;Anrus<br>\nSIA&#8221;Fensterbauer&#8221;<br>\nSIA&#8221;Ug\u0101les \u0113r\u0123e\u013cb\u016bves darbn\u012bcas&#8221;<br>\nSIA&#8221;SIKA&#8221;<br>\nSIA&#8221;Visual Studio&#8221;<br>\nSIA Mana galdniec\u012bba&#8221;<br>\nSIA &#8220;Koka serviss&#8221;<br>\nSIA&#8221;Ventex &amp;Ko&#8221;<br>\nIK&#8221;\u0112riks Oficieris&#8221;<br>\nSIA&#8221;Sigma Reality&#8221;, viesn\u012bca &#8220;Tukums&#8221;<br>\nSIA&#8221;Courland Village&#8221;, viesn\u012bca&#8221;Metropole&#8221;<br>\nR.L\u012bma\u0146a z\/s&#8221;Silmices&#8221;<br>\nAS&#8221;Kurzemes radio&#8221;<br>\nAS&#8221;Drogas&#8221;<br>\nKabiles pagasta dienesta viesn\u012bca<br>\nVSACK&#8221;Kurzeme&#8221;,fili\u0101le&#8221; Gudenieki&#8221;<br>\nSIA&#8221;Rota IG&#8221;, restor\u0101ns -viesu nams &#8220;J\u0113kaba s\u0113ta&#8221;<br>\nPI&#8221;Jelgavas re\u0123ion\u0101lais t\u016brisma centrs&#8221;<br>\nPI&#8221;Kuld\u012bgas akt\u012bv\u0101s atp\u016btas centrs&#8221;<br>\nNodarbin\u0101t\u012bbas valsts a\u0123ent\u016bra<br>\nSIA&#8221;Tinto&#8221;<br>\nPA&#8221;Kuld\u012bgas novada muzejs&#8221;<br>\nAB DZELME<br>\nIU&#8221;Igors Ar\u0101js&#8221;<br>\nID&#8221;Andris Ar\u0101js&#8221;<br>\nID&#8221;Artis \u0160trauss&#8221;<br>\nSIA&#8221;P&amp;R&#8221;, <br>\nSIA&#8221;Ima autoserviss&#8221;<br>\nIK&#8221;Jura autoserviss&#8221;<br>\nSIA&#8221;Audi remonts un rezerves da\u013cas&#8221;<br>\nZ\/S &#8220;Ka\u0137i&#8221;, <br>\nBiiedr\u012bba&#8221;IFI&#8221;<br>\nMikrouz\u0146\u0113mums &#8220;M-TUNING&#8221;<br>\nZemessardzes 45.nodro\u0161in\u0101juma bataljons<br>\nSIA&#8221;Volvo Truck Latvia&#8221;<br>\nZemessardzes 45.nodro\u0161in\u0101juma bataljons<br>\nSIA&#8221;Rezerve&#8221;<br>\nSIA&#8221;Autostreams&#8221;<br>\nSIA&#8221;M\u0113tra A&#8221;<br>\nIU&#8221;Eraks&#8221;<br>\nZ\/S&#8221;Misi\u0146i&#8221;<br>\nSIA&#8221;SK Autoserviss&#8221;<br>\nIK &#8220;BUNSS&#8221;salons &#8220;Dieviete&#8221;<br>\nID &#8220;Dace Lagzdi\u0146a&#8221;<br>\nIU&#8221;Lady Look&#8221;<br>\nID&#8221;Silga Reine&#8221;<br>\nSIA &#8220;AD Madara&#8221;salons &#8220;Pie Aivas&#8221;<br>\nIU&#8221;Krist\u012bne D\u016bvi\u0146a&#8221;<br>\nIU &#8220;Dana Egle&#8221;<br>\nSIA &#8220;Niko Moda&#8221;<br>\nSIA&#8221;Bagiart&#8221;<br>\nIK&#8221;Lotosana&#8221;<br>\nID&#8221;Anita Zvingule&#8221;<br>\nSIA&#8221;Amisi SG&#8221;<br>\nSIA &#8220;AD Madara&#8221;salons &#8220;Pie Aivas&#8221;<br>\nIK&#8221;Salons Jums&#8221;<br>\nIK&#8221;Salons Lauma&#8221;<br>\nSIA &#8220;Kim Project&#8221;salons &#8220;Garra rufa spa&#8221;<br>\nSIA &#8220;Ro\u017eu nams&#8221;&#8221; <br>\nSIA&#8221;Kuld\u012bgas slimn\u012bca&#8221;rehabilit\u0101cijas noda\u013ca<br>\nSIA &#8220;Kalnmui\u017eas viesn\u012bca&#8221;<br>\nSIA&#8221;Autoballe&#8221;<br>\nSIA &#8220;ZR Autodeta\u013cas&#8221;<br>\nZ\/S&#8221;Krastkalani&#8221; autoserviss<br>\nSIA&#8221;Rezerve&#8221;<br>\nSIA&#8221;LM AUTO&#8221;<br>\nSIA &#8220;Volvo TRUCK LATVIA&#8221; Ventspils serviss<br>\nSIA&#8221;Furors Cafe&#8221; sp&#8221;e\u013cu z\u0101le-b\u0101rs Klondaika <br>\n&#8220;Goldingen Room&#8221; SIA &#8220;Propeller Foodie&#8221; restor\u0101ns, <br>\nIK &#8220;Kl\u016bdzi\u0146a&#8221;<br>\nSIA &#8220;Firma orions&#8221;, kafejn\u012bca&#8221;Dzirnavi\u0146as&#8221;<br>\nSIA &#8220;Rumba&#8221;<br>\nSIA J\u016brmalas SPA<br>\nz\/s &#8220;Amazone&#8221;<br>\nSIA &#8220;Pilsber\u0123u krogs&#8221;<\/p>\n","protected":false},"excerpt":{"rendered":"<p>IK&#8221;P\u016bp\u0113dis&#8221; SIA&#8221;Rota IG&#8221; SIA&#8221;Propeller foodie&#8221;&#8221; SIA&#8221;EKQVISITO&#8221; SIA &#8220;Alek\u0161up\u012bte&#8221; SIA&#8221;SIMRA&#8221; SIA&#8221;Vita M\u0101rkets SIA&#8221;Istabas&#8221; SIA&#8221;Saules ieleja&#8221; SIA&#8221;Kusman 14&#8243; SIA&#8221;Inrad&#8221; SIA&#8221;Parkburger&#8221; SIA&#8221;Podnieces virtuve&#8221; Klubs-restor\u0101ns&#8221;Vecais vikings&#8221; SIA&#8221;Gusta Vanilla&#8221; SIA&#8221;Vibo&#8221; SIA&#8221;Anrus SIA&#8221;Fensterbauer&#8221; SIA&#8221;Ug\u0101les \u0113r\u0123e\u013cb\u016bves darbn\u012bcas&#8221; SIA&#8221;SIKA&#8221; SIA&#8221;Visual Studio&#8221; SIA Mana galdniec\u012bba&#8221; SIA &#8220;Koka serviss&#8221; SIA&#8221;Ventex &amp;Ko&#8221; IK&#8221;\u0112riks Oficieris&#8221; SIA&#8221;Sigma Reality&#8221;, viesn\u012bca &#8220;Tukums&#8221; SIA&#8221;Courland Village&#8221;, viesn\u012bca&#8221;Metropole&#8221; R.L\u012bma\u0146a z\/s&#8221;Silmices&#8221; AS&#8221;Kurzemes radio&#8221; AS&#8221;Drogas&#8221;<a class=\"moretag\" href=\"https:\/\/www.kuldigastehnikums.lv\/index.php\/audzekniem\/prakses-deveji\/\"> Vair\u0101k<\/a> [&#8230;]<\/p>\n<p><a class=\"btn btn-secondary understrap-read-more-link\" href=\"https:\/\/www.kuldigastehnikums.lv\/index.php\/audzekniem\/prakses-deveji\/\">Vair\u0101k&#8230;<\/a><\/p>\n","protected":false},"author":1,"featured_media":0,"parent":49,"menu_order":0,"comment_status":"closed","ping_status":"closed","template":"page-templates\/fullwidthpage.php","meta":{"footnotes":""},"class_list":["post-4060","page","type-page","status-publish","hentry"],"_links":{"self":[{"href":"https:\/\/www.kuldigastehnikums.lv\/index.php\/wp-json\/wp\/v2\/pages\/4060","targetHints":{"allow":["GET"]}}],"collection":[{"href":"https:\/\/www.kuldigastehnikums.lv\/index.php\/wp-json\/wp\/v2\/pages"}],"about":[{"href":"https:\/\/www.kuldigastehnikums.lv\/index.php\/wp-json\/wp\/v2\/types\/page"}],"author":[{"embeddable":true,"href":"https:\/\/www.kuldigastehnikums.lv\/index.php\/wp-json\/wp\/v2\/users\/1"}],"replies":[{"embeddable":true,"href":"https:\/\/www.kuldigastehnikums.lv\/index.php\/wp-json\/wp\/v2\/comments?post=4060"}],"version-history":[{"count":1,"href":"https:\/\/www.kuldigastehnikums.lv\/index.php\/wp-json\/wp\/v2\/pages\/4060\/revisions"}],"predecessor-version":[{"id":4061,"href":"https:\/\/www.kuldigastehnikums.lv\/index.php\/wp-json\/wp\/v2\/pages\/4060\/revisions\/4061"}],"up":[{"embeddable":true,"href":"https:\/\/www.kuldigastehnikums.lv\/index.php\/wp-json\/wp\/v2\/pages\/49"}],"wp:attachment":[{"href":"https:\/\/www.kuldigastehnikums.lv\/index.php\/wp-json\/wp\/v2\/media?parent=4060"}],"curies":[{"name":"wp","href":"https:\/\/api.w.org\/{rel}","templated":true}]}}