{"id":41,"date":"2019-04-23T20:18:58","date_gmt":"2019-04-23T20:18:58","guid":{"rendered":"http:\/\/ktt.izstrade.cf\/?page_id=41"},"modified":"2025-11-05T12:55:24","modified_gmt":"2025-11-05T12:55:24","slug":"par-tehnikumu","status":"publish","type":"page","link":"https:\/\/www.kuldigastehnikums.lv\/index.php\/par-tehnikumu\/","title":{"rendered":"Par tehnikumu"},"content":{"rendered":"\t\t<div data-elementor-type=\"wp-page\" data-elementor-id=\"41\" class=\"elementor elementor-41\" data-elementor-post-type=\"page\">\n\t\t\t\t\t\t<section class=\"elementor-section elementor-top-section elementor-element elementor-element-1750427 elementor-section-boxed elementor-section-height-default elementor-section-height-default\" data-id=\"1750427\" data-element_type=\"section\">\n\t\t\t\t\t\t<div class=\"elementor-container elementor-column-gap-default\">\n\t\t\t\t\t<div class=\"elementor-column elementor-col-100 elementor-top-column elementor-element elementor-element-f66c41c\" data-id=\"f66c41c\" data-element_type=\"column\">\n\t\t\t<div class=\"elementor-widget-wrap elementor-element-populated\">\n\t\t\t\t\t\t<div class=\"elementor-element elementor-element-869341a elementor-widget elementor-widget-text-editor\" data-id=\"869341a\" data-element_type=\"widget\" data-widget_type=\"text-editor.default\">\n\t\t\t\t<div class=\"elementor-widget-container\">\n\t\t\t\t\t\t\t\t\t<h1><img fetchpriority=\"high\" decoding=\"async\" class=\"alignnone\" src=\"http:\/\/www.kuldigastehnikums.lv\/wp-content\/uploads\/2025\/08\/422042271_951466730314760_1036139697382080245_n.jpg\" alt=\"\" width=\"2048\" height=\"1536\" \/><\/h1>\t\t\t\t\t\t\t\t<\/div>\n\t\t\t\t<\/div>\n\t\t\t\t\t<\/div>\n\t\t<\/div>\n\t\t\t\t\t<\/div>\n\t\t<\/section>\n\t\t\t\t<section class=\"elementor-section elementor-top-section elementor-element elementor-element-e079417 elementor-section-boxed elementor-section-height-default elementor-section-height-default\" data-id=\"e079417\" data-element_type=\"section\">\n\t\t\t\t\t\t<div class=\"elementor-container elementor-column-gap-default\">\n\t\t\t\t\t<div class=\"elementor-column elementor-col-33 elementor-top-column elementor-element elementor-element-5efdd6b\" data-id=\"5efdd6b\" data-element_type=\"column\">\n\t\t\t<div class=\"elementor-widget-wrap elementor-element-populated\">\n\t\t\t\t\t\t<div class=\"elementor-element elementor-element-13c54a2 elementor-widget elementor-widget-text-editor\" data-id=\"13c54a2\" data-element_type=\"widget\" data-widget_type=\"text-editor.default\">\n\t\t\t\t<div class=\"elementor-widget-container\">\n\t\t\t\t\t\t\t\t\t<div class=\"container-inside ml-auto mr-auto\"><div class=\"row mb-5 forstudents white-bg\"><div class=\"col-12\"><h1><a title=\"V\u0113sture\" href=\"https:\/\/www.kuldigastehnikums.lv\/index.php\/par-tehnikumu\/vesture\/\">V\u0113sture<\/a><\/h1><p><strong>Izgl\u012bt\u012bbas un zin\u0101tnes ministrijas<br \/><\/strong>Kuld\u012bgas Tehnolo\u0123iju un t\u016brisma tehnikums, iepriek\u0161 Kuld\u012bgas Tehnolo\u0123iju un t\u016brisma profesion\u0101l\u0101 vidusskola (no 2008. gada), Kuld\u012bgas 78. arodvidusskola (no 1989. gada).<br \/>Atrodas pils\u0113tas centr\u0101, biju\u0161aj\u0101 Baltijas skolot\u0101ju semin\u0101ra \u0113ku<br \/>kompleks\u0101.<\/p><\/div><\/div><\/div>\t\t\t\t\t\t\t\t<\/div>\n\t\t\t\t<\/div>\n\t\t\t\t\t<\/div>\n\t\t<\/div>\n\t\t\t\t<div class=\"elementor-column elementor-col-33 elementor-top-column elementor-element elementor-element-bf8aada\" data-id=\"bf8aada\" data-element_type=\"column\">\n\t\t\t<div class=\"elementor-widget-wrap elementor-element-populated\">\n\t\t\t\t\t\t<div class=\"elementor-element elementor-element-88e518b elementor-widget elementor-widget-text-editor\" data-id=\"88e518b\" data-element_type=\"widget\" data-widget_type=\"text-editor.default\">\n\t\t\t\t<div class=\"elementor-widget-container\">\n\t\t\t\t\t\t\t\t\t<h1 style=\"text-align: center;\"><a title=\"V\u0113sture\" href=\"https:\/\/www.kuldigastehnikums.lv\/index.php\/himna\/\">Himna<\/a><\/h1><p style=\"text-align: center;\"><strong><b>Kuld\u012bgas Tehnolo\u0123iju un t\u016brisma tehnikuma himna<\/b><\/strong><strong><b>(2019.gada absolventes K.M.Rimovi\u010das v\u0101rdi, L.A.J\u0101valdes kora &#8220;Liepzieds&#8221; diri\u0123entes m\u016bzika)<\/b><\/strong><\/p>\t\t\t\t\t\t\t\t<\/div>\n\t\t\t\t<\/div>\n\t\t\t\t\t<\/div>\n\t\t<\/div>\n\t\t\t\t<div class=\"elementor-column elementor-col-33 elementor-top-column elementor-element elementor-element-7e7fca2\" data-id=\"7e7fca2\" data-element_type=\"column\">\n\t\t\t<div class=\"elementor-widget-wrap elementor-element-populated\">\n\t\t\t\t\t\t<div class=\"elementor-element elementor-element-869e42b elementor-widget elementor-widget-text-editor\" data-id=\"869e42b\" data-element_type=\"widget\" data-widget_type=\"text-editor.default\">\n\t\t\t\t<div class=\"elementor-widget-container\">\n\t\t\t\t\t\t\t\t\t<h1 style=\"text-align: center;\"><a href=\"https:\/\/www.kuldigastehnikums.lv\/index.php\/simbolika\">Z\u012bmola st\u0101sts un karogs<\/a><\/h1><p style=\"text-align: center;\"><strong><b>Kuld\u012bgas Tehnolo\u0123iju un t\u016brisma tehnikuma (KTTT) Z\u012bmola st\u0101sts.<br \/><\/b><\/strong>KTTT z\u012bmols rad\u012bts 2014.gad\u0101. Z\u012bmolu veido ez\u012b\u0161a un tilta simboli.<\/p>\t\t\t\t\t\t\t\t<\/div>\n\t\t\t\t<\/div>\n\t\t\t\t\t<\/div>\n\t\t<\/div>\n\t\t\t\t\t<\/div>\n\t\t<\/section>\n\t\t\t\t<section class=\"elementor-section elementor-top-section elementor-element elementor-element-d4fd26e elementor-section-boxed elementor-section-height-default elementor-section-height-default\" data-id=\"d4fd26e\" data-element_type=\"section\">\n\t\t\t\t\t\t<div class=\"elementor-container elementor-column-gap-default\">\n\t\t\t\t\t<div class=\"elementor-column elementor-col-100 elementor-top-column elementor-element elementor-element-7056ca1\" data-id=\"7056ca1\" data-element_type=\"column\">\n\t\t\t<div class=\"elementor-widget-wrap elementor-element-populated\">\n\t\t\t\t\t\t<div class=\"elementor-element elementor-element-a040008 elementor-widget elementor-widget-text-editor\" data-id=\"a040008\" data-element_type=\"widget\" data-widget_type=\"text-editor.default\">\n\t\t\t\t<div class=\"elementor-widget-container\">\n\t\t\t\t\t\t\t\t\t<div class=\"container-inside ml-auto mr-auto\"><div class=\"row mb-5 forstudents white-bg\"><div class=\"col-12\"><table style=\"border-collapse: collapse; width: 100%;\"><tbody><tr><td style=\"width: 33.3333%; vertical-align: top;\"><h3 style=\"text-align: center;\"><strong>V\u012bzija<\/strong><\/h3><p style=\"text-align: center;\">Nacion\u0101l\u0101s v\u0113rt\u012bb\u0101s balst\u012bts daudzfunkcion\u0101ls profesion\u0101l\u0101s izgl\u012bt\u012bbas, kulturizgl\u012bt\u012bbas , karjeras izgl\u012bt\u012bbas starptautisks KAMPUS<\/p><\/td><td style=\"width: 33.3333%;\"><h3 style=\"text-align: center;\"><strong>Misija<\/strong><\/h3><p style=\"text-align: center;\">Kopdarb\u0101 ar novada, re\u0123iona, valsts un starptautiskiem sadarb\u012bbas partneriem nodro\u0161in\u0101t re\u0123ion\u0101 modernu, inovat\u012bvu, kvalitat\u012bvu, ilgtsp\u0113j\u012bgu, pieejamu profesion\u0101lo izgl\u012bt\u012bbu un person\u012bbas izaugsmi m\u016b\u017ea garum\u0101 tolerant\u0101, rado\u0161\u0101 un harmonisk\u0101 izgl\u012bt\u012bbas vid\u0113, att\u012bstot da\u017e\u0101das m\u0101c\u012bbu formas, karjeras izgl\u012bt\u012bbu, kult\u016brizgl\u012bt\u012bbu, patriotisko audzin\u0101\u0161anu, nostiprinot inteli\u0123ences mantojuma un UNESCO v\u0113rt\u012bbu apguvi.<\/p><\/td><td style=\"width: 33.3333%; vertical-align: top;\"><h3 style=\"text-align: center;\"><strong>V\u0113rt\u012bbas<\/strong><\/h3><p>Person\u012bba<\/p><p>Profesionalit\u0101te<\/p><p>Sadarb\u012bba<\/p><p>Pieder\u012bba<\/p><\/td><\/tr><\/tbody><\/table><\/div><\/div><div class=\"container-inside ml-auto mr-auto\"><div class=\"row mb-5 forstudents white-bg\"><div class=\"col-12\"><h3><strong>Tehnikuma Moto:<\/strong> <strong><a href=\"https:\/\/www.kuldigastehnikums.lv\/index.php\/augam-kopa\/\">Augam kop\u0101! (\u012bss ieskats)<\/a><\/strong><\/h3><p><a style=\"font-size: 2.22rem; font-weight: bold; text-align: center; background-color: #ffffff; font-family: var( --e-global-typography-text-font-family ), Sans-serif;\" title=\"Sadarb\u012bbas partneri\" href=\"https:\/\/www.kuldigastehnikums.lv\/index.php\/par-tehnikumu\/sadarbibas-partneri\/\">Sadarb\u012bbas partneri<\/a><\/p><\/div><\/div><\/div><div class=\"container-inside ml-auto mr-auto\"><div class=\"row mb-5 forstudents white-bg\"><div class=\"col-12\"><div class=\"partners-inside\"><figure class=\"wp-block-image\"><a class=\"partners-inside\" href=\"http:\/\/www.aeht.eu\/en\/\" target=\"_blank\" rel=\"noreferrer noopener\"><img decoding=\"async\" class=\"wp-image-4073\" title=\"\" src=\"http:\/\/www.kuldigastehnikums.lv\/wp-content\/uploads\/2019\/07\/logo1-AEHT-1.gif\" alt=\"\" width=\"308\" height=\"283\" data-attachment-id=\"4073\" data-permalink=\"http:\/\/www.kuldigastehnikums.lv\/par-tehnikumu\/sadarbibas-partneri\/logo1-aeht-1\/\" data-orig-file=\"http:\/\/www.kuldigastehnikums.lv\/wp-content\/uploads\/2019\/07\/logo1-AEHT-1.gif\" data-orig-size=\"308,283\" data-comments-opened=\"0\" data-image-meta=\"{\" data-image-title=\"logo1-AEHT-1\" data-image-description=\"\" data-medium-file=\"http:\/\/www.kuldigastehnikums.lv\/wp-content\/uploads\/2019\/07\/logo1-AEHT-1-300x276.gif\" data-large-file=\"http:\/\/www.kuldigastehnikums.lv\/wp-content\/uploads\/2019\/07\/logo1-AEHT-1.gif\" \/><\/a><\/figure><img decoding=\"async\" src=\"http:\/\/www.kuldigastehnikums.lv\/wp-content\/uploads\/2021\/02\/LVRA.jpg\" alt=\"\" width=\"300\" height=\"144\" \/><figure class=\"wp-block-image\"><a class=\"partners-inside\" href=\"https:\/\/latvianwood.lv\/\" target=\"_blank\" rel=\"noreferrer noopener\"><img loading=\"lazy\" decoding=\"async\" class=\"wp-image-4077\" title=\"\" src=\"http:\/\/www.kuldigastehnikums.lv\/wp-content\/uploads\/2019\/07\/logo_cropped-2.gif\" alt=\"\" width=\"160\" height=\"59\" data-attachment-id=\"4077\" data-permalink=\"http:\/\/www.kuldigastehnikums.lv\/par-tehnikumu\/sadarbibas-partneri\/logo_cropped-2\/\" data-orig-file=\"http:\/\/www.kuldigastehnikums.lv\/wp-content\/uploads\/2019\/07\/logo_cropped-2.gif\" data-orig-size=\"160,59\" data-comments-opened=\"0\" data-image-meta=\"{\" data-image-title=\"logo_cropped-2\" data-image-description=\"\" data-medium-file=\"http:\/\/www.kuldigastehnikums.lv\/wp-content\/uploads\/2019\/07\/logo_cropped-2.gif\" data-large-file=\"http:\/\/www.kuldigastehnikums.lv\/wp-content\/uploads\/2019\/07\/logo_cropped-2.gif\" \/><\/a><\/figure><figure class=\"wp-block-image\"><img loading=\"lazy\" decoding=\"async\" class=\"wp-image-4110\" title=\"\" src=\"http:\/\/www.kuldigastehnikums.lv\/wp-content\/uploads\/2019\/07\/kulinarais-mantojums.jpg\" alt=\"\" width=\"108\" height=\"153\" data-attachment-id=\"4110\" data-permalink=\"http:\/\/www.kuldigastehnikums.lv\/par-tehnikumu\/sadarbibas-partneri\/kulinarais-mantojums\/\" data-orig-file=\"http:\/\/www.kuldigastehnikums.lv\/wp-content\/uploads\/2019\/07\/kulinarais-mantojums.jpg\" data-orig-size=\"108,153\" data-comments-opened=\"0\" data-image-meta=\"{\" data-image-title=\"kulinarais-mantojums\" data-image-description=\"\" data-medium-file=\"http:\/\/www.kuldigastehnikums.lv\/wp-content\/uploads\/2019\/07\/kulinarais-mantojums.jpg\" data-large-file=\"http:\/\/www.kuldigastehnikums.lv\/wp-content\/uploads\/2019\/07\/kulinarais-mantojums.jpg\" \/><\/figure><\/div><div class=\"clearfix\">\u00a0<\/div><div class=\"text-center\"><a class=\"more-link\" href=\"https:\/\/www.kuldigastehnikums.lv\/index.php\/par-tehnikumu\/sadarbibas-partneri\/\"><button class=\"btn btn-lg pl-5 pr-5 pt-2 pb-2 btn-info\">Las\u012bt vair\u0101k<\/button><\/a><\/div><\/div><\/div><\/div><\/div><div class=\"container-inside ml-auto mr-auto\"><div class=\"row mb-5 forstudents white-bg\"><div class=\"col-12\">\u00a0<\/div><\/div><\/div>\t\t\t\t\t\t\t\t<\/div>\n\t\t\t\t<\/div>\n\t\t\t\t\t<\/div>\n\t\t<\/div>\n\t\t\t\t\t<\/div>\n\t\t<\/section>\n\t\t\t\t<\/div>\n\t\t","protected":false},"excerpt":{"rendered":"<p>V\u0113sture Izgl\u012bt\u012bbas un zin\u0101tnes ministrijasKuld\u012bgas Tehnolo\u0123iju un t\u016brisma tehnikums, iepriek\u0161 Kuld\u012bgas Tehnolo\u0123iju un t\u016brisma profesion\u0101l\u0101 vidusskola (no 2008. gada), Kuld\u012bgas 78. arodvidusskola (no 1989. gada).Atrodas pils\u0113tas centr\u0101, biju\u0161aj\u0101 Baltijas skolot\u0101ju semin\u0101ra \u0113kukompleks\u0101. Himna Kuld\u012bgas Tehnolo\u0123iju un t\u016brisma tehnikuma himna(2019.gada absolventes K.M.Rimovi\u010das v\u0101rdi, L.A.J\u0101valdes kora &#8220;Liepzieds&#8221; diri\u0123entes m\u016bzika) Z\u012bmola st\u0101sts un karogs Kuld\u012bgas Tehnolo\u0123iju un t\u016brisma<a class=\"moretag\" href=\"https:\/\/www.kuldigastehnikums.lv\/index.php\/par-tehnikumu\/\"> Vair\u0101k<\/a> [&#8230;]<\/p>\n<p><a class=\"btn btn-secondary understrap-read-more-link\" href=\"https:\/\/www.kuldigastehnikums.lv\/index.php\/par-tehnikumu\/\">Vair\u0101k&#8230;<\/a><\/p>\n","protected":false},"author":1,"featured_media":0,"parent":0,"menu_order":0,"comment_status":"closed","ping_status":"closed","template":"page-templates\/about-school-child.php","meta":{"footnotes":""},"class_list":["post-41","page","type-page","status-publish","hentry"],"_links":{"self":[{"href":"https:\/\/www.kuldigastehnikums.lv\/index.php\/wp-json\/wp\/v2\/pages\/41","targetHints":{"allow":["GET"]}}],"collection":[{"href":"https:\/\/www.kuldigastehnikums.lv\/index.php\/wp-json\/wp\/v2\/pages"}],"about":[{"href":"https:\/\/www.kuldigastehnikums.lv\/index.php\/wp-json\/wp\/v2\/types\/page"}],"author":[{"embeddable":true,"href":"https:\/\/www.kuldigastehnikums.lv\/index.php\/wp-json\/wp\/v2\/users\/1"}],"replies":[{"embeddable":true,"href":"https:\/\/www.kuldigastehnikums.lv\/index.php\/wp-json\/wp\/v2\/comments?post=41"}],"version-history":[{"count":108,"href":"https:\/\/www.kuldigastehnikums.lv\/index.php\/wp-json\/wp\/v2\/pages\/41\/revisions"}],"predecessor-version":[{"id":15282,"href":"https:\/\/www.kuldigastehnikums.lv\/index.php\/wp-json\/wp\/v2\/pages\/41\/revisions\/15282"}],"wp:attachment":[{"href":"https:\/\/www.kuldigastehnikums.lv\/index.php\/wp-json\/wp\/v2\/media?parent=41"}],"curies":[{"name":"wp","href":"https:\/\/api.w.org\/{rel}","templated":true}]}}