{"id":4293,"date":"2019-07-12T05:15:17","date_gmt":"2019-07-12T05:15:17","guid":{"rendered":"http:\/\/www.kuldigastehnikums.lv\/?page_id=4293"},"modified":"2022-05-26T10:20:19","modified_gmt":"2022-05-26T10:20:19","slug":"lietiska-anglu-valoda-turisma-informacijas-konsultants","status":"publish","type":"page","link":"https:\/\/www.kuldigastehnikums.lv\/index.php\/audzekniem\/macibu-materiali\/turisma-viesnicu-un-skaistumkopsanas-nodala\/turisma-informacijas-konsultants\/lietiska-anglu-valoda-turisma-informacijas-konsultants\/","title":{"rendered":"Lieti\u0161\u0137\u0101s sve\u0161valodas"},"content":{"rendered":"","protected":false},"excerpt":{"rendered":"<p> [&#8230;]<\/p>\n<p><a class=\"btn btn-secondary understrap-read-more-link\" href=\"https:\/\/www.kuldigastehnikums.lv\/index.php\/audzekniem\/macibu-materiali\/turisma-viesnicu-un-skaistumkopsanas-nodala\/turisma-informacijas-konsultants\/lietiska-anglu-valoda-turisma-informacijas-konsultants\/\">Vair\u0101k&#8230;<\/a><\/p>\n","protected":false},"author":1,"featured_media":0,"parent":4288,"menu_order":0,"comment_status":"closed","ping_status":"closed","template":"page-templates\/macibu-materiali.php","meta":{"footnotes":""},"class_list":["post-4293","page","type-page","status-publish","hentry"],"_links":{"self":[{"href":"https:\/\/www.kuldigastehnikums.lv\/index.php\/wp-json\/wp\/v2\/pages\/4293","targetHints":{"allow":["GET"]}}],"collection":[{"href":"https:\/\/www.kuldigastehnikums.lv\/index.php\/wp-json\/wp\/v2\/pages"}],"about":[{"href":"https:\/\/www.kuldigastehnikums.lv\/index.php\/wp-json\/wp\/v2\/types\/page"}],"author":[{"embeddable":true,"href":"https:\/\/www.kuldigastehnikums.lv\/index.php\/wp-json\/wp\/v2\/users\/1"}],"replies":[{"embeddable":true,"href":"https:\/\/www.kuldigastehnikums.lv\/index.php\/wp-json\/wp\/v2\/comments?post=4293"}],"version-history":[{"count":3,"href":"https:\/\/www.kuldigastehnikums.lv\/index.php\/wp-json\/wp\/v2\/pages\/4293\/revisions"}],"predecessor-version":[{"id":11748,"href":"https:\/\/www.kuldigastehnikums.lv\/index.php\/wp-json\/wp\/v2\/pages\/4293\/revisions\/11748"}],"up":[{"embeddable":true,"href":"https:\/\/www.kuldigastehnikums.lv\/index.php\/wp-json\/wp\/v2\/pages\/4288"}],"wp:attachment":[{"href":"https:\/\/www.kuldigastehnikums.lv\/index.php\/wp-json\/wp\/v2\/media?parent=4293"}],"curies":[{"name":"wp","href":"https:\/\/api.w.org\/{rel}","templated":true}]}}