{"id":4311,"date":"2019-07-12T05:20:34","date_gmt":"2019-07-12T05:20:34","guid":{"rendered":"http:\/\/www.kuldigastehnikums.lv\/?page_id=4311"},"modified":"2022-05-26T10:32:09","modified_gmt":"2022-05-26T10:32:09","slug":"tirguszinibas-turisma-un-informacijas-konsultants","status":"publish","type":"page","link":"https:\/\/www.kuldigastehnikums.lv\/index.php\/audzekniem\/macibu-materiali\/turisma-viesnicu-un-skaistumkopsanas-nodala\/turisma-informacijas-konsultants\/tirguszinibas-turisma-un-informacijas-konsultants\/","title":{"rendered":"T\u016brisma pakalpojumu komplekt\u0113\u0161ana un cenu veido\u0161ana"},"content":{"rendered":"","protected":false},"excerpt":{"rendered":"<p> [&#8230;]<\/p>\n<p><a class=\"btn btn-secondary understrap-read-more-link\" href=\"https:\/\/www.kuldigastehnikums.lv\/index.php\/audzekniem\/macibu-materiali\/turisma-viesnicu-un-skaistumkopsanas-nodala\/turisma-informacijas-konsultants\/tirguszinibas-turisma-un-informacijas-konsultants\/\">Vair\u0101k&#8230;<\/a><\/p>\n","protected":false},"author":1,"featured_media":0,"parent":4288,"menu_order":0,"comment_status":"closed","ping_status":"closed","template":"page-templates\/macibu-materiali.php","meta":{"footnotes":""},"class_list":["post-4311","page","type-page","status-publish","hentry"],"_links":{"self":[{"href":"https:\/\/www.kuldigastehnikums.lv\/index.php\/wp-json\/wp\/v2\/pages\/4311","targetHints":{"allow":["GET"]}}],"collection":[{"href":"https:\/\/www.kuldigastehnikums.lv\/index.php\/wp-json\/wp\/v2\/pages"}],"about":[{"href":"https:\/\/www.kuldigastehnikums.lv\/index.php\/wp-json\/wp\/v2\/types\/page"}],"author":[{"embeddable":true,"href":"https:\/\/www.kuldigastehnikums.lv\/index.php\/wp-json\/wp\/v2\/users\/1"}],"replies":[{"embeddable":true,"href":"https:\/\/www.kuldigastehnikums.lv\/index.php\/wp-json\/wp\/v2\/comments?post=4311"}],"version-history":[{"count":2,"href":"https:\/\/www.kuldigastehnikums.lv\/index.php\/wp-json\/wp\/v2\/pages\/4311\/revisions"}],"predecessor-version":[{"id":11751,"href":"https:\/\/www.kuldigastehnikums.lv\/index.php\/wp-json\/wp\/v2\/pages\/4311\/revisions\/11751"}],"up":[{"embeddable":true,"href":"https:\/\/www.kuldigastehnikums.lv\/index.php\/wp-json\/wp\/v2\/pages\/4288"}],"wp:attachment":[{"href":"https:\/\/www.kuldigastehnikums.lv\/index.php\/wp-json\/wp\/v2\/media?parent=4311"}],"curies":[{"name":"wp","href":"https:\/\/api.w.org\/{rel}","templated":true}]}}