{"id":4341,"date":"2019-07-12T05:28:56","date_gmt":"2019-07-12T05:28:56","guid":{"rendered":"http:\/\/www.kuldigastehnikums.lv\/?page_id=4341"},"modified":"2022-05-26T10:40:47","modified_gmt":"2022-05-26T10:40:47","slug":"sanitarija-un-higiena","status":"publish","type":"page","link":"https:\/\/www.kuldigastehnikums.lv\/index.php\/audzekniem\/macibu-materiali\/turisma-viesnicu-un-skaistumkopsanas-nodala\/spa-specialists\/sanitarija-un-higiena\/","title":{"rendered":"Epidemiolo\u0123ijas un higienas pras\u012bbu nodro\u0161in\u0101\u0161ana"},"content":{"rendered":"","protected":false},"excerpt":{"rendered":"<p> [&#8230;]<\/p>\n<p><a class=\"btn btn-secondary understrap-read-more-link\" href=\"https:\/\/www.kuldigastehnikums.lv\/index.php\/audzekniem\/macibu-materiali\/turisma-viesnicu-un-skaistumkopsanas-nodala\/spa-specialists\/sanitarija-un-higiena\/\">Vair\u0101k&#8230;<\/a><\/p>\n","protected":false},"author":1,"featured_media":0,"parent":4329,"menu_order":0,"comment_status":"closed","ping_status":"closed","template":"page-templates\/macibu-materiali.php","meta":{"footnotes":""},"class_list":["post-4341","page","type-page","status-publish","hentry"],"_links":{"self":[{"href":"https:\/\/www.kuldigastehnikums.lv\/index.php\/wp-json\/wp\/v2\/pages\/4341","targetHints":{"allow":["GET"]}}],"collection":[{"href":"https:\/\/www.kuldigastehnikums.lv\/index.php\/wp-json\/wp\/v2\/pages"}],"about":[{"href":"https:\/\/www.kuldigastehnikums.lv\/index.php\/wp-json\/wp\/v2\/types\/page"}],"author":[{"embeddable":true,"href":"https:\/\/www.kuldigastehnikums.lv\/index.php\/wp-json\/wp\/v2\/users\/1"}],"replies":[{"embeddable":true,"href":"https:\/\/www.kuldigastehnikums.lv\/index.php\/wp-json\/wp\/v2\/comments?post=4341"}],"version-history":[{"count":2,"href":"https:\/\/www.kuldigastehnikums.lv\/index.php\/wp-json\/wp\/v2\/pages\/4341\/revisions"}],"predecessor-version":[{"id":11757,"href":"https:\/\/www.kuldigastehnikums.lv\/index.php\/wp-json\/wp\/v2\/pages\/4341\/revisions\/11757"}],"up":[{"embeddable":true,"href":"https:\/\/www.kuldigastehnikums.lv\/index.php\/wp-json\/wp\/v2\/pages\/4329"}],"wp:attachment":[{"href":"https:\/\/www.kuldigastehnikums.lv\/index.php\/wp-json\/wp\/v2\/media?parent=4341"}],"curies":[{"name":"wp","href":"https:\/\/api.w.org\/{rel}","templated":true}]}}