{"id":4560,"date":"2019-07-12T06:44:48","date_gmt":"2019-07-12T06:44:48","guid":{"rendered":"http:\/\/www.kuldigastehnikums.lv\/?page_id=4560"},"modified":"2023-12-03T19:15:53","modified_gmt":"2023-12-03T19:15:53","slug":"informatika","status":"publish","type":"page","link":"https:\/\/www.kuldigastehnikums.lv\/index.php\/audzekniem\/macibu-materiali\/vispar-izglitojoso-macibu-prieksmetu-materiali\/informatika\/","title":{"rendered":"Inform\u0101tika"},"content":{"rendered":"<p><a href=\"https:\/\/youtu.be\/auIGx_qJCpc\">WORD dokumenta saglab\u0101\u0161ana<\/a><\/p>\n<p><a href=\"https:\/\/youtu.be\/eZuQxABjuzU\">WORD lappuses iestat\u012b\u0161ana<\/a><\/p>\n","protected":false},"excerpt":{"rendered":"<p>WORD dokumenta saglab\u0101\u0161ana WORD lappuses iestat\u012b\u0161ana [&#8230;]<\/p>\n<p><a class=\"btn btn-secondary understrap-read-more-link\" href=\"https:\/\/www.kuldigastehnikums.lv\/index.php\/audzekniem\/macibu-materiali\/vispar-izglitojoso-macibu-prieksmetu-materiali\/informatika\/\">Vair\u0101k&#8230;<\/a><\/p>\n","protected":false},"author":1,"featured_media":0,"parent":3751,"menu_order":0,"comment_status":"closed","ping_status":"closed","template":"page-templates\/macibu-materiali.php","meta":{"footnotes":""},"class_list":["post-4560","page","type-page","status-publish","hentry"],"_links":{"self":[{"href":"https:\/\/www.kuldigastehnikums.lv\/index.php\/wp-json\/wp\/v2\/pages\/4560","targetHints":{"allow":["GET"]}}],"collection":[{"href":"https:\/\/www.kuldigastehnikums.lv\/index.php\/wp-json\/wp\/v2\/pages"}],"about":[{"href":"https:\/\/www.kuldigastehnikums.lv\/index.php\/wp-json\/wp\/v2\/types\/page"}],"author":[{"embeddable":true,"href":"https:\/\/www.kuldigastehnikums.lv\/index.php\/wp-json\/wp\/v2\/users\/1"}],"replies":[{"embeddable":true,"href":"https:\/\/www.kuldigastehnikums.lv\/index.php\/wp-json\/wp\/v2\/comments?post=4560"}],"version-history":[{"count":3,"href":"https:\/\/www.kuldigastehnikums.lv\/index.php\/wp-json\/wp\/v2\/pages\/4560\/revisions"}],"predecessor-version":[{"id":12625,"href":"https:\/\/www.kuldigastehnikums.lv\/index.php\/wp-json\/wp\/v2\/pages\/4560\/revisions\/12625"}],"up":[{"embeddable":true,"href":"https:\/\/www.kuldigastehnikums.lv\/index.php\/wp-json\/wp\/v2\/pages\/3751"}],"wp:attachment":[{"href":"https:\/\/www.kuldigastehnikums.lv\/index.php\/wp-json\/wp\/v2\/media?parent=4560"}],"curies":[{"name":"wp","href":"https:\/\/api.w.org\/{rel}","templated":true}]}}