{"id":46,"date":"2019-04-23T20:19:40","date_gmt":"2019-04-23T20:19:40","guid":{"rendered":"http:\/\/ktt.izstrade.cf\/?page_id=46"},"modified":"2024-05-25T20:10:55","modified_gmt":"2024-05-25T20:10:55","slug":"profesijas","status":"publish","type":"page","link":"https:\/\/www.kuldigastehnikums.lv\/index.php\/profesijas\/","title":{"rendered":"Profesijas"},"content":{"rendered":"<div class=\"container-inside ml-auto mr-auto\"><div class=\"row\">        <div class=\"col-lg-4 col-sm-6 col-12 pl-3 pr-3 mb-3\">\n            <div class=\"service-container\">\n                <div class=\"text-center pb-2 pt-4\"><img decoding=\"async\" src=\"http:\/\/www.kuldigastehnikums.lv\/wp-content\/uploads\/2019\/05\/autotranstport.png\" \/><\/div>\n                <div class=\"w-100 text-center\"><h3>Autotransports<\/h3><\/div>\n                <div>\n                  <ul>\n                                           <li><a href=\"https:\/\/www.kuldigastehnikums.lv\/index.php\/logistikas-darbinieks-pec-9-klases\/\" title=\"Lo\u0123istikas darbinieks p\u0113c pamatizgl\u012bt\u012bbas\">Lo\u0123istikas darbinieks p\u0113c pamatizgl\u012bt\u012bbas<\/a><\/li>\n                                          <li><a href=\"https:\/\/www.kuldigastehnikums.lv\/index.php\/automehanikis-autoatsledznieks-pec-pamatskolas\/\" title=\"Automeh\u0101ni\u0137is Autoatsl\u0113dznieks p\u0113c pamatizgl\u012bt\u012bbas\">Automeh\u0101ni\u0137is Autoatsl\u0113dznieks p\u0113c pamatizgl\u012bt\u012bbas<\/a><\/li>\n                                       <\/ul>\n                <\/div>\n            <\/div>\n        <\/div>\n                <div class=\"col-lg-4 col-sm-6 col-12 pl-3 pr-3 mb-3\">\n            <div class=\"service-container\">\n                <div class=\"text-center pb-2 pt-4\"><img decoding=\"async\" src=\"http:\/\/www.kuldigastehnikums.lv\/wp-content\/uploads\/2019\/05\/edinasana.png\" \/><\/div>\n                <div class=\"w-100 text-center\"><h3>\u0112din\u0101\u0161anas, restor\u0101nu pakalpojumi un p\u0101rtikas ra\u017eo\u0161ana<\/h3><\/div>\n                <div>\n                  <ul>\n                                           <li><a href=\"https:\/\/www.kuldigastehnikums.lv\/index.php\/pavars-pec-9-klases\/\" title=\"Pav\u0101rs p\u0113c pamatizgl\u012bt\u012bbas\">Pav\u0101rs p\u0113c pamatizgl\u012bt\u012bbas<\/a><\/li>\n                                          <li><a href=\"https:\/\/www.kuldigastehnikums.lv\/index.php\/galas-produktu-izgatavotajs\/\" title=\"Konditors p\u0113c pamatizgl\u012bt\u012bbas\">Konditors p\u0113c pamatizgl\u012bt\u012bbas<\/a><\/li>\n                                          <li><a href=\"https:\/\/www.kuldigastehnikums.lv\/index.php\/konditors-pec-videjas-izglitibas\/\" title=\"Konditors p\u0113c vid\u0113j\u0101s izgl\u012bt\u012bbas\">Konditors p\u0113c vid\u0113j\u0101s izgl\u012bt\u012bbas<\/a><\/li>\n                                          <li><a href=\"https:\/\/www.kuldigastehnikums.lv\/index.php\/konditors-pec-videjas-izglitibas-2\/\" title=\"Konditors p\u0113c vid\u0113j\u0101s izgl\u012bt\u012bbas\">Konditors p\u0113c vid\u0113j\u0101s izgl\u012bt\u012bbas<\/a><\/li>\n                                          <li><a href=\"https:\/\/www.kuldigastehnikums.lv\/index.php\/viesmilis-pec-vidusskolas\/\" title=\"Viesm\u012blis p\u0113c vid\u0113j\u0101s izgl\u012bt\u012bbas\">Viesm\u012blis p\u0113c vid\u0113j\u0101s izgl\u012bt\u012bbas<\/a><\/li>\n                                          <li><a href=\"https:\/\/www.kuldigastehnikums.lv\/index.php\/lietiskas-makslas-specialists-kokapstrade-2\/\" title=\"Lieti\u0161\u0137\u0101s m\u0101kslas speci\u0101lists kokapstr\u0101d\u0113\">Lieti\u0161\u0137\u0101s m\u0101kslas speci\u0101lists kokapstr\u0101d\u0113<\/a><\/li>\n                                          <li><a href=\"https:\/\/www.kuldigastehnikums.lv\/index.php\/partikas-produktu-razosanas-tehnikis-pec-videjas-izglitibas\/\" title=\"P\u0101rtikas produktu ra\u017eo\u0161anas tehni\u0137is p\u0113c pamatizgl\u012bt\u012bbas\">P\u0101rtikas produktu ra\u017eo\u0161anas tehni\u0137is p\u0113c pamatizgl\u012bt\u012bbas<\/a><\/li>\n                                       <\/ul>\n                <\/div>\n            <\/div>\n        <\/div>\n                <div class=\"col-lg-4 col-sm-6 col-12 pl-3 pr-3 mb-3\">\n            <div class=\"service-container\">\n                <div class=\"text-center pb-2 pt-4\"><img decoding=\"async\" src=\"https:\/\/www.kuldigastehnikums.lv\/wp-content\/uploads\/2019\/05\/kokizstradajumi.png\" \/><\/div>\n                <div class=\"w-100 text-center\"><h3>Kokizstr\u0101d\u0101jumi<\/h3><\/div>\n                <div>\n                  <ul>\n                                           <li><a href=\"https:\/\/www.kuldigastehnikums.lv\/index.php\/lietiskas-makslas-specialists-kokapstrade\/\" title=\"Lieti\u0161\u0137\u0101s m\u0101kslas speci\u0101lists kokapstr\u0101d\u0113\">Lieti\u0161\u0137\u0101s m\u0101kslas speci\u0101lists kokapstr\u0101d\u0113<\/a><\/li>\n                                          <li><a href=\"https:\/\/www.kuldigastehnikums.lv\/index.php\/buvistradajumu-galdnieks-pec-pamatskolas\/\" title=\"B\u016bvistr\u0101d\u0101jumu galdnieks p\u0113c pamatizgl\u012bt\u012bbas\">B\u016bvistr\u0101d\u0101jumu galdnieks p\u0113c pamatizgl\u012bt\u012bbas<\/a><\/li>\n                                          <li><a href=\"https:\/\/www.kuldigastehnikums.lv\/index.php\/stila-mebelu-modeletajs-pec-pamatizglitibas\/\" title=\"Stila m\u0113be\u013cu model\u0113t\u0101js p\u0113c pamatizgl\u012bt\u012bbas\">Stila m\u0113be\u013cu model\u0113t\u0101js p\u0113c pamatizgl\u012bt\u012bbas<\/a><\/li>\n                                          <li><a href=\"https:\/\/www.kuldigastehnikums.lv\/index.php\/mebelu-dizaina-specialists\/\" title=\"M\u0113be\u013cu galdnieks p\u0113c pamatizgl\u012bt\u012bbas\">M\u0113be\u013cu galdnieks p\u0113c pamatizgl\u012bt\u012bbas<\/a><\/li>\n                                          <li><a href=\"https:\/\/www.kuldigastehnikums.lv\/index.php\/datorizetu-kokapstrades-iekartu-operatos-cnc-pec-videjas-izglibas\/\" title=\"Datoriz\u0113tu kokapstr\u0101des iek\u0101rtu operators (CNC) p\u0113c vid\u0113j\u0101s izgl\u012bt\u012bbas\">Datoriz\u0113tu kokapstr\u0101des iek\u0101rtu operators (CNC) p\u0113c vid\u0113j\u0101s izgl\u012bt\u012bbas<\/a><\/li>\n                                          <li><a href=\"https:\/\/www.kuldigastehnikums.lv\/index.php\/restauracijas-tehnikis-pec-pamatizglitibas\/\" title=\"Restaur\u0101cijas tehni\u0137is p\u0113c vid\u0113j\u0101s izgl\u012bt\u012bbas\">Restaur\u0101cijas tehni\u0137is p\u0113c vid\u0113j\u0101s izgl\u012bt\u012bbas<\/a><\/li>\n                                       <\/ul>\n                <\/div>\n            <\/div>\n        <\/div>\n                <div class=\"col-lg-4 col-sm-6 col-12 pl-3 pr-3 mb-3\">\n            <div class=\"service-container\">\n                <div class=\"text-center pb-2 pt-4\"><img decoding=\"async\" src=\"http:\/\/www.kuldigastehnikums.lv\/wp-content\/uploads\/2019\/05\/turismsVector-Smart-Object.png\" \/><\/div>\n                <div class=\"w-100 text-center\"><h3>T\u016brisma un viesn\u012bcu pakalpojumi<\/h3><\/div>\n                <div>\n                  <ul>\n                                           <li><a href=\"https:\/\/www.kuldigastehnikums.lv\/index.php\/viesu-uznemsanas-dienesta-specialists-pec-pabeigtas-pamatizglitibas\/\" title=\"Viesu uz\u0146em\u0161anas dienesta speci\u0101lists p\u0113c pamatizgl\u012bt\u012bbas\">Viesu uz\u0146em\u0161anas dienesta speci\u0101lists p\u0113c pamatizgl\u012bt\u012bbas<\/a><\/li>\n                                          <li><a href=\"https:\/\/www.kuldigastehnikums.lv\/index.php\/turisma-pakalpojumu-konsultants\/\" title=\"T\u016brisma pakalpojumu konsultants p\u0113c pamatizgl\u012bt\u012bbas\">T\u016brisma pakalpojumu konsultants p\u0113c pamatizgl\u012bt\u012bbas<\/a><\/li>\n                                       <\/ul>\n                <\/div>\n            <\/div>\n        <\/div>\n        <\/div><\/div>\n","protected":false},"excerpt":{"rendered":"<p> [&#8230;]<\/p>\n<p><a class=\"btn btn-secondary understrap-read-more-link\" href=\"https:\/\/www.kuldigastehnikums.lv\/index.php\/turisma-pakalpojumu-konsultants\/\">Vair\u0101k&#8230;<\/a><\/p>\n","protected":false},"author":1,"featured_media":0,"parent":0,"menu_order":0,"comment_status":"closed","ping_status":"closed","template":"page-templates\/fullwidthpage.php","meta":{"footnotes":""},"class_list":["post-46","page","type-page","status-publish","hentry"],"_links":{"self":[{"href":"https:\/\/www.kuldigastehnikums.lv\/index.php\/wp-json\/wp\/v2\/pages\/46","targetHints":{"allow":["GET"]}}],"collection":[{"href":"https:\/\/www.kuldigastehnikums.lv\/index.php\/wp-json\/wp\/v2\/pages"}],"about":[{"href":"https:\/\/www.kuldigastehnikums.lv\/index.php\/wp-json\/wp\/v2\/types\/page"}],"author":[{"embeddable":true,"href":"https:\/\/www.kuldigastehnikums.lv\/index.php\/wp-json\/wp\/v2\/users\/1"}],"replies":[{"embeddable":true,"href":"https:\/\/www.kuldigastehnikums.lv\/index.php\/wp-json\/wp\/v2\/comments?post=46"}],"version-history":[{"count":8,"href":"https:\/\/www.kuldigastehnikums.lv\/index.php\/wp-json\/wp\/v2\/pages\/46\/revisions"}],"predecessor-version":[{"id":13454,"href":"https:\/\/www.kuldigastehnikums.lv\/index.php\/wp-json\/wp\/v2\/pages\/46\/revisions\/13454"}],"wp:attachment":[{"href":"https:\/\/www.kuldigastehnikums.lv\/index.php\/wp-json\/wp\/v2\/media?parent=46"}],"curies":[{"name":"wp","href":"https:\/\/api.w.org\/{rel}","templated":true}]}}