{"id":5973,"date":"2019-12-22T20:59:09","date_gmt":"2019-12-22T20:59:09","guid":{"rendered":"http:\/\/www.kuldigastehnikums.lv\/jaunumi\/jaunumi-2018\/dzimtas-valodas-dienas-pasakums\/"},"modified":"2019-12-22T20:59:09","modified_gmt":"2019-12-22T20:59:09","slug":"dzimtas-valodas-dienas-pasakums","status":"publish","type":"page","link":"https:\/\/www.kuldigastehnikums.lv\/index.php\/jaunumi\/jaunumi-arhivs\/dzimtas-valodas-dienas-pasakums\/","title":{"rendered":"Dzimt\u0101s valodas dienas pas\u0101kums"},"content":{"rendered":"<p><span style=\"font-size: 12pt;\">21. febru\u0101r\u012b tehnikuma audz\u0113knes D\u017eeina Lauva, Juta Beit\u0101ne, Marika Radvinskaite, Rita Hamstere, Kitija J\u0113r\u0101ne, Eva Betlere un Marija Rimovi\u010da kop\u0101 ar skolot\u0101j\u0101m Gunitu Meieri un Zandu \u0160legelmilhu piedal\u012bj\u0101s Dzimt\u0101s valodas dienai velt\u012bt\u0101 pas\u0101kum\u0101, kas notika R\u012bgas Latvie\u0161u biedr\u012bbas nama Zelta z\u0101l\u0113. Pas\u0101kumu organiz\u0113ja Latvie\u0161u valodas a\u0123ent\u016bra.<\/span><\/p>\n<p><span style=\"font-size: 12pt;\">Pas\u0101kum\u0101 apbalvoja ikgad\u0113j\u0101 skol\u0113nu rado\u0161o darbu konkursa uzvar\u0113t\u0101jus. \u0160oreiz rado\u0161o darbu konkursa t\u0113ma bija \u201eKas manu tautu dara stipru\u201d. Pas\u0101kuma dal\u012bbnieki noklaus\u012bj\u0101s konkursa \u201eKas manu tautu dara stipru\u201d liter\u0101ro kompoz\u012bciju aktieru Ingas Alsi\u0146as un J\u0101\u0146a \u0100ma\u0146a las\u012bjum\u0101, sa\u0146\u0113ma pozit\u012bvu ener\u0123ijas l\u0101di\u0146u, klausoties bungu un d\u016bdu m\u016bzikas grupu \u201eAu\u013ci\u201d un tik\u0101s ar filmu \u201eNameja gredzens\u201d, \u201eR\u012bgas sargi\u201d, \u201eSap\u0146u komanda 1935\u201d re\u017eisoru Aigaru Graubu, ieskatoties filmu tap\u0161anas aizkulis\u0113s. Pas\u0101kum\u0101 skol\u0113nus un skolot\u0101jus uzrun\u0101ja izgl\u012bt\u012bbas un zin\u0101tnes ministrs K\u0101rlis \u0160adurskis, Latvie\u0161u valodas a\u0123ent\u016bras direktors J\u0101nis Valdmanis un R\u012bgas Latvie\u0161u biedr\u012bbas nama priek\u0161s\u0113d\u0113t\u0101js Guntis Gail\u012btis.<\/span><\/p>\n<p><span style=\"font-size: 12pt;\">Starptautisk\u0101 Dzimt\u0101s valodas diena vis\u0101 pasaul\u0113 tiek svin\u0113ta 21. febru\u0101r\u012b. T\u0101s m\u0113r\u0137is ir piev\u0113rst sabiedr\u012bbas uzman\u012bbu dzimt\u0101s valodas v\u0113rt\u012bbai un skaistumam.<\/span><\/p>\n<p><span style=\"font-size: 12pt;\">Materi\u0101lu sagatavoja skolot\u0101ja Zanda \u0160legelmilha. Foto: Juris B\u0113rzi\u0146\u0161-Soms.<\/span><\/p>\n<p>\u00a0<\/p>\n\n","protected":false},"excerpt":{"rendered":"<p>21. febru\u0101r\u012b tehnikuma audz\u0113knes D\u017eeina Lauva, Juta Beit\u0101ne, Marika Radvinskaite, Rita Hamstere, Kitija J\u0113r\u0101ne, Eva Betlere un Marija Rimovi\u010da kop\u0101 ar skolot\u0101j\u0101m Gunitu Meieri un Zandu \u0160legelmilhu piedal\u012bj\u0101s Dzimt\u0101s valodas dienai velt\u012bt\u0101 pas\u0101kum\u0101, kas notika R\u012bgas Latvie\u0161u biedr\u012bbas nama Zelta z\u0101l\u0113. Pas\u0101kumu organiz\u0113ja Latvie\u0161u valodas a\u0123ent\u016bra. Pas\u0101kum\u0101 apbalvoja ikgad\u0113j\u0101 skol\u0113nu rado\u0161o darbu konkursa uzvar\u0113t\u0101jus. \u0160oreiz<a class=\"moretag\" href=\"https:\/\/www.kuldigastehnikums.lv\/index.php\/jaunumi\/jaunumi-arhivs\/dzimtas-valodas-dienas-pasakums\/\"> Vair\u0101k<\/a> [&#8230;]<\/p>\n<p><a class=\"btn btn-secondary understrap-read-more-link\" href=\"https:\/\/www.kuldigastehnikums.lv\/index.php\/jaunumi\/jaunumi-arhivs\/dzimtas-valodas-dienas-pasakums\/\">Vair\u0101k&#8230;<\/a><\/p>\n","protected":false},"author":2,"featured_media":0,"parent":5791,"menu_order":0,"comment_status":"open","ping_status":"open","template":"","meta":{"footnotes":""},"class_list":["post-5973","page","type-page","status-publish","hentry"],"_links":{"self":[{"href":"https:\/\/www.kuldigastehnikums.lv\/index.php\/wp-json\/wp\/v2\/pages\/5973","targetHints":{"allow":["GET"]}}],"collection":[{"href":"https:\/\/www.kuldigastehnikums.lv\/index.php\/wp-json\/wp\/v2\/pages"}],"about":[{"href":"https:\/\/www.kuldigastehnikums.lv\/index.php\/wp-json\/wp\/v2\/types\/page"}],"author":[{"embeddable":true,"href":"https:\/\/www.kuldigastehnikums.lv\/index.php\/wp-json\/wp\/v2\/users\/2"}],"replies":[{"embeddable":true,"href":"https:\/\/www.kuldigastehnikums.lv\/index.php\/wp-json\/wp\/v2\/comments?post=5973"}],"version-history":[{"count":0,"href":"https:\/\/www.kuldigastehnikums.lv\/index.php\/wp-json\/wp\/v2\/pages\/5973\/revisions"}],"up":[{"embeddable":true,"href":"https:\/\/www.kuldigastehnikums.lv\/index.php\/wp-json\/wp\/v2\/pages\/5791"}],"wp:attachment":[{"href":"https:\/\/www.kuldigastehnikums.lv\/index.php\/wp-json\/wp\/v2\/media?parent=5973"}],"curies":[{"name":"wp","href":"https:\/\/api.w.org\/{rel}","templated":true}]}}