{"id":5989,"date":"2019-12-22T20:59:39","date_gmt":"2019-12-22T20:59:39","guid":{"rendered":"http:\/\/www.kuldigastehnikums.lv\/jaunumi\/jaunumi-2018\/valsts-konkurss-skice-istermina-zimejums\/"},"modified":"2019-12-22T20:59:39","modified_gmt":"2019-12-22T20:59:39","slug":"valsts-konkurss-skice-istermina-zimejums","status":"publish","type":"page","link":"https:\/\/www.kuldigastehnikums.lv\/index.php\/jaunumi\/jaunumi-arhivs\/valsts-konkurss-skice-istermina-zimejums\/","title":{"rendered":"Valsts konkurss &#8220;Skice- \u012bstermi\u0146a z\u012bm\u0113jums&#8221;"},"content":{"rendered":"<div id=\"js_7\" class=\"_5pbx userContent _3576\" data-ft=\"{\"tn\":\"K\"}\">\n<p><span style=\"font-size: 12pt;\">22. un 23. febru\u0101r\u012b PIKC \u201cNacion\u0101l\u0101 M\u0101kslu vidusskola\u201d J\u0101\u0146a Rozent\u0101la m\u0101kslas skol\u0101 norisin\u0101j\u0101s Valsts konkurss &#8220;Skice- \u012bstermi\u0146a z\u012bm\u0113jums&#8221; profesion\u0101l\u0101s vid\u0113j\u0101s izgl\u012bt\u012bbas iest\u0101\u017eu m\u0101kslas un dizaina izgl\u012bt\u012bbas programmu audz\u0113k\u0146iem. Konkurs\u0101 piedal\u012bj\u0101s 48 audz\u0113k\u0146i no 13 izgl\u012bt\u012bbas iest\u0101d\u0113m, to skait\u0101 ar\u012b 4 audz\u0113k\u0146i no Kuld\u012bgas Tehnolo\u0123iju un t\u016brisma tehnikuma- Juta Beit\u0101ne, Kitija J\u0113r\u0101ne, Ilze Koci\u0146a un J\u0101nis Viln\u012btis.<\/span><\/p>\n<p><span style=\"font-size: 12pt;\">Konkursa darbus v\u0113rt\u0113ja Latvijas M\u0101kslas akad\u0113mijas m\u0101c\u012bbsp\u0113ki \u2013 Ilze Kundzi\u0146a, Juris Petra\u0161k\u0113vics un Normunds Brasli\u0146\u0161.<\/span><\/p>\n<p><span style=\"font-size: 12pt;\">Atsevi\u0161\u0137i tika v\u0113rt\u0113ts konkursa dal\u012bbnieku m\u0101jas uzdevums \u2013 \u201cM\u0113ne\u0161a dienasgr\u0101mata\u201d, kur\u0101 m\u0113ne\u0161a garum\u0101 katrs dal\u012bbnieks att\u0113loja savus svar\u012bg\u0101kos dienas notikumus, saj\u016btas.<\/span><\/p>\n<p><span style=\"font-size: 12pt;\">Paldies skolot\u0101jai Elitai Asnei par ieguld\u012bto darbu audz\u0113k\u0146u sagatavo\u0161anai dal\u012bbai konkurs\u0101!<\/span><\/p>\n<p><span style=\"font-size: 12pt;\">Materi\u0101lu sagatavoja skolot\u0101ja Zanda \u0160legelmilha.<\/span><\/p>\n\n<\/div>\n","protected":false},"excerpt":{"rendered":"<p>22. un 23. febru\u0101r\u012b PIKC \u201cNacion\u0101l\u0101 M\u0101kslu vidusskola\u201d J\u0101\u0146a Rozent\u0101la m\u0101kslas skol\u0101 norisin\u0101j\u0101s Valsts konkurss &#8220;Skice- \u012bstermi\u0146a z\u012bm\u0113jums&#8221; profesion\u0101l\u0101s vid\u0113j\u0101s izgl\u012bt\u012bbas iest\u0101\u017eu m\u0101kslas un dizaina izgl\u012bt\u012bbas programmu audz\u0113k\u0146iem. Konkurs\u0101 piedal\u012bj\u0101s 48 audz\u0113k\u0146i no 13 izgl\u012bt\u012bbas iest\u0101d\u0113m, to skait\u0101 ar\u012b 4 audz\u0113k\u0146i no Kuld\u012bgas Tehnolo\u0123iju un t\u016brisma tehnikuma- Juta Beit\u0101ne, Kitija J\u0113r\u0101ne, Ilze Koci\u0146a un J\u0101nis<a class=\"moretag\" href=\"https:\/\/www.kuldigastehnikums.lv\/index.php\/jaunumi\/jaunumi-arhivs\/valsts-konkurss-skice-istermina-zimejums\/\"> Vair\u0101k<\/a> [&#8230;]<\/p>\n<p><a class=\"btn btn-secondary understrap-read-more-link\" href=\"https:\/\/www.kuldigastehnikums.lv\/index.php\/jaunumi\/jaunumi-arhivs\/valsts-konkurss-skice-istermina-zimejums\/\">Vair\u0101k&#8230;<\/a><\/p>\n","protected":false},"author":2,"featured_media":0,"parent":5791,"menu_order":0,"comment_status":"open","ping_status":"open","template":"","meta":{"footnotes":""},"class_list":["post-5989","page","type-page","status-publish","hentry"],"_links":{"self":[{"href":"https:\/\/www.kuldigastehnikums.lv\/index.php\/wp-json\/wp\/v2\/pages\/5989","targetHints":{"allow":["GET"]}}],"collection":[{"href":"https:\/\/www.kuldigastehnikums.lv\/index.php\/wp-json\/wp\/v2\/pages"}],"about":[{"href":"https:\/\/www.kuldigastehnikums.lv\/index.php\/wp-json\/wp\/v2\/types\/page"}],"author":[{"embeddable":true,"href":"https:\/\/www.kuldigastehnikums.lv\/index.php\/wp-json\/wp\/v2\/users\/2"}],"replies":[{"embeddable":true,"href":"https:\/\/www.kuldigastehnikums.lv\/index.php\/wp-json\/wp\/v2\/comments?post=5989"}],"version-history":[{"count":0,"href":"https:\/\/www.kuldigastehnikums.lv\/index.php\/wp-json\/wp\/v2\/pages\/5989\/revisions"}],"up":[{"embeddable":true,"href":"https:\/\/www.kuldigastehnikums.lv\/index.php\/wp-json\/wp\/v2\/pages\/5791"}],"wp:attachment":[{"href":"https:\/\/www.kuldigastehnikums.lv\/index.php\/wp-json\/wp\/v2\/media?parent=5989"}],"curies":[{"name":"wp","href":"https:\/\/api.w.org\/{rel}","templated":true}]}}