{"id":5990,"date":"2019-12-22T20:59:39","date_gmt":"2019-12-22T20:59:39","guid":{"rendered":"http:\/\/www.kuldigastehnikums.lv\/jaunumi\/jaunumi-2018\/skolenu-skatuves-runas-konkursa-1-karta\/"},"modified":"2019-12-22T20:59:39","modified_gmt":"2019-12-22T20:59:39","slug":"skolenu-skatuves-runas-konkursa-1-karta","status":"publish","type":"page","link":"https:\/\/www.kuldigastehnikums.lv\/index.php\/jaunumi\/jaunumi-arhivs\/skolenu-skatuves-runas-konkursa-1-karta\/","title":{"rendered":"Skol\u0113nu skatuves runas konkursa 1.k\u0101rta"},"content":{"rendered":"<p><span class=\"fbPhotoCaptionText\" style=\"font-size: 12pt;\">8.mart\u0101 tehnikuma audz\u0113knes Sindija Irbe un Katr\u012bna Sp\u0113kaine piedal\u012bj\u0101s Kuld\u012bgas novada B\u0113rnu un jaunie\u0161u centra organiz\u0113t\u0101 Kuld\u012bgas novada <span class=\"text_exposed_show\">skol\u0113nu skatuves runas konkursa 1.k\u0101rt\u0101. Konkursa dal\u012bbnieki deklam\u0113ja dzeju un run\u0101ja prozu. Abas audz\u0113knes piedal\u012bsies konkursa 2. k\u0101rt\u0101, kura 12.apr\u012bl\u012b norisin\u0101sies Jelgavas Amatu vidusskol\u0101. Apsveicam audz\u0113knes un vi\u0146u skolot\u0101ju Zandu \u0160legelmilhu!<\/p>\n<p>Katrs konkursa dal\u012bbnieks tika v\u0113rt\u0113ts, \u0146emot v\u0113r\u0101 vair\u0101kus krit\u0113rijus \u2013 k\u0101 run\u0101t\u0101js pasniedz domas atkl\u0101smi, k\u0101ds ir dal\u012bbnieka kontakts ar klaus\u012bt\u0101jiem, vai dal\u012bbniekam ir skaidra dikcija un artikul\u0101cija, vai repertu\u0101rs atbilst run\u0101t\u0101ja vecumposmam.<br \/>\n\u017d\u016brijas komisija:<br \/>\nKuld\u012bgas novada B\u0113rnu un jaunie\u0161u centra te\u0101tra studijas vad\u012bt\u0101ja, re\u017eisore Gunta Krauze<br \/>\nKuld\u012bgas novada Sn\u0113peles pagasta amatierte\u0101tra vad\u012bt\u0101ja Raimonda Vilmane<br \/>\nKuld\u012bgas Jaunie\u0161u te\u0101tra \u201cFocus\u201d vad\u012bt\u0101ja Daiga Pirtniece<\/p>\n<p>Materi\u0101lu sagatavoja skolot\u0101ja Zanda \u0160legelmilha.<\/span><\/span><\/p>\n\n","protected":false},"excerpt":{"rendered":"<p>8.mart\u0101 tehnikuma audz\u0113knes Sindija Irbe un Katr\u012bna Sp\u0113kaine piedal\u012bj\u0101s Kuld\u012bgas novada B\u0113rnu un jaunie\u0161u centra organiz\u0113t\u0101 Kuld\u012bgas novada skol\u0113nu skatuves runas konkursa 1.k\u0101rt\u0101. Konkursa dal\u012bbnieki deklam\u0113ja dzeju un run\u0101ja prozu. Abas audz\u0113knes piedal\u012bsies konkursa 2. k\u0101rt\u0101, kura 12.apr\u012bl\u012b norisin\u0101sies Jelgavas Amatu vidusskol\u0101. Apsveicam audz\u0113knes un vi\u0146u skolot\u0101ju Zandu \u0160legelmilhu! Katrs konkursa dal\u012bbnieks tika v\u0113rt\u0113ts, \u0146emot<a class=\"moretag\" href=\"https:\/\/www.kuldigastehnikums.lv\/index.php\/jaunumi\/jaunumi-arhivs\/skolenu-skatuves-runas-konkursa-1-karta\/\"> Vair\u0101k<\/a> [&#8230;]<\/p>\n<p><a class=\"btn btn-secondary understrap-read-more-link\" href=\"https:\/\/www.kuldigastehnikums.lv\/index.php\/jaunumi\/jaunumi-arhivs\/skolenu-skatuves-runas-konkursa-1-karta\/\">Vair\u0101k&#8230;<\/a><\/p>\n","protected":false},"author":2,"featured_media":0,"parent":5791,"menu_order":0,"comment_status":"open","ping_status":"open","template":"","meta":{"footnotes":""},"class_list":["post-5990","page","type-page","status-publish","hentry"],"_links":{"self":[{"href":"https:\/\/www.kuldigastehnikums.lv\/index.php\/wp-json\/wp\/v2\/pages\/5990","targetHints":{"allow":["GET"]}}],"collection":[{"href":"https:\/\/www.kuldigastehnikums.lv\/index.php\/wp-json\/wp\/v2\/pages"}],"about":[{"href":"https:\/\/www.kuldigastehnikums.lv\/index.php\/wp-json\/wp\/v2\/types\/page"}],"author":[{"embeddable":true,"href":"https:\/\/www.kuldigastehnikums.lv\/index.php\/wp-json\/wp\/v2\/users\/2"}],"replies":[{"embeddable":true,"href":"https:\/\/www.kuldigastehnikums.lv\/index.php\/wp-json\/wp\/v2\/comments?post=5990"}],"version-history":[{"count":0,"href":"https:\/\/www.kuldigastehnikums.lv\/index.php\/wp-json\/wp\/v2\/pages\/5990\/revisions"}],"up":[{"embeddable":true,"href":"https:\/\/www.kuldigastehnikums.lv\/index.php\/wp-json\/wp\/v2\/pages\/5791"}],"wp:attachment":[{"href":"https:\/\/www.kuldigastehnikums.lv\/index.php\/wp-json\/wp\/v2\/media?parent=5990"}],"curies":[{"name":"wp","href":"https:\/\/api.w.org\/{rel}","templated":true}]}}