{"id":5998,"date":"2019-12-22T20:59:46","date_gmt":"2019-12-22T20:59:46","guid":{"rendered":"http:\/\/www.kuldigastehnikums.lv\/jaunumi\/jaunumi-2018\/pirmais-izlaidums-esf-projekta-nr-8-4-1-0-16-i-001\/"},"modified":"2019-12-22T20:59:46","modified_gmt":"2019-12-22T20:59:46","slug":"pirmais-izlaidums-esf-projekta-nr-8-4-1-0-16-i-001","status":"publish","type":"page","link":"https:\/\/www.kuldigastehnikums.lv\/index.php\/jaunumi\/jaunumi-arhivs\/pirmais-izlaidums-esf-projekta-nr-8-4-1-0-16-i-001\/","title":{"rendered":"Pirmais izlaidums ESF projekt\u0101 Nr. 8.4.1.0\/16\/I\/001"},"content":{"rendered":"<div title=\"\"><span style=\"font-size: 12pt;\"><a href=\"http:\/\/www.kuldigastehnikums.lv\/wp-content\/uploads\/2018\/05\/LOGO.jpg\"><img fetchpriority=\"high\" decoding=\"async\" class=\"aligncenter wp-image-15582 size-full\" src=\"http:\/\/www.kuldigastehnikums.lv\/wp-content\/uploads\/2018\/05\/LOGO.jpg\" alt=\"\" width=\"482\" height=\"115\" \/><\/a><\/span><\/div>\n<div title=\"\">\u00a0<\/div>\n<div title=\"\"><span style=\"font-size: 12pt;\">17. febru\u0101r\u012b tehnikum\u0101 m\u0101c\u012bbas beidza ESF projekta Nr. 8.4.1.0\/16\/I\/001 &#8220;Nodarbin\u0101to personu profesion\u0101l\u0101s kompetences pilnveide&#8221; 1. k\u0101rtas izgl\u012btojamie izgl\u012bt\u012bbas programm\u0101 &#8220;Dekorat\u012bvo koka izstr\u0101d\u0101jumu izgatavo\u0161ana&#8221;. 57 stundu programmu pie skolot\u0101jiem J\u0101\u0146a Feldberga un Elitas Asnes apguva 5 audz\u0113knes no Skrundas novada. Apliec\u012bbas audz\u0113kn\u0113m pasniedza kokapstr\u0101des noda\u013cas vad\u012bt\u0101js M\u0101rti\u0146\u0161 Mednieks un programmas vad\u012bt\u0101js J\u0101nis Feldbergs, v\u0113lot apg\u016bt\u0101s zin\u0101\u0161anas un prasmes m\u0113r\u0137tiec\u012bgi likt liet\u0101 turpm\u0101kaj\u0101 dz\u012bv\u0113.<\/span><\/p>\n<p><span style=\"font-size: 12pt;\"> Materi\u0101lu sagatavoja ESF projekta &#8220;Nodarbin\u0101to personu profesion\u0101l\u0101s kompetences pilnveide&#8221; koordinatore tehnikum\u0101 Zanda \u0160legelmilha.<\/span><\/div>\n<div title=\"\">\u00a0<\/p>\n\n<\/div>\n","protected":false},"excerpt":{"rendered":"<p>\u00a0 17. febru\u0101r\u012b tehnikum\u0101 m\u0101c\u012bbas beidza ESF projekta Nr. 8.4.1.0\/16\/I\/001 &#8220;Nodarbin\u0101to personu profesion\u0101l\u0101s kompetences pilnveide&#8221; 1. k\u0101rtas izgl\u012btojamie izgl\u012bt\u012bbas programm\u0101 &#8220;Dekorat\u012bvo koka izstr\u0101d\u0101jumu izgatavo\u0161ana&#8221;. 57 stundu programmu pie skolot\u0101jiem J\u0101\u0146a Feldberga un Elitas Asnes apguva 5 audz\u0113knes no Skrundas novada. Apliec\u012bbas audz\u0113kn\u0113m pasniedza kokapstr\u0101des noda\u013cas vad\u012bt\u0101js M\u0101rti\u0146\u0161 Mednieks un programmas vad\u012bt\u0101js J\u0101nis Feldbergs, v\u0113lot apg\u016bt\u0101s<a class=\"moretag\" href=\"https:\/\/www.kuldigastehnikums.lv\/index.php\/jaunumi\/jaunumi-arhivs\/pirmais-izlaidums-esf-projekta-nr-8-4-1-0-16-i-001\/\"> Vair\u0101k<\/a> [&#8230;]<\/p>\n<p><a class=\"btn btn-secondary understrap-read-more-link\" href=\"https:\/\/www.kuldigastehnikums.lv\/index.php\/jaunumi\/jaunumi-arhivs\/pirmais-izlaidums-esf-projekta-nr-8-4-1-0-16-i-001\/\">Vair\u0101k&#8230;<\/a><\/p>\n","protected":false},"author":2,"featured_media":0,"parent":5791,"menu_order":0,"comment_status":"open","ping_status":"open","template":"","meta":{"footnotes":""},"class_list":["post-5998","page","type-page","status-publish","hentry"],"_links":{"self":[{"href":"https:\/\/www.kuldigastehnikums.lv\/index.php\/wp-json\/wp\/v2\/pages\/5998","targetHints":{"allow":["GET"]}}],"collection":[{"href":"https:\/\/www.kuldigastehnikums.lv\/index.php\/wp-json\/wp\/v2\/pages"}],"about":[{"href":"https:\/\/www.kuldigastehnikums.lv\/index.php\/wp-json\/wp\/v2\/types\/page"}],"author":[{"embeddable":true,"href":"https:\/\/www.kuldigastehnikums.lv\/index.php\/wp-json\/wp\/v2\/users\/2"}],"replies":[{"embeddable":true,"href":"https:\/\/www.kuldigastehnikums.lv\/index.php\/wp-json\/wp\/v2\/comments?post=5998"}],"version-history":[{"count":0,"href":"https:\/\/www.kuldigastehnikums.lv\/index.php\/wp-json\/wp\/v2\/pages\/5998\/revisions"}],"up":[{"embeddable":true,"href":"https:\/\/www.kuldigastehnikums.lv\/index.php\/wp-json\/wp\/v2\/pages\/5791"}],"wp:attachment":[{"href":"https:\/\/www.kuldigastehnikums.lv\/index.php\/wp-json\/wp\/v2\/media?parent=5998"}],"curies":[{"name":"wp","href":"https:\/\/api.w.org\/{rel}","templated":true}]}}