{"id":6015,"date":"2019-12-22T21:00:08","date_gmt":"2019-12-22T21:00:08","guid":{"rendered":"http:\/\/www.kuldigastehnikums.lv\/jaunumi\/jaunumi-2018\/lauku-macibas-tehnikuma-audzekniem\/"},"modified":"2019-12-22T21:00:08","modified_gmt":"2019-12-22T21:00:08","slug":"lauku-macibas-tehnikuma-audzekniem","status":"publish","type":"page","link":"https:\/\/www.kuldigastehnikums.lv\/index.php\/jaunumi\/jaunumi-arhivs\/lauku-macibas-tehnikuma-audzekniem\/","title":{"rendered":"Lauku m\u0101c\u012bbas tehnikuma audz\u0113k\u0146iem"},"content":{"rendered":"<p><span class=\"fbPhotoCaptionText\" style=\"font-size: 12pt;\">28.septembr\u012b notika lauku m\u0101c\u012bbas Kuld\u012bgas Tehnolo\u0123iju un t\u016brisma tehnikuma 1. kursa studentiem, t\u0101s tika organiz\u0113tas sadarb\u012bb\u0101 ar Zemessard<span class=\"text_exposed_show\">zes 45. nodro\u0161in\u0101juma bataljonu. M\u0101c\u012bb\u0101s piedal\u012bj\u0101s ar\u012b grupu audzin\u0101t\u0101jas Liene Peni\u0137e, Sanita Save\u013cjeva, Zanda \u0160legelmilha, Astr\u012bda Zeile, L\u012bga Muceniece, direktores vietniece audzin\u0101\u0161anas darb\u0101 Gunita Urb\u0101ne un politikas un ties\u012bbu skolot\u0101js Oj\u0101rs Pe\u010dulis. M\u0101c\u012bbu laik\u0101 jaunie\u0161i iepazin\u0101s ar Zemessardzes darb\u012bbas principiem, uzdevumiem, karav\u012bru ekip\u0113jumu, iero\u010diem u.c.<\/p>\n<p>Materi\u0101lu sagatavoja skolot\u0101ja Zanda \u0160legelmilha<\/span><\/span><\/p>\n<p>\u00a0<\/p>\n\n","protected":false},"excerpt":{"rendered":"<p>28.septembr\u012b notika lauku m\u0101c\u012bbas Kuld\u012bgas Tehnolo\u0123iju un t\u016brisma tehnikuma 1. kursa studentiem, t\u0101s tika organiz\u0113tas sadarb\u012bb\u0101 ar Zemessardzes 45. nodro\u0161in\u0101juma bataljonu. M\u0101c\u012bb\u0101s piedal\u012bj\u0101s ar\u012b grupu audzin\u0101t\u0101jas Liene Peni\u0137e, Sanita Save\u013cjeva, Zanda \u0160legelmilha, Astr\u012bda Zeile, L\u012bga Muceniece, direktores vietniece audzin\u0101\u0161anas darb\u0101 Gunita Urb\u0101ne un politikas un ties\u012bbu skolot\u0101js Oj\u0101rs Pe\u010dulis. M\u0101c\u012bbu laik\u0101 jaunie\u0161i iepazin\u0101s ar Zemessardzes<a class=\"moretag\" href=\"https:\/\/www.kuldigastehnikums.lv\/index.php\/jaunumi\/jaunumi-arhivs\/lauku-macibas-tehnikuma-audzekniem\/\"> Vair\u0101k<\/a> [&#8230;]<\/p>\n<p><a class=\"btn btn-secondary understrap-read-more-link\" href=\"https:\/\/www.kuldigastehnikums.lv\/index.php\/jaunumi\/jaunumi-arhivs\/lauku-macibas-tehnikuma-audzekniem\/\">Vair\u0101k&#8230;<\/a><\/p>\n","protected":false},"author":2,"featured_media":0,"parent":5791,"menu_order":0,"comment_status":"open","ping_status":"open","template":"","meta":{"footnotes":""},"class_list":["post-6015","page","type-page","status-publish","hentry"],"_links":{"self":[{"href":"https:\/\/www.kuldigastehnikums.lv\/index.php\/wp-json\/wp\/v2\/pages\/6015","targetHints":{"allow":["GET"]}}],"collection":[{"href":"https:\/\/www.kuldigastehnikums.lv\/index.php\/wp-json\/wp\/v2\/pages"}],"about":[{"href":"https:\/\/www.kuldigastehnikums.lv\/index.php\/wp-json\/wp\/v2\/types\/page"}],"author":[{"embeddable":true,"href":"https:\/\/www.kuldigastehnikums.lv\/index.php\/wp-json\/wp\/v2\/users\/2"}],"replies":[{"embeddable":true,"href":"https:\/\/www.kuldigastehnikums.lv\/index.php\/wp-json\/wp\/v2\/comments?post=6015"}],"version-history":[{"count":0,"href":"https:\/\/www.kuldigastehnikums.lv\/index.php\/wp-json\/wp\/v2\/pages\/6015\/revisions"}],"up":[{"embeddable":true,"href":"https:\/\/www.kuldigastehnikums.lv\/index.php\/wp-json\/wp\/v2\/pages\/5791"}],"wp:attachment":[{"href":"https:\/\/www.kuldigastehnikums.lv\/index.php\/wp-json\/wp\/v2\/media?parent=6015"}],"curies":[{"name":"wp","href":"https:\/\/api.w.org\/{rel}","templated":true}]}}