{"id":6016,"date":"2019-12-22T21:00:08","date_gmt":"2019-12-22T21:00:08","guid":{"rendered":"http:\/\/www.kuldigastehnikums.lv\/jaunumi\/jaunumi-2018\/izlaidums-talakizglitibas-programmas-audzekniem-esf-projekta\/"},"modified":"2019-12-22T21:00:08","modified_gmt":"2019-12-22T21:00:08","slug":"izlaidums-talakizglitibas-programmas-audzekniem-esf-projekta","status":"publish","type":"page","link":"https:\/\/www.kuldigastehnikums.lv\/index.php\/jaunumi\/jaunumi-arhivs\/izlaidums-talakizglitibas-programmas-audzekniem-esf-projekta\/","title":{"rendered":"Izlaidums t\u0101l\u0101kizgl\u012bt\u012bbas programmas audz\u0113k\u0146iem ESF projekt\u0101"},"content":{"rendered":"<p><span class=\"fbPhotoCaptionText\" style=\"font-size: 12pt;\">6.j\u016blij\u0101 tehnikum\u0101 m\u0101c\u012bbas beidza ESF projekta Nr. 8.4.1.0\/16\/I\/001 \u201cNodarbin\u0101to personu profesion\u0101l\u0101s kompetences pilnveide\u201d 1. k\u0101rtas izgl<span class=\"text_exposed_show\">\u012btojamie izgl\u012bt\u012bbas programm\u0101 \u201cKoka izstr\u0101d\u0101jumu izgatavo\u0161ana&#8221; (kvalifik\u0101cija &#8211; galdnieks). 640 stundu programmu pie skolot\u0101jiem J\u0101\u0146a Feldberga, M\u0101ra Saulgrie\u017ea, M\u0101rti\u0146a Mednieka P\u0113tera Z\u0101\u0123era un Ren\u0101ra Saknes apguva 6 audz\u0113k\u0146i no Kuld\u012bgas novada un J\u016brkalnes. Apliec\u012bbas absolventiem pasniedza tehnikuma direktore Dace Cine, v\u0113lot neapst\u0101ties pie jau sasniegt\u0101 m\u0113r\u0137a, bet l\u016bkoties p\u0113c jauniem m\u0113r\u0137iem. <\/p>\n<p>Materi\u0101lu sagatavoja ESF projekta \u201cNodarbin\u0101to personu profesion\u0101l\u0101s kompetences pilnveide\u201d koordinatore tehnikum\u0101 Zanda \u0160legelmilha.<\/span><\/span><\/p>\n<p>\u00a0<\/p>\n\n","protected":false},"excerpt":{"rendered":"<p>6.j\u016blij\u0101 tehnikum\u0101 m\u0101c\u012bbas beidza ESF projekta Nr. 8.4.1.0\/16\/I\/001 \u201cNodarbin\u0101to personu profesion\u0101l\u0101s kompetences pilnveide\u201d 1. k\u0101rtas izgl\u012btojamie izgl\u012bt\u012bbas programm\u0101 \u201cKoka izstr\u0101d\u0101jumu izgatavo\u0161ana&#8221; (kvalifik\u0101cija &#8211; galdnieks). 640 stundu programmu pie skolot\u0101jiem J\u0101\u0146a Feldberga, M\u0101ra Saulgrie\u017ea, M\u0101rti\u0146a Mednieka P\u0113tera Z\u0101\u0123era un Ren\u0101ra Saknes apguva 6 audz\u0113k\u0146i no Kuld\u012bgas novada un J\u016brkalnes. Apliec\u012bbas absolventiem pasniedza tehnikuma direktore Dace Cine,<a class=\"moretag\" href=\"https:\/\/www.kuldigastehnikums.lv\/index.php\/jaunumi\/jaunumi-arhivs\/izlaidums-talakizglitibas-programmas-audzekniem-esf-projekta\/\"> Vair\u0101k<\/a> [&#8230;]<\/p>\n<p><a class=\"btn btn-secondary understrap-read-more-link\" href=\"https:\/\/www.kuldigastehnikums.lv\/index.php\/jaunumi\/jaunumi-arhivs\/izlaidums-talakizglitibas-programmas-audzekniem-esf-projekta\/\">Vair\u0101k&#8230;<\/a><\/p>\n","protected":false},"author":2,"featured_media":0,"parent":5791,"menu_order":0,"comment_status":"open","ping_status":"open","template":"","meta":{"footnotes":""},"class_list":["post-6016","page","type-page","status-publish","hentry"],"_links":{"self":[{"href":"https:\/\/www.kuldigastehnikums.lv\/index.php\/wp-json\/wp\/v2\/pages\/6016","targetHints":{"allow":["GET"]}}],"collection":[{"href":"https:\/\/www.kuldigastehnikums.lv\/index.php\/wp-json\/wp\/v2\/pages"}],"about":[{"href":"https:\/\/www.kuldigastehnikums.lv\/index.php\/wp-json\/wp\/v2\/types\/page"}],"author":[{"embeddable":true,"href":"https:\/\/www.kuldigastehnikums.lv\/index.php\/wp-json\/wp\/v2\/users\/2"}],"replies":[{"embeddable":true,"href":"https:\/\/www.kuldigastehnikums.lv\/index.php\/wp-json\/wp\/v2\/comments?post=6016"}],"version-history":[{"count":0,"href":"https:\/\/www.kuldigastehnikums.lv\/index.php\/wp-json\/wp\/v2\/pages\/6016\/revisions"}],"up":[{"embeddable":true,"href":"https:\/\/www.kuldigastehnikums.lv\/index.php\/wp-json\/wp\/v2\/pages\/5791"}],"wp:attachment":[{"href":"https:\/\/www.kuldigastehnikums.lv\/index.php\/wp-json\/wp\/v2\/media?parent=6016"}],"curies":[{"name":"wp","href":"https:\/\/api.w.org\/{rel}","templated":true}]}}