{"id":6018,"date":"2019-12-22T21:00:09","date_gmt":"2019-12-22T21:00:09","guid":{"rendered":"http:\/\/www.kuldigastehnikums.lv\/jaunumi\/jaunumi-2018\/kvalifikacijas-eksamens-talakizglitibas-programmai-esf-projekta\/"},"modified":"2019-12-22T21:00:09","modified_gmt":"2019-12-22T21:00:09","slug":"kvalifikacijas-eksamens-talakizglitibas-programmai-esf-projekta","status":"publish","type":"page","link":"https:\/\/www.kuldigastehnikums.lv\/index.php\/jaunumi\/jaunumi-arhivs\/kvalifikacijas-eksamens-talakizglitibas-programmai-esf-projekta\/","title":{"rendered":"Kvalifik\u0101cijas eks\u0101mens t\u0101l\u0101kizgl\u012bt\u012bbas programmai ESF projekt\u0101"},"content":{"rendered":"<div id=\"js_v\" class=\"_5pbx userContent _3576\" data-ad-preview=\"message\" data-ft=\"{\"tn\":\"K\"}\">\n<p>5.j\u016blij\u0101 tehnikum\u0101 pirmoreiz kvalifik\u0101cijas eks\u0101menu k\u0101rtoja t\u0101l\u0101kizgl\u012bt\u012bbas programmas \u201cKoka izstr\u0101d\u0101jumu izgatavo\u0161ana&#8221; (kvalifik\u0101cija &#8211; galdnieks) izgl\u012btojamie ESF projekta Nr. 8.4.1.0\/16\/I\/001 \u201cNodarbin\u0101to personu profesion\u0101l\u0101s kompetences pilnveide\u201d ietvaros.<\/p>\n<p>Materi\u0101lu sagatavoja ESF projekta \u201cNodarbin\u0101to personu profesion\u0101l\u0101s kompetences pilnveide\u201d koordinatore tehnikum\u0101 Zanda \u0160legelmilha.<\/p>\n<\/div>\n<div class=\"_3x-2\" data-ft=\"{\"tn\":\"H\"}\">\n<div data-ft=\"{\"tn\":\"H\"}\">\n<div class=\"mtm\">\n<div class=\"_2a2q _65sr\">\n<div class=\"_46-h\">\n\n<\/div>\n<\/div>\n<\/div>\n<\/div>\n<\/div>\n","protected":false},"excerpt":{"rendered":"<p>5.j\u016blij\u0101 tehnikum\u0101 pirmoreiz kvalifik\u0101cijas eks\u0101menu k\u0101rtoja t\u0101l\u0101kizgl\u012bt\u012bbas programmas \u201cKoka izstr\u0101d\u0101jumu izgatavo\u0161ana&#8221; (kvalifik\u0101cija &#8211; galdnieks) izgl\u012btojamie ESF projekta Nr. 8.4.1.0\/16\/I\/001 \u201cNodarbin\u0101to personu profesion\u0101l\u0101s kompetences pilnveide\u201d ietvaros. Materi\u0101lu sagatavoja ESF projekta \u201cNodarbin\u0101to personu profesion\u0101l\u0101s kompetences pilnveide\u201d koordinatore tehnikum\u0101 Zanda \u0160legelmilha. [&#8230;]<\/p>\n<p><a class=\"btn btn-secondary understrap-read-more-link\" href=\"https:\/\/www.kuldigastehnikums.lv\/index.php\/jaunumi\/jaunumi-arhivs\/kvalifikacijas-eksamens-talakizglitibas-programmai-esf-projekta\/\">Vair\u0101k&#8230;<\/a><\/p>\n","protected":false},"author":2,"featured_media":0,"parent":5791,"menu_order":0,"comment_status":"open","ping_status":"open","template":"","meta":{"footnotes":""},"class_list":["post-6018","page","type-page","status-publish","hentry"],"_links":{"self":[{"href":"https:\/\/www.kuldigastehnikums.lv\/index.php\/wp-json\/wp\/v2\/pages\/6018","targetHints":{"allow":["GET"]}}],"collection":[{"href":"https:\/\/www.kuldigastehnikums.lv\/index.php\/wp-json\/wp\/v2\/pages"}],"about":[{"href":"https:\/\/www.kuldigastehnikums.lv\/index.php\/wp-json\/wp\/v2\/types\/page"}],"author":[{"embeddable":true,"href":"https:\/\/www.kuldigastehnikums.lv\/index.php\/wp-json\/wp\/v2\/users\/2"}],"replies":[{"embeddable":true,"href":"https:\/\/www.kuldigastehnikums.lv\/index.php\/wp-json\/wp\/v2\/comments?post=6018"}],"version-history":[{"count":0,"href":"https:\/\/www.kuldigastehnikums.lv\/index.php\/wp-json\/wp\/v2\/pages\/6018\/revisions"}],"up":[{"embeddable":true,"href":"https:\/\/www.kuldigastehnikums.lv\/index.php\/wp-json\/wp\/v2\/pages\/5791"}],"wp:attachment":[{"href":"https:\/\/www.kuldigastehnikums.lv\/index.php\/wp-json\/wp\/v2\/media?parent=6018"}],"curies":[{"name":"wp","href":"https:\/\/api.w.org\/{rel}","templated":true}]}}