{"id":6020,"date":"2019-12-22T21:00:10","date_gmt":"2019-12-22T21:00:10","guid":{"rendered":"http:\/\/www.kuldigastehnikums.lv\/jaunumi\/jaunumi-2018\/macibas-esf-projekta-nodarbinatajiem\/"},"modified":"2019-12-22T21:00:10","modified_gmt":"2019-12-22T21:00:10","slug":"macibas-esf-projekta-nodarbinatajiem","status":"publish","type":"page","link":"https:\/\/www.kuldigastehnikums.lv\/index.php\/jaunumi\/jaunumi-arhivs\/macibas-esf-projekta-nodarbinatajiem\/","title":{"rendered":"M\u0101c\u012bbas ESF projekt\u0101 nodarbin\u0101tajiem"},"content":{"rendered":"<p><span class=\"fbPhotoCaptionText\" style=\"font-size: 12pt;\">2018.gada vasar\u0101 praktisk\u0101s nodarb\u012bbas pie skolot\u0101jiem Imanta B\u0113rzi\u0146a un Solveigas Melnaces ESF projekta Nr. 8.4.1.0\/16\/I\/001 \u201cNodarbin\u0101to p<span class=\"text_exposed_show\">ersonu profesion\u0101l\u0101s kompetences pilnveide\u201d 2. k\u0101rtas izgl\u012btojamie izgl\u012bt\u012bbas programm\u0101 \u201cLatviska arhitekt\u016bra, interjers un ainava lauku t\u016brisma uz\u0146\u0113m\u0113jiem&#8221; apguva z\/s &#8220;B\u0113rzi\u0146i&#8221; un &#8220;Lazdkalni&#8221;. <\/p>\n<p>Materi\u0101lu sagatavoja ESF projekta \u201cNodarbin\u0101to personu profesion\u0101l\u0101s kompetences pilnveide\u201d koordinatore tehnikum\u0101 Zanda \u0160legelmilha.<\/span><\/span><\/p>\n\n","protected":false},"excerpt":{"rendered":"<p>2018.gada vasar\u0101 praktisk\u0101s nodarb\u012bbas pie skolot\u0101jiem Imanta B\u0113rzi\u0146a un Solveigas Melnaces ESF projekta Nr. 8.4.1.0\/16\/I\/001 \u201cNodarbin\u0101to personu profesion\u0101l\u0101s kompetences pilnveide\u201d 2. k\u0101rtas izgl\u012btojamie izgl\u012bt\u012bbas programm\u0101 \u201cLatviska arhitekt\u016bra, interjers un ainava lauku t\u016brisma uz\u0146\u0113m\u0113jiem&#8221; apguva z\/s &#8220;B\u0113rzi\u0146i&#8221; un &#8220;Lazdkalni&#8221;. Materi\u0101lu sagatavoja ESF projekta \u201cNodarbin\u0101to personu profesion\u0101l\u0101s kompetences pilnveide\u201d koordinatore tehnikum\u0101 Zanda \u0160legelmilha. [&#8230;]<\/p>\n<p><a class=\"btn btn-secondary understrap-read-more-link\" href=\"https:\/\/www.kuldigastehnikums.lv\/index.php\/jaunumi\/jaunumi-arhivs\/macibas-esf-projekta-nodarbinatajiem\/\">Vair\u0101k&#8230;<\/a><\/p>\n","protected":false},"author":2,"featured_media":0,"parent":5791,"menu_order":0,"comment_status":"open","ping_status":"open","template":"","meta":{"footnotes":""},"class_list":["post-6020","page","type-page","status-publish","hentry"],"_links":{"self":[{"href":"https:\/\/www.kuldigastehnikums.lv\/index.php\/wp-json\/wp\/v2\/pages\/6020","targetHints":{"allow":["GET"]}}],"collection":[{"href":"https:\/\/www.kuldigastehnikums.lv\/index.php\/wp-json\/wp\/v2\/pages"}],"about":[{"href":"https:\/\/www.kuldigastehnikums.lv\/index.php\/wp-json\/wp\/v2\/types\/page"}],"author":[{"embeddable":true,"href":"https:\/\/www.kuldigastehnikums.lv\/index.php\/wp-json\/wp\/v2\/users\/2"}],"replies":[{"embeddable":true,"href":"https:\/\/www.kuldigastehnikums.lv\/index.php\/wp-json\/wp\/v2\/comments?post=6020"}],"version-history":[{"count":0,"href":"https:\/\/www.kuldigastehnikums.lv\/index.php\/wp-json\/wp\/v2\/pages\/6020\/revisions"}],"up":[{"embeddable":true,"href":"https:\/\/www.kuldigastehnikums.lv\/index.php\/wp-json\/wp\/v2\/pages\/5791"}],"wp:attachment":[{"href":"https:\/\/www.kuldigastehnikums.lv\/index.php\/wp-json\/wp\/v2\/media?parent=6020"}],"curies":[{"name":"wp","href":"https:\/\/api.w.org\/{rel}","templated":true}]}}