{"id":6022,"date":"2019-12-22T21:00:11","date_gmt":"2019-12-22T21:00:11","guid":{"rendered":"http:\/\/www.kuldigastehnikums.lv\/jaunumi\/jaunumi-2018\/pikc-kuldigas-tehnologiju-un-turisma-tehnikuma-studenti-jauniesu-foruma-31-10-2018\/"},"modified":"2019-12-22T21:00:11","modified_gmt":"2019-12-22T21:00:11","slug":"pikc-kuldigas-tehnologiju-un-turisma-tehnikuma-studenti-jauniesu-foruma-31-10-2018","status":"publish","type":"page","link":"https:\/\/www.kuldigastehnikums.lv\/index.php\/jaunumi\/jaunumi-arhivs\/pikc-kuldigas-tehnologiju-un-turisma-tehnikuma-studenti-jauniesu-foruma-31-10-2018\/","title":{"rendered":"PIKC Kuld\u012bgas Tehnolo\u0123iju un t\u016brisma tehnikuma studenti Jaunie\u0161u Forum\u0101 31.10.2018."},"content":{"rendered":"<p><a href=\"http:\/\/www.kuldigastehnikums.lv\/wp-content\/uploads\/2018\/11\/P1010548.jpg\"><img decoding=\"async\" class=\"size-thumbnail wp-image-16411 alignright\" src=\"http:\/\/www.kuldigastehnikums.lv\/wp-content\/uploads\/2018\/11\/P1010548-130x130.jpg\" alt=\"\" width=\"130\" height=\"130\" \/><\/a><\/p>\n<p><span style=\"font-size: 12pt;\">Pane\u013cdiskusij\u0101 kop\u0101 ar ministriem un uz\u0146\u0113m\u0113jiem , 2.persona no lab\u0101s puses &#8211; tehnikuma studente Katr\u012bna<\/span><\/p>\n<p>\u00a0<\/p>\n<p>\u00a0<\/p>\n<p><a href=\"http:\/\/www.kuldigastehnikums.lv\/wp-content\/uploads\/2018\/11\/P1010537.jpg\"><img decoding=\"async\" class=\"size-thumbnail wp-image-16409\" src=\"http:\/\/www.kuldigastehnikums.lv\/wp-content\/uploads\/2018\/11\/P1010537-130x130.jpg\" alt=\"\" width=\"130\" height=\"130\" \/>\u00a0\u00a0\u00a0\u00a0\u00a0\u00a0\u00a0<\/a><a href=\"http:\/\/www.kuldigastehnikums.lv\/wp-content\/uploads\/2018\/11\/P1010538.jpg\"><img decoding=\"async\" class=\"size-thumbnail wp-image-16410\" src=\"http:\/\/www.kuldigastehnikums.lv\/wp-content\/uploads\/2018\/11\/P1010538-130x130.jpg\" alt=\"\" width=\"130\" height=\"130\" \/>\u00a0\u00a0\u00a0\u00a0\u00a0\u00a0\u00a0\u00a0 <\/a><a href=\"http:\/\/www.kuldigastehnikums.lv\/wp-content\/uploads\/2018\/11\/P1010558.jpg\"><img loading=\"lazy\" decoding=\"async\" class=\"size-thumbnail wp-image-16412\" src=\"http:\/\/www.kuldigastehnikums.lv\/wp-content\/uploads\/2018\/11\/P1010558-130x130.jpg\" alt=\"\" width=\"130\" height=\"130\" \/><\/a><\/p>\n<p>\u00a0<\/p>\n<p>\u00a0<\/p>\n","protected":false},"excerpt":{"rendered":"<p>Pane\u013cdiskusij\u0101 kop\u0101 ar ministriem un uz\u0146\u0113m\u0113jiem , 2.persona no lab\u0101s puses &#8211; tehnikuma studente Katr\u012bna \u00a0 \u00a0 \u00a0\u00a0\u00a0\u00a0\u00a0\u00a0\u00a0\u00a0\u00a0\u00a0\u00a0\u00a0\u00a0\u00a0\u00a0 \u00a0 \u00a0 [&#8230;]<\/p>\n<p><a class=\"btn btn-secondary understrap-read-more-link\" href=\"https:\/\/www.kuldigastehnikums.lv\/index.php\/jaunumi\/jaunumi-arhivs\/pikc-kuldigas-tehnologiju-un-turisma-tehnikuma-studenti-jauniesu-foruma-31-10-2018\/\">Vair\u0101k&#8230;<\/a><\/p>\n","protected":false},"author":2,"featured_media":0,"parent":5791,"menu_order":0,"comment_status":"open","ping_status":"open","template":"","meta":{"footnotes":""},"class_list":["post-6022","page","type-page","status-publish","hentry"],"_links":{"self":[{"href":"https:\/\/www.kuldigastehnikums.lv\/index.php\/wp-json\/wp\/v2\/pages\/6022","targetHints":{"allow":["GET"]}}],"collection":[{"href":"https:\/\/www.kuldigastehnikums.lv\/index.php\/wp-json\/wp\/v2\/pages"}],"about":[{"href":"https:\/\/www.kuldigastehnikums.lv\/index.php\/wp-json\/wp\/v2\/types\/page"}],"author":[{"embeddable":true,"href":"https:\/\/www.kuldigastehnikums.lv\/index.php\/wp-json\/wp\/v2\/users\/2"}],"replies":[{"embeddable":true,"href":"https:\/\/www.kuldigastehnikums.lv\/index.php\/wp-json\/wp\/v2\/comments?post=6022"}],"version-history":[{"count":0,"href":"https:\/\/www.kuldigastehnikums.lv\/index.php\/wp-json\/wp\/v2\/pages\/6022\/revisions"}],"up":[{"embeddable":true,"href":"https:\/\/www.kuldigastehnikums.lv\/index.php\/wp-json\/wp\/v2\/pages\/5791"}],"wp:attachment":[{"href":"https:\/\/www.kuldigastehnikums.lv\/index.php\/wp-json\/wp\/v2\/media?parent=6022"}],"curies":[{"name":"wp","href":"https:\/\/api.w.org\/{rel}","templated":true}]}}