{"id":6023,"date":"2019-12-22T21:00:12","date_gmt":"2019-12-22T21:00:12","guid":{"rendered":"http:\/\/www.kuldigastehnikums.lv\/jaunumi\/jaunumi-2018\/izbraukuma-metodiskais-seminars-skolotajiem\/"},"modified":"2019-12-22T21:00:12","modified_gmt":"2019-12-22T21:00:12","slug":"izbraukuma-metodiskais-seminars-skolotajiem","status":"publish","type":"page","link":"https:\/\/www.kuldigastehnikums.lv\/index.php\/jaunumi\/jaunumi-arhivs\/izbraukuma-metodiskais-seminars-skolotajiem\/","title":{"rendered":"Izbraukuma metodiskais semin\u0101rs skolot\u0101jiem."},"content":{"rendered":"<div id=\"js_8\" class=\"_5pbx userContent _3576\" data-ad-preview=\"message\" data-ft=\"{\"tn\":\"K\"}\">\n<p><span style=\"font-size: 12pt;\">\u0160\u012bs vasaras pa\u0161\u0101 izska\u0146\u0101, 29.august\u0101, tehnikuma skolot\u0101jas I.Baumane, Z.\u0160legelmilha un E.G\u012bme piedal\u012bj\u0101s izbraukuma metodiskaj\u0101 semin\u0101r\u0101 Piebalg\u0101 profesion\u0101l\u0101s izgl\u012bt\u012bbas iest\u0101\u017eu latvie\u0161u valodas un literat\u016bras skolot\u0101jiem.<\/span><br \/>\n<span style=\"font-size: 12pt;\">Pa\u0161\u0101 r\u012bta agrum\u0101 tika apmekl\u0113ta Piebalgas Porcel\u0101na fabrika, kur\u0101 t\u0101s \u012bpa\u0161nieks, m\u0101kslinieks J\u0101nis Ronis \u012bsum\u0101 past\u0101st\u012bja gan par porcel\u0101nu, gan sava uz\u0146\u0113muma tap\u0161anas v\u0113sturi un savu liel\u0101ko sapni- porcel\u0101na ra\u017eo\u0161anas atjauno\u0161anu Latvij\u0101, gan m\u012b\u013ci un iedvesmojo\u0161i apsveica skolot\u0101jus 1.septembr\u012b, uzd\u0101vinot r\u0101d\u0101muzpirkste\u0146us. Semin\u0101ra dal\u012bbnieki apskat\u012bj\u0101s ar\u012b Vecpiebalgas mui\u017eas kompleksu, kur\u0161 kalpojis par par Sl\u0101tavas mui\u017eas prototipu slavenaj\u0101 Rei\u0146a un Mat\u012bsa Kaudz\u012b\u0161u rom\u0101n\u0101 &#8220;M\u0113rnieku laiki&#8221;.<\/span><br \/>\n<span style=\"font-size: 12pt;\">Semin\u0101ra ietvaros dal\u012bbnieki apmekl\u0113ja 1929. gad\u0101 nodibin\u0101to br\u0101\u013cu Rei\u0146a (1839 \u2013 1920) un Mat\u012bsa (1848 \u2013 1926) Kaudz\u012b\u0161u piemi\u0146as muzeju, kur\u0161 vienlaikus ir vec\u0101kais memori\u0101lais muzejs Latvij\u0101 un 19. gs. 60.-70. gadu skolu v\u0113stures piemineklis. Atrakt\u012bvais gids Aivars O\u0161i\u0146\u0161 skolot\u0101jus iepaz\u012bstin\u0101ja ar rakstnieku dz\u012bves laika m\u0101jas iek\u0101rtojums, ce\u013cojumu piemi\u0146as liet\u0101m, sadz\u012bves priek\u0161metiem, kas saglab\u0101ju\u0161ies l\u012bdz m\u016bsu dien\u0101m, past\u0101st\u012bja nians\u0113ti par rakstnieku dz\u012bvi, pedago\u0123isko, sabiedrisko un liter\u0101ro darb\u012bbu.<\/span><br \/>\n<span style=\"font-size: 12pt;\">T\u0101l\u0101k ce\u013c\u0161 veda uz \u201eKaika\u0161iem\u201d, Antona Austri\u0146a memori\u0101lo muzeju. Muzeja speci\u0101liste Lauma Balode saisto\u0161i iepaz\u012bstin\u0101ja gan ar rakstnieka A.Austri\u0146a dz\u012bves gait\u0101m, gan rakstnieka meitas Mud\u012btes Austri\u0146as, trimdas latvie\u0161u liter\u0101tes, m\u0101kslas galeriju un bibliot\u0113ku darbinieces, liter\u0101ro darb\u012bbu un vi\u0146as saules atveidu kolekciju, kura veido saisto\u0161u A. Austri\u0146a muzeja pamatekspoz\u012bcijas da\u013cu.<\/span><br \/>\n<span style=\"font-size: 12pt;\">P\u0113c tam skolot\u0101ji dev\u0101s uz Vecpiebalgas luter\u0101\u0146u bazn\u012bcu, kur semin\u0101ra dal\u012bbniekus sagaid\u012bja Vecpiebalgas v\u0113stures p\u0113tniece, rakstniece Inguna Bauere, kura past\u0101st\u012bja gan Vecpiebalgas luter\u0101\u0146u bazn\u012bcas v\u0113sturi, gan iev\u0113rojam\u0101ko vecpiebaldz\u0113nu likte\u0146u l\u012bklo\u010diem. Kop\u0101 ar rakstnieci skolot\u0101ji apmekl\u0113ja ar\u012b Vecpiebalgas Vidus kapus, kur atdusas br\u0101\u013ci Kaudz\u012btes, k\u0101 ar\u012b L\u012bze Ratmindere-Kaudz\u012bte (1848-1928), Atis Kronvalds (1837\u20131875), skolot\u0101js, rakstnieks un sabiedriskais darbinieks J.Pils\u0101tnieks (1838\u20131879), tulkot\u0101js un bibliogr\u0101fs K\u0101rlis Egle (1887\u20131974), skolot\u0101js un liter\u0101ts A.Tullijs (1851\u20131909), rakstnieks A.Bra\u010ds (1880\u20131967), \u0101rsts J.Jurj\u0101ns (1830-1879) u.c.<\/span><br \/>\n<span style=\"font-size: 12pt;\">Skolot\u0101ji p\u0113c kapu apmekl\u0113juma dev\u0101s uz \u201eJ\u0101\u0146askolu\u201d, Em\u012bla D\u0101rzi\u0146a un J\u0101\u0146a Sudrabkalna muzeju. Ekskursanti apl\u016bkoja piemi\u0146as ekspoz\u012bciju, bet lielaj\u0101 klas\u0113 klaus\u012bj\u0101s E. D\u0101rzi\u0146a m\u016bzikas ierakstus. <\/span><br \/>\n<span style=\"font-size: 12pt;\">P\u0113c muzeja apmekl\u0113juma skolot\u0101ji viesoj\u0101s skaistaj\u0101s \u201cZ\u0101rdi\u0146u\u201d m\u0101j\u0101s pie viesm\u012bl\u012bg\u0101 maizes cep\u0113ja Kristapa Z\u0101rdi\u0146a, kur\u0161 viesiem gald\u0101 c\u0113la gar\u0161\u012bgus lauku labumus- pa\u0161cepto maiz\u012bti, k\u016bpin\u0101to cauraudz\u012bti, pa\u0161br\u016bv\u0113to aluti\u0146u, meduti\u0146u. Kristapam cept maizi m\u0101c\u012bjusi vecm\u0101mi\u0146a un mamma. \u201cT\u0101 k\u0101 paliku dz\u012bvot \u0161aj\u0101 m\u0101j\u0101, daru to, kas te dar\u012bts vienm\u0113r. Turpinu,\u201d atzina saimnieks.<\/span><br \/>\n<span style=\"font-size: 12pt;\">Semin\u0101ra izska\u0146\u0101 skolot\u0101ji dev\u0101s uz \u201eSaulrietiem\u201d, K\u0101r\u013ca Skalbes memori\u0101lo muzeju. 18 gadus (1926-1944) ,,Saulrieti\u2019\u2019 bija Skalbju \u0123imenes vasaras atp\u016btas vieta, kur dzimto &#8220;Inc\u0113nu&#8221; tuvum\u0101 K\u0101rlis Skalbe guva atelpu no trauksmain\u0101s R\u012bgas dz\u012bves un sm\u0113l\u0101s iedvesmu liter\u0101rajai darb\u012bbai. Muzeja darbiniece Ilona Mui\u017eniece atrakt\u012bvi skolot\u0101jus iepaz\u012bstin\u0101ja ar \u201eSaulrietu\u201d m\u0101ju v\u0113sturi un K.Skalbes person\u012bbu. P\u0113c ekskursijas semin\u0101ra dal\u012bbniekiem bija tik\u0161an\u0101s ar rakstnieci I.Baueri, kuras laik\u0101 notika diskusijas par I.Baueres rom\u0101niem. Pateic\u012bb\u0101 par jauko kop\u0101b\u016b\u0161anu rakstniecei tika uzd\u0101vin\u0101ts PIKC Kuld\u012bgas Tehnolo\u0123iju un t\u016brisma tehnikuma topo\u0161o galdnieku gatavot\u0101 \u201eTilti\u0146u\u201d m\u0101ju z\u012bme.<\/span><br \/>\n<span style=\"font-size: 12pt;\">Semin\u0101rs nosl\u0113dz\u0101s ar gard\u0101m vakari\u0146\u0101m \u0123imenes restor\u0101n\u0101 \u201e\u016adensroze\u201d.<\/span><\/p>\n<p><span style=\"font-size: 12pt;\">Materi\u0101lu sagatavoja skolot\u0101ja Zanda \u0160legelmilha.<br \/>\n<\/span><\/p>\n<\/div>\n<p>\u00a0<\/p>\n","protected":false},"excerpt":{"rendered":"<p>\u0160\u012bs vasaras pa\u0161\u0101 izska\u0146\u0101, 29.august\u0101, tehnikuma skolot\u0101jas I.Baumane, Z.\u0160legelmilha un E.G\u012bme piedal\u012bj\u0101s izbraukuma metodiskaj\u0101 semin\u0101r\u0101 Piebalg\u0101 profesion\u0101l\u0101s izgl\u012bt\u012bbas iest\u0101\u017eu latvie\u0161u valodas un literat\u016bras skolot\u0101jiem. Pa\u0161\u0101 r\u012bta agrum\u0101 tika apmekl\u0113ta Piebalgas Porcel\u0101na fabrika, kur\u0101 t\u0101s \u012bpa\u0161nieks, m\u0101kslinieks J\u0101nis Ronis \u012bsum\u0101 past\u0101st\u012bja gan par porcel\u0101nu, gan sava uz\u0146\u0113muma tap\u0161anas v\u0113sturi un savu liel\u0101ko sapni- porcel\u0101na ra\u017eo\u0161anas atjauno\u0161anu<a class=\"moretag\" href=\"https:\/\/www.kuldigastehnikums.lv\/index.php\/jaunumi\/jaunumi-arhivs\/izbraukuma-metodiskais-seminars-skolotajiem\/\"> Vair\u0101k<\/a> [&#8230;]<\/p>\n<p><a class=\"btn btn-secondary understrap-read-more-link\" href=\"https:\/\/www.kuldigastehnikums.lv\/index.php\/jaunumi\/jaunumi-arhivs\/izbraukuma-metodiskais-seminars-skolotajiem\/\">Vair\u0101k&#8230;<\/a><\/p>\n","protected":false},"author":2,"featured_media":0,"parent":5791,"menu_order":0,"comment_status":"open","ping_status":"open","template":"","meta":{"footnotes":""},"class_list":["post-6023","page","type-page","status-publish","hentry"],"_links":{"self":[{"href":"https:\/\/www.kuldigastehnikums.lv\/index.php\/wp-json\/wp\/v2\/pages\/6023","targetHints":{"allow":["GET"]}}],"collection":[{"href":"https:\/\/www.kuldigastehnikums.lv\/index.php\/wp-json\/wp\/v2\/pages"}],"about":[{"href":"https:\/\/www.kuldigastehnikums.lv\/index.php\/wp-json\/wp\/v2\/types\/page"}],"author":[{"embeddable":true,"href":"https:\/\/www.kuldigastehnikums.lv\/index.php\/wp-json\/wp\/v2\/users\/2"}],"replies":[{"embeddable":true,"href":"https:\/\/www.kuldigastehnikums.lv\/index.php\/wp-json\/wp\/v2\/comments?post=6023"}],"version-history":[{"count":0,"href":"https:\/\/www.kuldigastehnikums.lv\/index.php\/wp-json\/wp\/v2\/pages\/6023\/revisions"}],"up":[{"embeddable":true,"href":"https:\/\/www.kuldigastehnikums.lv\/index.php\/wp-json\/wp\/v2\/pages\/5791"}],"wp:attachment":[{"href":"https:\/\/www.kuldigastehnikums.lv\/index.php\/wp-json\/wp\/v2\/media?parent=6023"}],"curies":[{"name":"wp","href":"https:\/\/api.w.org\/{rel}","templated":true}]}}