{"id":6025,"date":"2019-12-22T21:00:12","date_gmt":"2019-12-22T21:00:12","guid":{"rendered":"http:\/\/www.kuldigastehnikums.lv\/jaunumi\/jaunumi-2018\/pulcins-zellitis-virtuve\/"},"modified":"2019-12-22T21:00:12","modified_gmt":"2019-12-22T21:00:12","slug":"pulcins-zellitis-virtuve","status":"publish","type":"page","link":"https:\/\/www.kuldigastehnikums.lv\/index.php\/jaunumi\/jaunumi-arhivs\/pulcins-zellitis-virtuve\/","title":{"rendered":"Pulci\u0146\u0161 &#8220;Zell\u012btis virtuv\u0113&#8221;"},"content":{"rendered":"<p><span class=\"fbPhotoCaptionText\" style=\"font-size: 12pt;\">23. septembr\u012b tehnikum\u0101 notika 1.nodarb\u012bba pulci\u0146am &#8220;Zell\u012btis virtuv\u0113&#8221;, kuru finans\u0113 Kuld\u012bgas novada B\u0113rnu un jaunie\u0161u centrs, un \u0161ogad to v<span class=\"text_exposed_show\">ad\u012bs skolot\u0101ja Ieva Mis\u0101ne. K\u0101 nor\u0101da skolot\u0101ja, interesentu skaits bijis tik liels, ka nemaz visus nemaz nevar\u0113ja uz\u0146emt pulci\u0146\u0101.<\/p>\n<p>Uz pirmo nodarb\u012bbu bija ieradu\u0161ies piecpadsmit pamatskol\u0113nu- gan z\u0113ni, gan meitenes. Vispirms jaunie zell\u012b\u0161i tika iepaz\u012bstin\u0101ti ar profesij\u0101 izmantojamo apr\u012bkojumu un iek\u0101rt\u0101m, p\u0113c tam jau \u0137\u0113r\u0101s pie pirmajiem uzdevumiem- pank\u016bku cep\u0161nas.<br \/>\nVeiksm\u012bgu jaunajiem zell\u012b\u0161iem \u0161o m\u0101c\u012bbu gadu tehnikum\u0101!<\/p>\n<p>Materi\u0101lu sagatavoja skolot\u0101ja Zanda \u0160legelmilha.<\/span><\/span><\/p>\n\n","protected":false},"excerpt":{"rendered":"<p>23. septembr\u012b tehnikum\u0101 notika 1.nodarb\u012bba pulci\u0146am &#8220;Zell\u012btis virtuv\u0113&#8221;, kuru finans\u0113 Kuld\u012bgas novada B\u0113rnu un jaunie\u0161u centrs, un \u0161ogad to vad\u012bs skolot\u0101ja Ieva Mis\u0101ne. K\u0101 nor\u0101da skolot\u0101ja, interesentu skaits bijis tik liels, ka nemaz visus nemaz nevar\u0113ja uz\u0146emt pulci\u0146\u0101. Uz pirmo nodarb\u012bbu bija ieradu\u0161ies piecpadsmit pamatskol\u0113nu- gan z\u0113ni, gan meitenes. Vispirms jaunie zell\u012b\u0161i tika iepaz\u012bstin\u0101ti ar<a class=\"moretag\" href=\"https:\/\/www.kuldigastehnikums.lv\/index.php\/jaunumi\/jaunumi-arhivs\/pulcins-zellitis-virtuve\/\"> Vair\u0101k<\/a> [&#8230;]<\/p>\n<p><a class=\"btn btn-secondary understrap-read-more-link\" href=\"https:\/\/www.kuldigastehnikums.lv\/index.php\/jaunumi\/jaunumi-arhivs\/pulcins-zellitis-virtuve\/\">Vair\u0101k&#8230;<\/a><\/p>\n","protected":false},"author":2,"featured_media":0,"parent":5791,"menu_order":0,"comment_status":"open","ping_status":"open","template":"","meta":{"footnotes":""},"class_list":["post-6025","page","type-page","status-publish","hentry"],"_links":{"self":[{"href":"https:\/\/www.kuldigastehnikums.lv\/index.php\/wp-json\/wp\/v2\/pages\/6025","targetHints":{"allow":["GET"]}}],"collection":[{"href":"https:\/\/www.kuldigastehnikums.lv\/index.php\/wp-json\/wp\/v2\/pages"}],"about":[{"href":"https:\/\/www.kuldigastehnikums.lv\/index.php\/wp-json\/wp\/v2\/types\/page"}],"author":[{"embeddable":true,"href":"https:\/\/www.kuldigastehnikums.lv\/index.php\/wp-json\/wp\/v2\/users\/2"}],"replies":[{"embeddable":true,"href":"https:\/\/www.kuldigastehnikums.lv\/index.php\/wp-json\/wp\/v2\/comments?post=6025"}],"version-history":[{"count":0,"href":"https:\/\/www.kuldigastehnikums.lv\/index.php\/wp-json\/wp\/v2\/pages\/6025\/revisions"}],"up":[{"embeddable":true,"href":"https:\/\/www.kuldigastehnikums.lv\/index.php\/wp-json\/wp\/v2\/pages\/5791"}],"wp:attachment":[{"href":"https:\/\/www.kuldigastehnikums.lv\/index.php\/wp-json\/wp\/v2\/media?parent=6025"}],"curies":[{"name":"wp","href":"https:\/\/api.w.org\/{rel}","templated":true}]}}