{"id":6026,"date":"2019-12-22T21:00:12","date_gmt":"2019-12-22T21:00:12","guid":{"rendered":"http:\/\/www.kuldigastehnikums.lv\/jaunumi\/jaunumi-2018\/konference-kurzemes-izloksnu-daudzveidiba\/"},"modified":"2019-12-22T21:00:12","modified_gmt":"2019-12-22T21:00:12","slug":"konference-kurzemes-izloksnu-daudzveidiba","status":"publish","type":"page","link":"https:\/\/www.kuldigastehnikums.lv\/index.php\/jaunumi\/jaunumi-arhivs\/konference-kurzemes-izloksnu-daudzveidiba\/","title":{"rendered":"Konference \u201cKurzemes izlok\u0161\u0146u daudzveid\u012bba\u201d"},"content":{"rendered":"<p><span class=\"fbPhotoCaptionText\" style=\"font-size: 12pt;\">8.oktobr\u012b tehnikuma skolot\u0101jas Zanda \u0160legelmilha, Agra Kalni\u0146a un Inese Baumane piedal\u012bj\u0101s konferenc\u0113 \u201cKurzemes izlok\u0161\u0146u daudzveid\u012bba\u201d Alsun<span class=\"text_exposed_show\">g\u0101, kuru organiz\u0113ja biedr\u012bba &#8220;Etnisk\u0101s kult\u016bras centrs &#8220;Suiti&#8221;&#8221;. Biedr\u012bbas vad\u012bt\u0101ja Dace Martinova uzsv\u0113ra: &#8220;Viet\u0113j\u0101s kopienas valoda (izloksne) ir b\u016btiska nemateri\u0101l\u0101s kult\u016bras mantojuma da\u013ca, kas veido kult\u016bras pieder\u012bbas un identit\u0101tes apzi\u0146u. M\u016bsdienu main\u012bgaj\u0101 pasaul\u0113 aktu\u0101ls ir jaut\u0101jums par v\u0113rt\u012bb\u0101m, kas vieno un veido pieder\u012bbas un sak\u0146u izj\u016btu. Kult\u016bras mantojuma saglab\u0101\u0161anai ir b\u016btiski piev\u0113rst uzman\u012bbu m\u016bsu valodas daudzveid\u012bbai un bag\u0101t\u012bbai.&#8221;<\/p>\n<p>Konference notika UNESCO ned\u0113\u013cas ietvaros, laik\u0101 no \u0161\u012b gada 8. l\u012bdz 14. oktobrim, kur\u0101 UNESCO Latvijas Nacion\u0101l\u0101 komisija aicin\u0101ja ikvienu atrast mantojuma st\u0101stu sav\u0101 \u0123imen\u0113 vai apkaim\u0113, lai iem\u016b\u017ein\u0101tu to klaus\u0101m\u0101, skat\u0101m\u0101 vai las\u0101m\u0101 veid\u0101 un dal\u012btos st\u0101st\u0101 ar citiem.<\/p>\n<p>Viens no UNESCO uzdevumiem ir veicin\u0101t pieejamu un kvalitat\u012bvu inform\u0101cijas vidi, veidojot akt\u012bvu un kritiski dom\u0101jo\u0161u sabiedr\u012bbu, kas nov\u0113rt\u0113 un saglab\u0101 p\u0101rmantot\u0101s zin\u0101\u0161anas. T\u0101d\u0113\u013c \u0161ogad UNESCO ned\u0113\u013cas t\u0113ma ir \u201eIzst\u0101sti mantojumu\u201d, kuras laik\u0101 aicin\u0101m skaidrot mantojuma v\u0113rt\u012bbas un rad\u012bt t\u0101m vietu informat\u012bvaj\u0101 telp\u0101, iesaistoties prasm\u012bg\u0101 materi\u0101lo un nemateri\u0101lo, dabas un kult\u016bras mantojuma v\u0113rt\u012bbu dokument\u0113\u0161an\u0101 un k\u013c\u016bt par Mantojuma st\u0101stnieku, kur\u0161 st\u0101stu pav\u0113sta citiem klaus\u0101m\u0101, skat\u0101m\u0101 vai las\u0101m\u0101 veid\u0101.<\/p>\n<p>\u201cB\u016btiski ir izv\u0113rt\u0113t mantojuma noz\u012bmi: vai mantojums izz\u016bd, piedz\u012bvo p\u0101rv\u0113rt\u012bbas, nekad iepriek\u0161 nav apzin\u0101ts, nav pla\u0161\u0101kai sabiedr\u012bbai pieejams vai zin\u0101ms, nav cit\u0101di nododams citiem? Vai tu sp\u0113j dot savu person\u012bgo pieredzi un zin\u0101\u0161anas mantojuma st\u0101sta veido\u0161an\u0101? Radot st\u0101stus par kult\u016bras un dabas mantojumu, pal\u012bdz\u0113sim saglab\u0101t v\u0113rt\u012bbas, kas padara m\u016bs tik \u012bpa\u0161us sav\u0101 identit\u0101t\u0113 un v\u0113sturiskaj\u0101 sp\u0113k\u0101,\u201d aicina UNESCO Latvijas Nacion\u0101l\u0101s komisijas \u0123ener\u0101lsekret\u0101re Baiba Mo\u013c\u0146ika.<\/p>\n<p>Materi\u0101lu sagatavoja skolot\u0101ja Zanda \u0160legelmilha sadarb\u012bb\u0101 ar UNESCO LNK komunik\u0101cijas konsultanti Kitiju Balcari. Foto: Inese Baumane, Dzintars Leja.<\/span><\/span><\/p>\n<p>\u00a0<\/p>\n\n","protected":false},"excerpt":{"rendered":"<p>8.oktobr\u012b tehnikuma skolot\u0101jas Zanda \u0160legelmilha, Agra Kalni\u0146a un Inese Baumane piedal\u012bj\u0101s konferenc\u0113 \u201cKurzemes izlok\u0161\u0146u daudzveid\u012bba\u201d Alsung\u0101, kuru organiz\u0113ja biedr\u012bba &#8220;Etnisk\u0101s kult\u016bras centrs &#8220;Suiti&#8221;&#8221;. Biedr\u012bbas vad\u012bt\u0101ja Dace Martinova uzsv\u0113ra: &#8220;Viet\u0113j\u0101s kopienas valoda (izloksne) ir b\u016btiska nemateri\u0101l\u0101s kult\u016bras mantojuma da\u013ca, kas veido kult\u016bras pieder\u012bbas un identit\u0101tes apzi\u0146u. M\u016bsdienu main\u012bgaj\u0101 pasaul\u0113 aktu\u0101ls ir jaut\u0101jums par v\u0113rt\u012bb\u0101m, kas vieno<a class=\"moretag\" href=\"https:\/\/www.kuldigastehnikums.lv\/index.php\/jaunumi\/jaunumi-arhivs\/konference-kurzemes-izloksnu-daudzveidiba\/\"> Vair\u0101k<\/a> [&#8230;]<\/p>\n<p><a class=\"btn btn-secondary understrap-read-more-link\" href=\"https:\/\/www.kuldigastehnikums.lv\/index.php\/jaunumi\/jaunumi-arhivs\/konference-kurzemes-izloksnu-daudzveidiba\/\">Vair\u0101k&#8230;<\/a><\/p>\n","protected":false},"author":2,"featured_media":0,"parent":5791,"menu_order":0,"comment_status":"open","ping_status":"open","template":"","meta":{"footnotes":""},"class_list":["post-6026","page","type-page","status-publish","hentry"],"_links":{"self":[{"href":"https:\/\/www.kuldigastehnikums.lv\/index.php\/wp-json\/wp\/v2\/pages\/6026","targetHints":{"allow":["GET"]}}],"collection":[{"href":"https:\/\/www.kuldigastehnikums.lv\/index.php\/wp-json\/wp\/v2\/pages"}],"about":[{"href":"https:\/\/www.kuldigastehnikums.lv\/index.php\/wp-json\/wp\/v2\/types\/page"}],"author":[{"embeddable":true,"href":"https:\/\/www.kuldigastehnikums.lv\/index.php\/wp-json\/wp\/v2\/users\/2"}],"replies":[{"embeddable":true,"href":"https:\/\/www.kuldigastehnikums.lv\/index.php\/wp-json\/wp\/v2\/comments?post=6026"}],"version-history":[{"count":0,"href":"https:\/\/www.kuldigastehnikums.lv\/index.php\/wp-json\/wp\/v2\/pages\/6026\/revisions"}],"up":[{"embeddable":true,"href":"https:\/\/www.kuldigastehnikums.lv\/index.php\/wp-json\/wp\/v2\/pages\/5791"}],"wp:attachment":[{"href":"https:\/\/www.kuldigastehnikums.lv\/index.php\/wp-json\/wp\/v2\/media?parent=6026"}],"curies":[{"name":"wp","href":"https:\/\/api.w.org\/{rel}","templated":true}]}}