{"id":6027,"date":"2019-12-22T21:00:12","date_gmt":"2019-12-22T21:00:12","guid":{"rendered":"http:\/\/www.kuldigastehnikums.lv\/jaunumi\/jaunumi-2018\/unesco-nedelas-2018-pasakums-skoleniem\/"},"modified":"2019-12-22T21:00:12","modified_gmt":"2019-12-22T21:00:12","slug":"unesco-nedelas-2018-pasakums-skoleniem","status":"publish","type":"page","link":"https:\/\/www.kuldigastehnikums.lv\/index.php\/jaunumi\/jaunumi-arhivs\/unesco-nedelas-2018-pasakums-skoleniem\/","title":{"rendered":"UNESCO ned\u0113\u013cas&#8217; 2018 pas\u0101kums skol\u0113niem"},"content":{"rendered":"<p><span class=\"fbPhotoCaptionText\" style=\"font-size: 12pt;\">10. oktobr\u012b tehnikum\u0101 UNESCO ned\u0113\u013cas un Karjeras ned\u0113\u013cas ietvaros notika karjeras izgl\u012bt\u012bbas pas\u0101kums \u201eIzst\u0101sti mantojumu!\u201d Kuld\u012bgas M\u0101ksla<span class=\"text_exposed_show\">s un humanit\u0101ro zin\u012bbu vidusskolas 1.klases skol\u0113niem (audzin\u0101t\u0101ja <a href=\"https:\/\/www.facebook.com\/profile.php?id=100006730575388&#038;eid=ARBzRKxQecXQdSEWOMIWN7XoAtomiFL4GHbx4jXgvTKkZq4QOQJmTf0tWhBDhcz_2OotH1El0ARc9EVY\" data-hovercard=\"\/ajax\/hovercard\/user.php?id=100006730575388&#038;extragetparams=eidARBzRKxQecXQdSEWOMIWN7XoAtomiFL4GHbx4jXgvTKkZq4QOQJmTf0tWhBDhcz_2OotH1El0ARc9EVYdirected_target_idnull\" data-hovercard-prefer-more-content-show=\"1\">Aina Tovstu\u013caka<\/a>). UNESCO ned\u0113\u013c\u0101 UNESCO Latvijas Nacion\u0101l\u0101 komisija aicin\u0101ja ikvienu atrast mantojuma st\u0101stu sav\u0101 \u0123imen\u0113 vai apkaim\u0113, lai iem\u016b\u017ein\u0101tu to klaus\u0101m\u0101, skat\u0101m\u0101 vai las\u0101m\u0101 veid\u0101 un dal\u012btos st\u0101st\u0101 ar citiem. T\u0101d\u0113\u013c vispirms mazos skol\u0113nus uzrun\u0101ja 4.kursa 4.grupas studente Katr\u012bna Sp\u0113kaine, kura past\u0101s\u012bja gan par seno Baltijas skolot\u0101ju semin\u0101ra \u0113ku, gan semin\u0101ristu dzejnieku Vili Pl\u016bdoni, gan nolas\u012bja fragmentu no V.Pl\u016bdo\u0146a po\u0113mas &#8220;E\u017ea ka\u017eoci\u0146\u0161&#8221;, aicinot skol\u0113nus izlas\u012bt pa\u0161iem po\u0113mu l\u012bdz beig\u0101m.<br \/>\nKarjeras konsultante <a href=\"https:\/\/www.facebook.com\/aija.rutule?eid=ARDmV4xEAdhpFRtn8EkEfrAQnCxV2VGYb7gneYlDFRoHQguFvU6dU5FBWIyTJNKx1ZioCoQeemE5p0Or\" data-hovercard=\"\/ajax\/hovercard\/user.php?id=100013060535831&#038;extragetparams=eidARDmV4xEAdhpFRtn8EkEfrAQnCxV2VGYb7gneYlDFRoHQguFvU6dU5FBWIyTJNKx1ZioCoQeemE5p0Ordirected_target_idnull\" data-hovercard-prefer-more-content-show=\"1\">Aija Rutule<\/a> \u012bsum\u0101 past\u0101st\u012bja par tehnikuma darb\u012bbu un tehnikum\u0101 apg\u016bstamaj\u0101m profesij\u0101m, savuk\u0101rt UNESCO ASP koordinatore tehnikum\u0101 Zanda \u0160legelmilha \u012bpa\u0161u uzman\u012bbu piev\u0113rsa kulin\u0101r\u0101 un kokdarbu mantojuma saglab\u0101\u0161anai.<\/p>\n<p>Mazie b\u0113rnud\u0101rznieki kop\u0101 ar tehnikuma audz\u0113k\u0146iem un skolot\u0101jiem akt\u012bvi darboj\u0101s 5 meistardarbn\u012bc\u0101s:<br \/>\n\uf0fc atsl\u0113dznieku darbn\u012bc\u0101 skolot\u0101ja Andra \u0100bola vad\u012bb\u0101;<br \/>\n\uf0fc sviesta cepumu darbn\u012bc\u0101 skolot\u0101jas Anitas B\u0113rzi\u0146as vad\u012bb\u0101;<br \/>\n\uf0fc kokdarbu darbn\u012bc\u0101 skolot\u0101ja M\u0101rti\u0146a Mednieka vad\u012bb\u0101;<br \/>\n\uf0fc vesel\u012bgo un vitaminiz\u0113to koktei\u013cu darbn\u012bc\u0101 skolot\u0101jas Daces \u0160\u0113nas vad\u012bb\u0101; <br \/>\n\uf0fc manik\u012bru darbn\u012bc\u0101 skolot\u0101jas Katr\u012bnas Spulenieces-Ai\u0161pures vad\u012bb\u0101. <\/p>\n<p>Visliel\u0101ko gandar\u012bjumu gan mazajiem, gan lielajiem sniedza apzi\u0146a, ka, kop\u012bgi darbojoties, ar sav\u0101m rok\u0101m var pagatavot gan gar\u0161\u012bgus cepumus, gan ar smil\u0161pap\u012bru nopul\u0113t pa\u0161a veidot\u0101u koka putni\u0146u.<br \/>\nPaldies skolot\u0101jiem Andrim \u0100bolam, Anitai B\u0113rzi\u0146ai, Dacei \u0160\u0113nai, M\u0101rti\u0146am Medniekam, Katr\u012bnai Spuleniecei-Ai\u0161purei un Aijai Rutulei par ieguld\u012bto darbu, k\u0101 ar\u012b tehnikuma audz\u0113k\u0146iem, kuri darboj\u0101s rado\u0161aj\u0101s darbn\u012bc\u0101s!<\/p>\n<p>Materi\u0101lu sagatavoja UNESCO ASP koordinatore tehnikum\u0101 Zanda \u0160legelmilha.<\/span><\/span><\/p>\n<p>\u00a0<\/p>\n\n","protected":false},"excerpt":{"rendered":"<p>10. oktobr\u012b tehnikum\u0101 UNESCO ned\u0113\u013cas un Karjeras ned\u0113\u013cas ietvaros notika karjeras izgl\u012bt\u012bbas pas\u0101kums \u201eIzst\u0101sti mantojumu!\u201d Kuld\u012bgas M\u0101kslas un humanit\u0101ro zin\u012bbu vidusskolas 1.klases skol\u0113niem (audzin\u0101t\u0101ja Aina Tovstu\u013caka). UNESCO ned\u0113\u013c\u0101 UNESCO Latvijas Nacion\u0101l\u0101 komisija aicin\u0101ja ikvienu atrast mantojuma st\u0101stu sav\u0101 \u0123imen\u0113 vai apkaim\u0113, lai iem\u016b\u017ein\u0101tu to klaus\u0101m\u0101, skat\u0101m\u0101 vai las\u0101m\u0101 veid\u0101 un dal\u012btos st\u0101st\u0101 ar citiem. T\u0101d\u0113\u013c<a class=\"moretag\" href=\"https:\/\/www.kuldigastehnikums.lv\/index.php\/jaunumi\/jaunumi-arhivs\/unesco-nedelas-2018-pasakums-skoleniem\/\"> Vair\u0101k<\/a> [&#8230;]<\/p>\n<p><a class=\"btn btn-secondary understrap-read-more-link\" href=\"https:\/\/www.kuldigastehnikums.lv\/index.php\/jaunumi\/jaunumi-arhivs\/unesco-nedelas-2018-pasakums-skoleniem\/\">Vair\u0101k&#8230;<\/a><\/p>\n","protected":false},"author":2,"featured_media":0,"parent":5791,"menu_order":0,"comment_status":"open","ping_status":"open","template":"","meta":{"footnotes":""},"class_list":["post-6027","page","type-page","status-publish","hentry"],"_links":{"self":[{"href":"https:\/\/www.kuldigastehnikums.lv\/index.php\/wp-json\/wp\/v2\/pages\/6027","targetHints":{"allow":["GET"]}}],"collection":[{"href":"https:\/\/www.kuldigastehnikums.lv\/index.php\/wp-json\/wp\/v2\/pages"}],"about":[{"href":"https:\/\/www.kuldigastehnikums.lv\/index.php\/wp-json\/wp\/v2\/types\/page"}],"author":[{"embeddable":true,"href":"https:\/\/www.kuldigastehnikums.lv\/index.php\/wp-json\/wp\/v2\/users\/2"}],"replies":[{"embeddable":true,"href":"https:\/\/www.kuldigastehnikums.lv\/index.php\/wp-json\/wp\/v2\/comments?post=6027"}],"version-history":[{"count":0,"href":"https:\/\/www.kuldigastehnikums.lv\/index.php\/wp-json\/wp\/v2\/pages\/6027\/revisions"}],"up":[{"embeddable":true,"href":"https:\/\/www.kuldigastehnikums.lv\/index.php\/wp-json\/wp\/v2\/pages\/5791"}],"wp:attachment":[{"href":"https:\/\/www.kuldigastehnikums.lv\/index.php\/wp-json\/wp\/v2\/media?parent=6027"}],"curies":[{"name":"wp","href":"https:\/\/api.w.org\/{rel}","templated":true}]}}