{"id":6028,"date":"2019-12-22T21:00:12","date_gmt":"2019-12-22T21:00:12","guid":{"rendered":"http:\/\/www.kuldigastehnikums.lv\/jaunumi\/jaunumi-2018\/tehnikumiesi-senioru-veselibas-diena\/"},"modified":"2019-12-22T21:00:12","modified_gmt":"2019-12-22T21:00:12","slug":"tehnikumiesi-senioru-veselibas-diena","status":"publish","type":"page","link":"https:\/\/www.kuldigastehnikums.lv\/index.php\/jaunumi\/jaunumi-arhivs\/tehnikumiesi-senioru-veselibas-diena\/","title":{"rendered":"Tehnikumie\u0161i Senioru vesel\u012bbas dien\u0101"},"content":{"rendered":"<p><span class=\"fbPhotoCaptionText\" style=\"font-size: 12pt;\">2. oktobr\u012b tehnikuma skaistumkop\u0161anas pakalpojumu noda\u013cas audz\u0113knes piedal\u012bj\u0101s Kuld\u012bgas pa\u0161vald\u012bbas organiz\u0113taj\u0101 Senioru vesel\u012bbas dien\u0101&#8217; 20<span class=\"text_exposed_show\">18, veica muguras un roku mas\u0101\u017eas, lakoja nagus un veica paraf\u012bna vanni\u0146as rok\u0101m. Paldies 25. un 26. grupas audz\u0113kn\u0113m un skolot\u0101jai Katr\u012bnai Spuleniecei-Ai\u0161purei! <\/p>\n<p>Foto: Antra Gr\u012bnberga un Katr\u012bna Spuleniece-Ai\u0161pure.<\/span><\/span><\/p>\n<p>\u00a0<\/p>\n\n","protected":false},"excerpt":{"rendered":"<p>2. oktobr\u012b tehnikuma skaistumkop\u0161anas pakalpojumu noda\u013cas audz\u0113knes piedal\u012bj\u0101s Kuld\u012bgas pa\u0161vald\u012bbas organiz\u0113taj\u0101 Senioru vesel\u012bbas dien\u0101&#8217; 2018, veica muguras un roku mas\u0101\u017eas, lakoja nagus un veica paraf\u012bna vanni\u0146as rok\u0101m. Paldies 25. un 26. grupas audz\u0113kn\u0113m un skolot\u0101jai Katr\u012bnai Spuleniecei-Ai\u0161purei! Foto: Antra Gr\u012bnberga un Katr\u012bna Spuleniece-Ai\u0161pure. \u00a0 [&#8230;]<\/p>\n<p><a class=\"btn btn-secondary understrap-read-more-link\" href=\"https:\/\/www.kuldigastehnikums.lv\/index.php\/jaunumi\/jaunumi-arhivs\/tehnikumiesi-senioru-veselibas-diena\/\">Vair\u0101k&#8230;<\/a><\/p>\n","protected":false},"author":2,"featured_media":0,"parent":5791,"menu_order":0,"comment_status":"open","ping_status":"open","template":"","meta":{"footnotes":""},"class_list":["post-6028","page","type-page","status-publish","hentry"],"_links":{"self":[{"href":"https:\/\/www.kuldigastehnikums.lv\/index.php\/wp-json\/wp\/v2\/pages\/6028","targetHints":{"allow":["GET"]}}],"collection":[{"href":"https:\/\/www.kuldigastehnikums.lv\/index.php\/wp-json\/wp\/v2\/pages"}],"about":[{"href":"https:\/\/www.kuldigastehnikums.lv\/index.php\/wp-json\/wp\/v2\/types\/page"}],"author":[{"embeddable":true,"href":"https:\/\/www.kuldigastehnikums.lv\/index.php\/wp-json\/wp\/v2\/users\/2"}],"replies":[{"embeddable":true,"href":"https:\/\/www.kuldigastehnikums.lv\/index.php\/wp-json\/wp\/v2\/comments?post=6028"}],"version-history":[{"count":0,"href":"https:\/\/www.kuldigastehnikums.lv\/index.php\/wp-json\/wp\/v2\/pages\/6028\/revisions"}],"up":[{"embeddable":true,"href":"https:\/\/www.kuldigastehnikums.lv\/index.php\/wp-json\/wp\/v2\/pages\/5791"}],"wp:attachment":[{"href":"https:\/\/www.kuldigastehnikums.lv\/index.php\/wp-json\/wp\/v2\/media?parent=6028"}],"curies":[{"name":"wp","href":"https:\/\/api.w.org\/{rel}","templated":true}]}}