{"id":6029,"date":"2019-12-22T21:00:13","date_gmt":"2019-12-22T21:00:13","guid":{"rendered":"http:\/\/www.kuldigastehnikums.lv\/jaunumi\/jaunumi-2018\/macibu-ekskursija-7-un-15-b-grupai\/"},"modified":"2019-12-22T21:00:13","modified_gmt":"2019-12-22T21:00:13","slug":"macibu-ekskursija-7-un-15-b-grupai","status":"publish","type":"page","link":"https:\/\/www.kuldigastehnikums.lv\/index.php\/jaunumi\/jaunumi-arhivs\/macibu-ekskursija-7-un-15-b-grupai\/","title":{"rendered":"M\u0101c\u012bbu ekskursija 7. un 15.b grupai"},"content":{"rendered":"<p><span class=\"fbPhotoCaptionText\" style=\"font-size: 12pt;\">17.oktobr\u012b tehnikuma autotransporta noda\u013cas 7. un 15.b grupas audz\u0113k\u0146i kop\u0101 ar audzin\u0101t\u0101j\u0101m Zandu \u0160legelmilhu un Inesi K\u013cavi\u0146u dev\u0101s m\u0101c\u012bbu <span class=\"text_exposed_show\">ekskursij\u0101, kuras ietvaros apmekl\u0113ja \u0100da\u017eu milit\u0101ro b\u0101zi. Topo\u0161ajiem automeh\u0101ni\u0137iem bija iesp\u0113ja uzzin\u0101t vair\u0101k par milit\u0101r\u0101s karjeras iesp\u0113j\u0101m p\u0113c tehnikuma absolv\u0113\u0161anas, par b\u0101z\u0113 izvietotaj\u0101m vien\u012bb\u0101m, tostarp NATO papla\u0161in\u0101t\u0101s kl\u0101tb\u016btnes Latvij\u0101 kaujas grupu, un to uzdevumiem.Jaunie\u0161iem bija iesp\u0113jams tikties ar karav\u012briem, k\u0101 ar\u012b apl\u016bkot \u0100da\u017eu b\u0101z\u0113 dieno\u0161o vien\u012bbu milit\u0101ro tehniku un ekip\u0113jumu.<br \/>\nP\u0113c \u0100da\u017eu milit\u0101r\u0101s b\u0101zes apmekl\u0113juma interesenti apmekl\u0113ja Dekorat\u012bv\u0101s m\u0101kslas un dizaina muzeju, kur\u0101 apl\u016bkoja Londonas Dizaina bienn\u0101les&#8217; 2018 \u017e\u016brijas balvu ieguvu\u0161o Art\u016bra Analta interakt\u012bvo instal\u0101ciju &#8220;Matter to Matter&#8221;.<br \/>\nEkskursijas nosl\u0113gum\u0101 tehnikuma jaunie\u0161i programmas &#8220;Latvijas skolas soma&#8221; ietvaros noskat\u012bj\u0101s te\u0101tra izr\u0101di &#8220;Zil\u0101&#8221; Latvijas Nacion\u0101l\u0101 te\u0101tra LMT Jaunaj\u0101 z\u0101l\u0113. Izr\u0101de &#8220;Zil\u0101&#8221;, kuras galvenais varonis ir divdesmitgadnieks Juris, kur\u0161 atlabst p\u0113c smagas autoav\u0101rijas, audz\u0113k\u0146iem rosin\u0101ja aizdom\u0101ties par identit\u0101tes mekl\u0113jumiem, par aktu\u0101l\u0101m probl\u0113m\u0101m vi\u0146u dz\u012bv\u0113, par jaut\u0101jumu- k\u0101 p\u0101rvar\u0113t kr\u012bzes posmu dz\u012bv\u0113 un k\u0101 dz\u012bvot t\u0101l\u0101k. <\/p>\n<p>Materi\u0101lu sagatavoja skolot\u0101ja Zanda \u0160legelmilha.<\/span><\/span><\/p>\n<p>\u00a0<\/p>\n\n","protected":false},"excerpt":{"rendered":"<p>17.oktobr\u012b tehnikuma autotransporta noda\u013cas 7. un 15.b grupas audz\u0113k\u0146i kop\u0101 ar audzin\u0101t\u0101j\u0101m Zandu \u0160legelmilhu un Inesi K\u013cavi\u0146u dev\u0101s m\u0101c\u012bbu ekskursij\u0101, kuras ietvaros apmekl\u0113ja \u0100da\u017eu milit\u0101ro b\u0101zi. Topo\u0161ajiem automeh\u0101ni\u0137iem bija iesp\u0113ja uzzin\u0101t vair\u0101k par milit\u0101r\u0101s karjeras iesp\u0113j\u0101m p\u0113c tehnikuma absolv\u0113\u0161anas, par b\u0101z\u0113 izvietotaj\u0101m vien\u012bb\u0101m, tostarp NATO papla\u0161in\u0101t\u0101s kl\u0101tb\u016btnes Latvij\u0101 kaujas grupu, un to uzdevumiem.Jaunie\u0161iem bija iesp\u0113jams<a class=\"moretag\" href=\"https:\/\/www.kuldigastehnikums.lv\/index.php\/jaunumi\/jaunumi-arhivs\/macibu-ekskursija-7-un-15-b-grupai\/\"> Vair\u0101k<\/a> [&#8230;]<\/p>\n<p><a class=\"btn btn-secondary understrap-read-more-link\" href=\"https:\/\/www.kuldigastehnikums.lv\/index.php\/jaunumi\/jaunumi-arhivs\/macibu-ekskursija-7-un-15-b-grupai\/\">Vair\u0101k&#8230;<\/a><\/p>\n","protected":false},"author":2,"featured_media":0,"parent":5791,"menu_order":0,"comment_status":"open","ping_status":"open","template":"","meta":{"footnotes":""},"class_list":["post-6029","page","type-page","status-publish","hentry"],"_links":{"self":[{"href":"https:\/\/www.kuldigastehnikums.lv\/index.php\/wp-json\/wp\/v2\/pages\/6029","targetHints":{"allow":["GET"]}}],"collection":[{"href":"https:\/\/www.kuldigastehnikums.lv\/index.php\/wp-json\/wp\/v2\/pages"}],"about":[{"href":"https:\/\/www.kuldigastehnikums.lv\/index.php\/wp-json\/wp\/v2\/types\/page"}],"author":[{"embeddable":true,"href":"https:\/\/www.kuldigastehnikums.lv\/index.php\/wp-json\/wp\/v2\/users\/2"}],"replies":[{"embeddable":true,"href":"https:\/\/www.kuldigastehnikums.lv\/index.php\/wp-json\/wp\/v2\/comments?post=6029"}],"version-history":[{"count":0,"href":"https:\/\/www.kuldigastehnikums.lv\/index.php\/wp-json\/wp\/v2\/pages\/6029\/revisions"}],"up":[{"embeddable":true,"href":"https:\/\/www.kuldigastehnikums.lv\/index.php\/wp-json\/wp\/v2\/pages\/5791"}],"wp:attachment":[{"href":"https:\/\/www.kuldigastehnikums.lv\/index.php\/wp-json\/wp\/v2\/media?parent=6029"}],"curies":[{"name":"wp","href":"https:\/\/api.w.org\/{rel}","templated":true}]}}