{"id":6030,"date":"2019-12-22T21:00:14","date_gmt":"2019-12-22T21:00:14","guid":{"rendered":"http:\/\/www.kuldigastehnikums.lv\/jaunumi\/jaunumi-2018\/macibu-ekskursija-12-grupai\/"},"modified":"2019-12-22T21:00:14","modified_gmt":"2019-12-22T21:00:14","slug":"macibu-ekskursija-12-grupai","status":"publish","type":"page","link":"https:\/\/www.kuldigastehnikums.lv\/index.php\/jaunumi\/jaunumi-arhivs\/macibu-ekskursija-12-grupai\/","title":{"rendered":"M\u0101c\u012bbu ekskursija 12.grupai"},"content":{"rendered":"<p><span class=\"fbPhotoCaptionText\" style=\"font-size: 12pt;\">18.oktobr\u012b tehnikuma \u0113din\u0101\u0161anas pakalpojumu noda\u013cas 12. grupas audz\u0113k\u0146i kop\u0101 ar skolot\u0101j\u0101m Ievu Mis\u0101ni un Agru Kalni\u0146u dev\u0101s m\u0101c\u012bbu ekskursi<span class=\"text_exposed_show\">j\u0101, kuras ietvaros apmekl\u0113ja SIA &#8220;Aug\u013cu serviss&#8221;, kafijas grauzd\u0113tavu &#8220;Andrito&#8221;, SIA &#8220;Gemoss&#8221;, &#8220;Radisson Blu Elizabete Hotel&#8221;, kur iepazin\u0101s ar uz\u0146\u0113mumu darb\u012bbas virzieniem, darba iesp\u0113j\u0101m n\u0101kotn\u0113, uzdodot sev interes\u0113jo\u0161os jaut\u0101jumus.<br \/>\nEkskursijas nosl\u0113gum\u0101 tehnikuma jaunie\u0161i programmas &#8220;Latvijas skolas soma&#8221; ietvaros noskat\u012bj\u0101s te\u0101tra izr\u0101di &#8220;Romeo un D\u017euljeta&#8221; Latvijas Le\u013c\u013cu te\u0101tr\u012b.<\/p>\n<p>Foto: Ieva Mis\u0101ne.<\/span><\/span><\/p>\n\n","protected":false},"excerpt":{"rendered":"<p>18.oktobr\u012b tehnikuma \u0113din\u0101\u0161anas pakalpojumu noda\u013cas 12. grupas audz\u0113k\u0146i kop\u0101 ar skolot\u0101j\u0101m Ievu Mis\u0101ni un Agru Kalni\u0146u dev\u0101s m\u0101c\u012bbu ekskursij\u0101, kuras ietvaros apmekl\u0113ja SIA &#8220;Aug\u013cu serviss&#8221;, kafijas grauzd\u0113tavu &#8220;Andrito&#8221;, SIA &#8220;Gemoss&#8221;, &#8220;Radisson Blu Elizabete Hotel&#8221;, kur iepazin\u0101s ar uz\u0146\u0113mumu darb\u012bbas virzieniem, darba iesp\u0113j\u0101m n\u0101kotn\u0113, uzdodot sev interes\u0113jo\u0161os jaut\u0101jumus. Ekskursijas nosl\u0113gum\u0101 tehnikuma jaunie\u0161i programmas &#8220;Latvijas skolas soma&#8221;<a class=\"moretag\" href=\"https:\/\/www.kuldigastehnikums.lv\/index.php\/jaunumi\/jaunumi-arhivs\/macibu-ekskursija-12-grupai\/\"> Vair\u0101k<\/a> [&#8230;]<\/p>\n<p><a class=\"btn btn-secondary understrap-read-more-link\" href=\"https:\/\/www.kuldigastehnikums.lv\/index.php\/jaunumi\/jaunumi-arhivs\/macibu-ekskursija-12-grupai\/\">Vair\u0101k&#8230;<\/a><\/p>\n","protected":false},"author":2,"featured_media":0,"parent":5791,"menu_order":0,"comment_status":"open","ping_status":"open","template":"","meta":{"footnotes":""},"class_list":["post-6030","page","type-page","status-publish","hentry"],"_links":{"self":[{"href":"https:\/\/www.kuldigastehnikums.lv\/index.php\/wp-json\/wp\/v2\/pages\/6030","targetHints":{"allow":["GET"]}}],"collection":[{"href":"https:\/\/www.kuldigastehnikums.lv\/index.php\/wp-json\/wp\/v2\/pages"}],"about":[{"href":"https:\/\/www.kuldigastehnikums.lv\/index.php\/wp-json\/wp\/v2\/types\/page"}],"author":[{"embeddable":true,"href":"https:\/\/www.kuldigastehnikums.lv\/index.php\/wp-json\/wp\/v2\/users\/2"}],"replies":[{"embeddable":true,"href":"https:\/\/www.kuldigastehnikums.lv\/index.php\/wp-json\/wp\/v2\/comments?post=6030"}],"version-history":[{"count":0,"href":"https:\/\/www.kuldigastehnikums.lv\/index.php\/wp-json\/wp\/v2\/pages\/6030\/revisions"}],"up":[{"embeddable":true,"href":"https:\/\/www.kuldigastehnikums.lv\/index.php\/wp-json\/wp\/v2\/pages\/5791"}],"wp:attachment":[{"href":"https:\/\/www.kuldigastehnikums.lv\/index.php\/wp-json\/wp\/v2\/media?parent=6030"}],"curies":[{"name":"wp","href":"https:\/\/api.w.org\/{rel}","templated":true}]}}