{"id":6031,"date":"2019-12-22T21:00:14","date_gmt":"2019-12-22T21:00:14","guid":{"rendered":"http:\/\/www.kuldigastehnikums.lv\/jaunumi\/jaunumi-2018\/sakas-dzejnieka-karla-skalbes-140-jubilejai-veltitais-literaro-darbu-un-parspriedumu-konkurss\/"},"modified":"2019-12-22T21:00:14","modified_gmt":"2019-12-22T21:00:14","slug":"sakas-dzejnieka-karla-skalbes-140-jubilejai-veltitais-literaro-darbu-un-parspriedumu-konkurss","status":"publish","type":"page","link":"https:\/\/www.kuldigastehnikums.lv\/index.php\/jaunumi\/jaunumi-arhivs\/sakas-dzejnieka-karla-skalbes-140-jubilejai-veltitais-literaro-darbu-un-parspriedumu-konkurss\/","title":{"rendered":"S\u0101kas dzejnieka K\u0101r\u013ca Skalbes 140. jubilejai velt\u012btais liter\u0101ro darbu un p\u0101rspriedumu konkurss"},"content":{"rendered":"<p><span style=\"font-size: 12pt;\"><b>2019. gada 7. novembr\u012b aprit\u0113s 140 gadu, kop\u0161 dzimis latvie\u0161u dzejnieks, prozai\u0137is un politi\u0137is K\u0101rlis Skalbe, kura v\u0101rdi \u201eT\u0113vzemei un Br\u012bv\u012bbai\u201d rot\u0101 latvie\u0161u tautas br\u012bv\u012bbas simbolu \u2013 Br\u012bv\u012bbas pieminekli. <\/b><\/span><br \/>\n<span style=\"font-size: 12pt;\">Godinot K\u0101r\u013ca Skalbes devumu latvie\u0161u kult\u016br\u0101, PIKC \u201eKuld\u012bgas Tehnolo\u0123iju un t\u016brisma tehnikums\u201d sadarb\u012bb\u0101 ar Valsts izgl\u012bt\u012bbas satura centru, UNESCO Latvijas Nacion\u0101lo komisiju, Kuld\u012bgas novada Latvie\u0161u valodas un literat\u016bras jomas apvien\u012bbu aicina jaunie\u0161us\/jaunietes un vi\u0146u skolot\u0101jus iesaist\u012bties liter\u0101ro darbu un p\u0101rspriedumu konkurs\u0101.<\/span><br \/>\n<span style=\"font-size: 12pt;\">Konkurss norit\u0113s no \u00a0 2018. gada 7. novembra l\u012bdz 2019. gada 10. febru\u0101rim, un taj\u0101 var piedal\u012bties jaunie\u0161i vecum\u0101 no 15 l\u012bdz 20 gadiem, kuri ieg\u016bst\u00a0 izgl\u012bt\u012bbu Latvijas m\u0101c\u012bbu iest\u0101d\u0113s vai ar\u012b p\u0101rst\u0101v Latvijas diasporu.<\/span><\/p>\n<p><span style=\"font-size: 14pt;\"><a href=\"http:\/\/www.kuldigastehnikums.lv\/wp-content\/uploads\/2018\/11\/K.Skalbes-konkursa-nolikums.pdf\">Konkursa nolikums skat\u012bt \u0161eit.<\/a><\/span><\/p>\n<p><a href=\"http:\/\/www.kuldigastehnikums.lv\/wp-content\/uploads\/2018\/11\/csm_karlis_skalbe_5cd7e89417.jpg\"><img fetchpriority=\"high\" decoding=\"async\" class=\"wp-image-16664 size-large aligncenter\" src=\"http:\/\/www.kuldigastehnikums.lv\/wp-content\/uploads\/2018\/11\/csm_karlis_skalbe_5cd7e89417-789x1024.jpg\" alt=\"\" width=\"530\" height=\"688\" \/><\/a><\/p>\n","protected":false},"excerpt":{"rendered":"<p>2019. gada 7. novembr\u012b aprit\u0113s 140 gadu, kop\u0161 dzimis latvie\u0161u dzejnieks, prozai\u0137is un politi\u0137is K\u0101rlis Skalbe, kura v\u0101rdi \u201eT\u0113vzemei un Br\u012bv\u012bbai\u201d rot\u0101 latvie\u0161u tautas br\u012bv\u012bbas simbolu \u2013 Br\u012bv\u012bbas pieminekli. Godinot K\u0101r\u013ca Skalbes devumu latvie\u0161u kult\u016br\u0101, PIKC \u201eKuld\u012bgas Tehnolo\u0123iju un t\u016brisma tehnikums\u201d sadarb\u012bb\u0101 ar Valsts izgl\u012bt\u012bbas satura centru, UNESCO Latvijas Nacion\u0101lo komisiju, Kuld\u012bgas novada Latvie\u0161u valodas<a class=\"moretag\" href=\"https:\/\/www.kuldigastehnikums.lv\/index.php\/jaunumi\/jaunumi-arhivs\/sakas-dzejnieka-karla-skalbes-140-jubilejai-veltitais-literaro-darbu-un-parspriedumu-konkurss\/\"> Vair\u0101k<\/a> [&#8230;]<\/p>\n<p><a class=\"btn btn-secondary understrap-read-more-link\" href=\"https:\/\/www.kuldigastehnikums.lv\/index.php\/jaunumi\/jaunumi-arhivs\/sakas-dzejnieka-karla-skalbes-140-jubilejai-veltitais-literaro-darbu-un-parspriedumu-konkurss\/\">Vair\u0101k&#8230;<\/a><\/p>\n","protected":false},"author":2,"featured_media":0,"parent":5791,"menu_order":0,"comment_status":"open","ping_status":"open","template":"","meta":{"footnotes":""},"class_list":["post-6031","page","type-page","status-publish","hentry"],"_links":{"self":[{"href":"https:\/\/www.kuldigastehnikums.lv\/index.php\/wp-json\/wp\/v2\/pages\/6031","targetHints":{"allow":["GET"]}}],"collection":[{"href":"https:\/\/www.kuldigastehnikums.lv\/index.php\/wp-json\/wp\/v2\/pages"}],"about":[{"href":"https:\/\/www.kuldigastehnikums.lv\/index.php\/wp-json\/wp\/v2\/types\/page"}],"author":[{"embeddable":true,"href":"https:\/\/www.kuldigastehnikums.lv\/index.php\/wp-json\/wp\/v2\/users\/2"}],"replies":[{"embeddable":true,"href":"https:\/\/www.kuldigastehnikums.lv\/index.php\/wp-json\/wp\/v2\/comments?post=6031"}],"version-history":[{"count":0,"href":"https:\/\/www.kuldigastehnikums.lv\/index.php\/wp-json\/wp\/v2\/pages\/6031\/revisions"}],"up":[{"embeddable":true,"href":"https:\/\/www.kuldigastehnikums.lv\/index.php\/wp-json\/wp\/v2\/pages\/5791"}],"wp:attachment":[{"href":"https:\/\/www.kuldigastehnikums.lv\/index.php\/wp-json\/wp\/v2\/media?parent=6031"}],"curies":[{"name":"wp","href":"https:\/\/api.w.org\/{rel}","templated":true}]}}