{"id":6034,"date":"2019-12-22T21:00:15","date_gmt":"2019-12-22T21:00:15","guid":{"rendered":"http:\/\/www.kuldigastehnikums.lv\/jaunumi\/jaunumi-2018\/macibu-ekskursija-14-grupai\/"},"modified":"2019-12-22T21:00:15","modified_gmt":"2019-12-22T21:00:15","slug":"macibu-ekskursija-14-grupai","status":"publish","type":"page","link":"https:\/\/www.kuldigastehnikums.lv\/index.php\/jaunumi\/jaunumi-arhivs\/macibu-ekskursija-14-grupai\/","title":{"rendered":"M\u0101c\u012bbu ekskursija 14.grupai"},"content":{"rendered":"<p><span class=\"fbPhotoCaptionText\" style=\"font-size: 12pt;\">25.oktobr\u012b tehnikuma \u0113din\u0101\u0161anas pakalpojumu noda\u013cas 14. grupas audz\u0113k\u0146i kop\u0101 ar skolot\u0101ju Daci \u0160\u0113nu dev\u0101s m\u0101c\u012bbu ekskursij\u0101, kuras ietvaros <span class=\"text_exposed_show\">apmekl\u0113ja meistarklasi kafijas grauzd\u0113tav\u0101 &#8220;Andrito&#8221;. Kafijas meistarklas\u0113 Andris Petk\u0113vi\u010ds dal\u012bj\u0101s ar sav\u0101m zin\u0101\u0161an\u0101m par kafijas audz\u0113\u0161anu, p\u0101rstr\u0101di, grauzd\u0113\u0161anu un pagatavo\u0161anu, lai var\u0113tu iepaz\u012bt katra \u0161\u012b procesa ietekmi uz kafijas kvalit\u0101ti. Meistarklas\u0113 tika demonstr\u0113tas vair\u0101kas pagatavo\u0161anas metodes, un tehnikuma jaunie\u0161iem bija iesp\u0113ja nogar\u0161ot un sal\u012bdzin\u0101t da\u017e\u0101du audz\u0113t\u0101jvalstu kafijas, k\u0101 ar\u012b piedal\u012bties konkurs\u0101 un ieg\u016bt balvas.<\/p>\n<p>Ekskursijas nosl\u0113gum\u0101 tehnikuma jaunie\u0161i programmas &#8220;Latvijas skolas soma&#8221; ietvaros noskat\u012bj\u0101s te\u0101tra izr\u0101di &#8220;Ar\u012b va\u013ciem ir bail&#8221; Latvijas Nacion\u0101laj\u0101 te\u0101tr\u012b.<\/p>\n<p>Foto: Dace \u0160\u0113na, Amanda Lagzdenberga.<\/span><\/span><\/p>\n<p>\u00a0<\/p>\n\n","protected":false},"excerpt":{"rendered":"<p>25.oktobr\u012b tehnikuma \u0113din\u0101\u0161anas pakalpojumu noda\u013cas 14. grupas audz\u0113k\u0146i kop\u0101 ar skolot\u0101ju Daci \u0160\u0113nu dev\u0101s m\u0101c\u012bbu ekskursij\u0101, kuras ietvaros apmekl\u0113ja meistarklasi kafijas grauzd\u0113tav\u0101 &#8220;Andrito&#8221;. Kafijas meistarklas\u0113 Andris Petk\u0113vi\u010ds dal\u012bj\u0101s ar sav\u0101m zin\u0101\u0161an\u0101m par kafijas audz\u0113\u0161anu, p\u0101rstr\u0101di, grauzd\u0113\u0161anu un pagatavo\u0161anu, lai var\u0113tu iepaz\u012bt katra \u0161\u012b procesa ietekmi uz kafijas kvalit\u0101ti. Meistarklas\u0113 tika demonstr\u0113tas vair\u0101kas pagatavo\u0161anas metodes, un<a class=\"moretag\" href=\"https:\/\/www.kuldigastehnikums.lv\/index.php\/jaunumi\/jaunumi-arhivs\/macibu-ekskursija-14-grupai\/\"> Vair\u0101k<\/a> [&#8230;]<\/p>\n<p><a class=\"btn btn-secondary understrap-read-more-link\" href=\"https:\/\/www.kuldigastehnikums.lv\/index.php\/jaunumi\/jaunumi-arhivs\/macibu-ekskursija-14-grupai\/\">Vair\u0101k&#8230;<\/a><\/p>\n","protected":false},"author":2,"featured_media":0,"parent":5791,"menu_order":0,"comment_status":"open","ping_status":"open","template":"","meta":{"footnotes":""},"class_list":["post-6034","page","type-page","status-publish","hentry"],"_links":{"self":[{"href":"https:\/\/www.kuldigastehnikums.lv\/index.php\/wp-json\/wp\/v2\/pages\/6034","targetHints":{"allow":["GET"]}}],"collection":[{"href":"https:\/\/www.kuldigastehnikums.lv\/index.php\/wp-json\/wp\/v2\/pages"}],"about":[{"href":"https:\/\/www.kuldigastehnikums.lv\/index.php\/wp-json\/wp\/v2\/types\/page"}],"author":[{"embeddable":true,"href":"https:\/\/www.kuldigastehnikums.lv\/index.php\/wp-json\/wp\/v2\/users\/2"}],"replies":[{"embeddable":true,"href":"https:\/\/www.kuldigastehnikums.lv\/index.php\/wp-json\/wp\/v2\/comments?post=6034"}],"version-history":[{"count":0,"href":"https:\/\/www.kuldigastehnikums.lv\/index.php\/wp-json\/wp\/v2\/pages\/6034\/revisions"}],"up":[{"embeddable":true,"href":"https:\/\/www.kuldigastehnikums.lv\/index.php\/wp-json\/wp\/v2\/pages\/5791"}],"wp:attachment":[{"href":"https:\/\/www.kuldigastehnikums.lv\/index.php\/wp-json\/wp\/v2\/media?parent=6034"}],"curies":[{"name":"wp","href":"https:\/\/api.w.org\/{rel}","templated":true}]}}