{"id":6036,"date":"2019-12-22T21:00:16","date_gmt":"2019-12-22T21:00:16","guid":{"rendered":"http:\/\/www.kuldigastehnikums.lv\/jaunumi\/jaunumi-2018\/tehnikuma-skolotaji-macas-kursos\/"},"modified":"2019-12-22T21:00:16","modified_gmt":"2019-12-22T21:00:16","slug":"tehnikuma-skolotaji-macas-kursos","status":"publish","type":"page","link":"https:\/\/www.kuldigastehnikums.lv\/index.php\/jaunumi\/jaunumi-arhivs\/tehnikuma-skolotaji-macas-kursos\/","title":{"rendered":"Tehnikuma skolot\u0101ji m\u0101c\u0101s kursos"},"content":{"rendered":"<p><span class=\"fbPhotoCaptionText\" style=\"font-size: 12pt;\">1.novembr\u012b 15 tehnikuma pedagogi piedal\u012bj\u0101s kursos \u201cDigit\u0101l\u0101 sazi\u0146a ar valsti: dz\u012bves situ\u0101cij\u0101s noder\u012bgi e-risin\u0101jumi\u201d. Kursi notika Vides<span class=\"text_exposed_show\"> aizsardz\u012bbas un re\u0123ion\u0101l\u0101s att\u012bst\u012bbas ministrijas (VARAM) \u012bstenot\u0101 projekta \u201cSabiedr\u012bbas IKT iesp\u0113ju izmanto\u0161anas veicin\u0101\u0161anas pas\u0101kumi\u201d ietvaros, un tos profesion\u0101li novad\u012bja pasniedz\u0113ja Aija Virse.<\/p>\n<p>Materi\u0101lu sagatavoja skolot\u0101ja Zanda \u0160legelmilha.<\/span><\/span><\/p>\n\n","protected":false},"excerpt":{"rendered":"<p>1.novembr\u012b 15 tehnikuma pedagogi piedal\u012bj\u0101s kursos \u201cDigit\u0101l\u0101 sazi\u0146a ar valsti: dz\u012bves situ\u0101cij\u0101s noder\u012bgi e-risin\u0101jumi\u201d. Kursi notika Vides aizsardz\u012bbas un re\u0123ion\u0101l\u0101s att\u012bst\u012bbas ministrijas (VARAM) \u012bstenot\u0101 projekta \u201cSabiedr\u012bbas IKT iesp\u0113ju izmanto\u0161anas veicin\u0101\u0161anas pas\u0101kumi\u201d ietvaros, un tos profesion\u0101li novad\u012bja pasniedz\u0113ja Aija Virse. Materi\u0101lu sagatavoja skolot\u0101ja Zanda \u0160legelmilha. [&#8230;]<\/p>\n<p><a class=\"btn btn-secondary understrap-read-more-link\" href=\"https:\/\/www.kuldigastehnikums.lv\/index.php\/jaunumi\/jaunumi-arhivs\/tehnikuma-skolotaji-macas-kursos\/\">Vair\u0101k&#8230;<\/a><\/p>\n","protected":false},"author":2,"featured_media":0,"parent":5791,"menu_order":0,"comment_status":"open","ping_status":"open","template":"","meta":{"footnotes":""},"class_list":["post-6036","page","type-page","status-publish","hentry"],"_links":{"self":[{"href":"https:\/\/www.kuldigastehnikums.lv\/index.php\/wp-json\/wp\/v2\/pages\/6036","targetHints":{"allow":["GET"]}}],"collection":[{"href":"https:\/\/www.kuldigastehnikums.lv\/index.php\/wp-json\/wp\/v2\/pages"}],"about":[{"href":"https:\/\/www.kuldigastehnikums.lv\/index.php\/wp-json\/wp\/v2\/types\/page"}],"author":[{"embeddable":true,"href":"https:\/\/www.kuldigastehnikums.lv\/index.php\/wp-json\/wp\/v2\/users\/2"}],"replies":[{"embeddable":true,"href":"https:\/\/www.kuldigastehnikums.lv\/index.php\/wp-json\/wp\/v2\/comments?post=6036"}],"version-history":[{"count":0,"href":"https:\/\/www.kuldigastehnikums.lv\/index.php\/wp-json\/wp\/v2\/pages\/6036\/revisions"}],"up":[{"embeddable":true,"href":"https:\/\/www.kuldigastehnikums.lv\/index.php\/wp-json\/wp\/v2\/pages\/5791"}],"wp:attachment":[{"href":"https:\/\/www.kuldigastehnikums.lv\/index.php\/wp-json\/wp\/v2\/media?parent=6036"}],"curies":[{"name":"wp","href":"https:\/\/api.w.org\/{rel}","templated":true}]}}