{"id":6038,"date":"2019-12-22T21:00:16","date_gmt":"2019-12-22T21:00:16","guid":{"rendered":"http:\/\/www.kuldigastehnikums.lv\/jaunumi\/jaunumi-2018\/tiksanas-ar-absolventiem-m-rozentalu-un-o-martuzanu\/"},"modified":"2019-12-22T21:00:16","modified_gmt":"2019-12-22T21:00:16","slug":"tiksanas-ar-absolventiem-m-rozentalu-un-o-martuzanu","status":"publish","type":"page","link":"https:\/\/www.kuldigastehnikums.lv\/index.php\/jaunumi\/jaunumi-arhivs\/tiksanas-ar-absolventiem-m-rozentalu-un-o-martuzanu\/","title":{"rendered":"Tik\u0161an\u0101s ar absolventiem M.Rozent\u0101lu un O.Martu\u017e\u0101nu"},"content":{"rendered":"<p><span class=\"fbPhotoCaptionText\" style=\"font-size: 12pt;\">8.novembr\u012b autotransporta noda\u013cas audz\u0113k\u0146i tik\u0101s ar tehnikuma absolventiem M\u0101ri Rozent\u0101lu un Oskaru Martu\u017e\u0101nu, Latvijas sp\u0113kav\u012briem. Tik\u0161an<span class=\"text_exposed_show\">\u0101s laik\u0101 absolventi kav\u0113j\u0101s atmi\u0146\u0101s gan par laiku, kad pa\u0161i m\u0101c\u012bj\u0101s tehnikum\u0101, gan rosin\u0101ja audz\u0113k\u0146us m\u0101c\u012bties sve\u0161valodas un nodarboties ar sportu.<\/p>\n<p>M\u0101ris Rozent\u0101ls (iesaka SuperMario), diplom\u0113ts galdnieks, ir divk\u0101rt\u0113js Pasaules Sp\u0113kav\u012bru \u010dempion\u0101ta 3. vietas ieguv\u0113js svara kategorij\u0101 l\u012bdz 105 kg, kopum\u0101 atsevi\u0161\u0137\u0101s discipl\u012bn\u0101svi\u0146am pieder pieci pasaules rekordi \u0161aj\u0101 sp\u0113kav\u012bru kategorij\u0101; 2014.gad\u0101 Latvijas Sp\u0113kav\u012bru \u010dempion\u0101t\u0101, sacens\u012bb\u0101s p\u0101riem &#8211; uzvar\u0113t\u0101js. Oskars Martu\u017e\u0101ns (iesauka Bru\u0123is), diplom\u0113ts automeh\u0101ni\u0137is, ir 2014 gada Latvijas Sp\u0113kav\u012bru \u010dempion\u0101ta 1.vietas ieguv\u0113js; Sp\u0113kav\u012bru sacens\u012bbu &#8220;Minsk Open Cup 2014&#8221; uzvar\u0113t\u0101js. Lepojamies ar saviem absolventiem!<\/p>\n<p>Materi\u0101lu sagatavoja skolot\u0101ja Zanda \u0160legelmilha. Foto: Inese K\u013cavi\u0146a, M.Rozent\u0101la arh\u012bvs.<\/span><\/span><\/p>\n\n","protected":false},"excerpt":{"rendered":"<p>8.novembr\u012b autotransporta noda\u013cas audz\u0113k\u0146i tik\u0101s ar tehnikuma absolventiem M\u0101ri Rozent\u0101lu un Oskaru Martu\u017e\u0101nu, Latvijas sp\u0113kav\u012briem. Tik\u0161an\u0101s laik\u0101 absolventi kav\u0113j\u0101s atmi\u0146\u0101s gan par laiku, kad pa\u0161i m\u0101c\u012bj\u0101s tehnikum\u0101, gan rosin\u0101ja audz\u0113k\u0146us m\u0101c\u012bties sve\u0161valodas un nodarboties ar sportu. M\u0101ris Rozent\u0101ls (iesaka SuperMario), diplom\u0113ts galdnieks, ir divk\u0101rt\u0113js Pasaules Sp\u0113kav\u012bru \u010dempion\u0101ta 3. vietas ieguv\u0113js svara kategorij\u0101 l\u012bdz 105 kg,<a class=\"moretag\" href=\"https:\/\/www.kuldigastehnikums.lv\/index.php\/jaunumi\/jaunumi-arhivs\/tiksanas-ar-absolventiem-m-rozentalu-un-o-martuzanu\/\"> Vair\u0101k<\/a> [&#8230;]<\/p>\n<p><a class=\"btn btn-secondary understrap-read-more-link\" href=\"https:\/\/www.kuldigastehnikums.lv\/index.php\/jaunumi\/jaunumi-arhivs\/tiksanas-ar-absolventiem-m-rozentalu-un-o-martuzanu\/\">Vair\u0101k&#8230;<\/a><\/p>\n","protected":false},"author":2,"featured_media":0,"parent":5791,"menu_order":0,"comment_status":"open","ping_status":"open","template":"","meta":{"footnotes":""},"class_list":["post-6038","page","type-page","status-publish","hentry"],"_links":{"self":[{"href":"https:\/\/www.kuldigastehnikums.lv\/index.php\/wp-json\/wp\/v2\/pages\/6038","targetHints":{"allow":["GET"]}}],"collection":[{"href":"https:\/\/www.kuldigastehnikums.lv\/index.php\/wp-json\/wp\/v2\/pages"}],"about":[{"href":"https:\/\/www.kuldigastehnikums.lv\/index.php\/wp-json\/wp\/v2\/types\/page"}],"author":[{"embeddable":true,"href":"https:\/\/www.kuldigastehnikums.lv\/index.php\/wp-json\/wp\/v2\/users\/2"}],"replies":[{"embeddable":true,"href":"https:\/\/www.kuldigastehnikums.lv\/index.php\/wp-json\/wp\/v2\/comments?post=6038"}],"version-history":[{"count":0,"href":"https:\/\/www.kuldigastehnikums.lv\/index.php\/wp-json\/wp\/v2\/pages\/6038\/revisions"}],"up":[{"embeddable":true,"href":"https:\/\/www.kuldigastehnikums.lv\/index.php\/wp-json\/wp\/v2\/pages\/5791"}],"wp:attachment":[{"href":"https:\/\/www.kuldigastehnikums.lv\/index.php\/wp-json\/wp\/v2\/media?parent=6038"}],"curies":[{"name":"wp","href":"https:\/\/api.w.org\/{rel}","templated":true}]}}