{"id":6039,"date":"2019-12-22T21:00:16","date_gmt":"2019-12-22T21:00:16","guid":{"rendered":"http:\/\/www.kuldigastehnikums.lv\/jaunumi\/jaunumi-2018\/profesionalas-pilnveides-seminars\/"},"modified":"2019-12-22T21:00:16","modified_gmt":"2019-12-22T21:00:16","slug":"profesionalas-pilnveides-seminars","status":"publish","type":"page","link":"https:\/\/www.kuldigastehnikums.lv\/index.php\/jaunumi\/jaunumi-arhivs\/profesionalas-pilnveides-seminars\/","title":{"rendered":"Profesion\u0101l\u0101s pilnveides semin\u0101rs"},"content":{"rendered":"<p><span style=\"font-size: 12pt;\">5.-6. novembr\u012b, 2018 sadarb\u012bb\u0101 ar Valsts izgl\u012bt\u012bbas satura centru tika \u012bstenots ( ESF projekta \u201cProfesion\u0101l\u0101s izgl\u012bt\u012bbas iest\u0101\u017eu efekt\u012bva p\u0101rvald\u012bba un person\u0101la kompetences pilnveide\u201d ietvaros ) profesion\u0101l\u0101s pilnveides semin\u0101rs prak\u0161u vad\u012bt\u0101jiem un pedagogiem\u00a0 t\u016brisma\u00a0 nozar\u0113 &#8220;Akt\u012bvais t\u016brisms uz\u0146\u0113m\u0113jdarb\u012bbas att\u012bst\u012bb\u0101&#8221;. Fotomirk\u013ci no semin\u0101ra &#8211; Vidzemes augstskolas eksperta\u00a0 I.\u0100bola lekcija; Lietuvas Etnokosmolo\u0123ijas centra Moletos eksperta Edgaras Zaronskis prezent\u0101cija; tehnikuma \u0113dn\u012bca &#8220;E\u017ea ka\u017eoci\u0146\u0161&#8221; un tehnikuma studenti gatavi semin\u0101ristu uz\u0146em\u0161anai.<\/span><\/p>\n\n<p>\u00a0<\/p>\n","protected":false},"excerpt":{"rendered":"<p>5.-6. novembr\u012b, 2018 sadarb\u012bb\u0101 ar Valsts izgl\u012bt\u012bbas satura centru tika \u012bstenots ( ESF projekta \u201cProfesion\u0101l\u0101s izgl\u012bt\u012bbas iest\u0101\u017eu efekt\u012bva p\u0101rvald\u012bba un person\u0101la kompetences pilnveide\u201d ietvaros ) profesion\u0101l\u0101s pilnveides semin\u0101rs prak\u0161u vad\u012bt\u0101jiem un pedagogiem\u00a0 t\u016brisma\u00a0 nozar\u0113 &#8220;Akt\u012bvais t\u016brisms uz\u0146\u0113m\u0113jdarb\u012bbas att\u012bst\u012bb\u0101&#8221;. Fotomirk\u013ci no semin\u0101ra &#8211; Vidzemes augstskolas eksperta\u00a0 I.\u0100bola lekcija; Lietuvas Etnokosmolo\u0123ijas centra Moletos eksperta Edgaras Zaronskis prezent\u0101cija;<a class=\"moretag\" href=\"https:\/\/www.kuldigastehnikums.lv\/index.php\/jaunumi\/jaunumi-arhivs\/profesionalas-pilnveides-seminars\/\"> Vair\u0101k<\/a> [&#8230;]<\/p>\n<p><a class=\"btn btn-secondary understrap-read-more-link\" href=\"https:\/\/www.kuldigastehnikums.lv\/index.php\/jaunumi\/jaunumi-arhivs\/profesionalas-pilnveides-seminars\/\">Vair\u0101k&#8230;<\/a><\/p>\n","protected":false},"author":2,"featured_media":0,"parent":5791,"menu_order":0,"comment_status":"open","ping_status":"open","template":"","meta":{"footnotes":""},"class_list":["post-6039","page","type-page","status-publish","hentry"],"_links":{"self":[{"href":"https:\/\/www.kuldigastehnikums.lv\/index.php\/wp-json\/wp\/v2\/pages\/6039","targetHints":{"allow":["GET"]}}],"collection":[{"href":"https:\/\/www.kuldigastehnikums.lv\/index.php\/wp-json\/wp\/v2\/pages"}],"about":[{"href":"https:\/\/www.kuldigastehnikums.lv\/index.php\/wp-json\/wp\/v2\/types\/page"}],"author":[{"embeddable":true,"href":"https:\/\/www.kuldigastehnikums.lv\/index.php\/wp-json\/wp\/v2\/users\/2"}],"replies":[{"embeddable":true,"href":"https:\/\/www.kuldigastehnikums.lv\/index.php\/wp-json\/wp\/v2\/comments?post=6039"}],"version-history":[{"count":0,"href":"https:\/\/www.kuldigastehnikums.lv\/index.php\/wp-json\/wp\/v2\/pages\/6039\/revisions"}],"up":[{"embeddable":true,"href":"https:\/\/www.kuldigastehnikums.lv\/index.php\/wp-json\/wp\/v2\/pages\/5791"}],"wp:attachment":[{"href":"https:\/\/www.kuldigastehnikums.lv\/index.php\/wp-json\/wp\/v2\/media?parent=6039"}],"curies":[{"name":"wp","href":"https:\/\/api.w.org\/{rel}","templated":true}]}}