{"id":6040,"date":"2019-12-22T21:00:17","date_gmt":"2019-12-22T21:00:17","guid":{"rendered":"http:\/\/www.kuldigastehnikums.lv\/jaunumi\/jaunumi-2018\/izrade-comini-tehnikuma\/"},"modified":"2019-12-22T21:00:17","modified_gmt":"2019-12-22T21:00:17","slug":"izrade-comini-tehnikuma","status":"publish","type":"page","link":"https:\/\/www.kuldigastehnikums.lv\/index.php\/jaunumi\/jaunumi-arhivs\/izrade-comini-tehnikuma\/","title":{"rendered":"Izr\u0101de &#8220;\u010comi\u0146i&#8221; tehnikum\u0101"},"content":{"rendered":"<p><span style=\"font-size: 12pt;\">22.novembr\u012b tehnikuma audz\u0113k\u0146i un skolot\u0101ji projekta \u201cLatvijas skolas soma\u201d ietvaros noskat\u012bj\u0101s Goda te\u0101tra izr\u0101di jaunie\u0161iem &#8220;\u010comi\u0146i&#8221; Leona Le\u0161\u010dinska re\u017eij\u0101. &#8220;\u010comi\u0146i&#8221; &#8211; t\u0101 ir izr\u0101de par lab\u0101kajiem draugiem Oliveru un P\u0101velu, starp kuriem nav nek\u0101du nosl\u0113pumu. Abi apsprie\u017e visu un, protams, ar\u012b meitenes. Un tie\u0161i meitene (P\u0101vela m\u0101sa Ter\u0113ze) ir t\u0101, kas nost\u0101jas starp vi\u0146iem un k\u013c\u016bst par liel\u0101ko p\u0101rbaud\u012bjumu abu draudz\u012bbai.<\/span><br \/><br \/><span style=\"font-size: 12pt;\">Lom\u0101s: Edgars Ozoli\u0146\u0161 un Rolands Be\u0137eris<\/span><br \/><span style=\"font-size: 12pt;\">Izr\u0101de nomin\u0113ta 2017.\/2018. sezonas Sp\u0113lma\u0146u nakts balvai kategorij\u0101 &#8220;Gada izr\u0101de pusaud\u017eiem&#8221;!<\/span><br \/><span style=\"font-size: 12pt;\">Luga &#8220;\u010comi\u0146i&#8221; uzvar\u0113jusi lugu konku<\/span><\/p>\n<p><span style=\"font-size: 12pt;\">rs\u0101 &#8220;36 stundas \u2013 skola&#8221;, kuru organiz\u0113ja Latvijas Dramatur\u0123ijas centrs, Goda te\u0101tris un biedr\u012bba &#8220;Darbn\u012bcas&#8221;.<\/span><br \/><br \/><span style=\"font-size: 12pt;\">Materi\u0101lu sagatavoja skolot\u0101ja Zanda \u0160legelmilha.<\/span><\/p>\n\n<p>\u00a0<\/p>\n\n\n<p><\/p>\n","protected":false},"excerpt":{"rendered":"<p>22.novembr\u012b tehnikuma audz\u0113k\u0146i un skolot\u0101ji projekta \u201cLatvijas skolas soma\u201d ietvaros noskat\u012bj\u0101s Goda te\u0101tra izr\u0101di jaunie\u0161iem &#8220;\u010comi\u0146i&#8221; Leona Le\u0161\u010dinska re\u017eij\u0101. &#8220;\u010comi\u0146i&#8221; &#8211; t\u0101 ir izr\u0101de par lab\u0101kajiem draugiem Oliveru un P\u0101velu, starp kuriem nav nek\u0101du nosl\u0113pumu. Abi apsprie\u017e visu un, protams, ar\u012b meitenes. Un tie\u0161i meitene (P\u0101vela m\u0101sa Ter\u0113ze) ir t\u0101, kas nost\u0101jas starp vi\u0146iem un<a class=\"moretag\" href=\"https:\/\/www.kuldigastehnikums.lv\/index.php\/jaunumi\/jaunumi-arhivs\/izrade-comini-tehnikuma\/\"> Vair\u0101k<\/a> [&#8230;]<\/p>\n<p><a class=\"btn btn-secondary understrap-read-more-link\" href=\"https:\/\/www.kuldigastehnikums.lv\/index.php\/jaunumi\/jaunumi-arhivs\/izrade-comini-tehnikuma\/\">Vair\u0101k&#8230;<\/a><\/p>\n","protected":false},"author":2,"featured_media":0,"parent":5791,"menu_order":0,"comment_status":"open","ping_status":"open","template":"","meta":{"footnotes":""},"class_list":["post-6040","page","type-page","status-publish","hentry"],"_links":{"self":[{"href":"https:\/\/www.kuldigastehnikums.lv\/index.php\/wp-json\/wp\/v2\/pages\/6040","targetHints":{"allow":["GET"]}}],"collection":[{"href":"https:\/\/www.kuldigastehnikums.lv\/index.php\/wp-json\/wp\/v2\/pages"}],"about":[{"href":"https:\/\/www.kuldigastehnikums.lv\/index.php\/wp-json\/wp\/v2\/types\/page"}],"author":[{"embeddable":true,"href":"https:\/\/www.kuldigastehnikums.lv\/index.php\/wp-json\/wp\/v2\/users\/2"}],"replies":[{"embeddable":true,"href":"https:\/\/www.kuldigastehnikums.lv\/index.php\/wp-json\/wp\/v2\/comments?post=6040"}],"version-history":[{"count":0,"href":"https:\/\/www.kuldigastehnikums.lv\/index.php\/wp-json\/wp\/v2\/pages\/6040\/revisions"}],"up":[{"embeddable":true,"href":"https:\/\/www.kuldigastehnikums.lv\/index.php\/wp-json\/wp\/v2\/pages\/5791"}],"wp:attachment":[{"href":"https:\/\/www.kuldigastehnikums.lv\/index.php\/wp-json\/wp\/v2\/media?parent=6040"}],"curies":[{"name":"wp","href":"https:\/\/api.w.org\/{rel}","templated":true}]}}