{"id":6044,"date":"2019-12-22T21:00:18","date_gmt":"2019-12-22T21:00:18","guid":{"rendered":"http:\/\/www.kuldigastehnikums.lv\/jaunumi\/jaunumi-2018\/vestures-stunda-par-lacplesa-dienu\/"},"modified":"2019-12-22T21:00:18","modified_gmt":"2019-12-22T21:00:18","slug":"vestures-stunda-par-lacplesa-dienu","status":"publish","type":"page","link":"https:\/\/www.kuldigastehnikums.lv\/index.php\/jaunumi\/jaunumi-arhivs\/vestures-stunda-par-lacplesa-dienu\/","title":{"rendered":"V\u0113stures stunda par L\u0101\u010dpl\u0113\u0161a dienu"},"content":{"rendered":"<p><span style=\"font-size: 12pt;\">9.novembr\u012b tehnikuma V\u0113stures studijas dal\u012bbnieki tuvojo\u0161\u0101s L\u0101\u010dpl\u0113\u0161a dienas ieska\u0146\u0101s vad\u012bja nodarb\u012bbas tehnikuma 1. kursa audz\u0113k\u0146iem par t\u0113mu &#8221;L\u0101\u010dpl\u0113\u0161a diena&#8221;. Nodarb\u012bbu vad\u012bt\u0101jus sagatavoja skolot\u0101ja Gunita Meiere Nodarb\u012bbas vad\u012bja Kintija Liepi\u0146a, Megija Valkovska &#8211; 10.grup\u0101, Sindija Poga, Anete Baldi\u0146a &#8211; 23.grup\u0101, Inguss Grudulis, Samanta Caun\u012bte &#8211; 16.grup\u0101, Sindija Irbe, Beate Bogu\u017ea &#8211; 21.grup\u0101, Rita Hamstere, Rebeka Rozenberga, Ivita R\u016bmniece &#8211; 6.grup\u0101, Amanda Ratniece, Daina Brazdovska &#8211; 19.+20. grup\u0101, Daniela C\u0113berga, Ain\u0101rs Zeminskis, Nansija Laine Kr\u0113ta &#8211; 1.grup\u0101.<\/span><\/p>\n<p><span style=\"font-size: 12pt;\">Materi\u0101lu sagatavoja bibliotek\u0101re Ed\u012bte G\u012bme. Foto: Zanda \u0160legelmilha.<\/span><\/p>\n<p>\u00a0<\/p>\n\n","protected":false},"excerpt":{"rendered":"<p>9.novembr\u012b tehnikuma V\u0113stures studijas dal\u012bbnieki tuvojo\u0161\u0101s L\u0101\u010dpl\u0113\u0161a dienas ieska\u0146\u0101s vad\u012bja nodarb\u012bbas tehnikuma 1. kursa audz\u0113k\u0146iem par t\u0113mu &#8221;L\u0101\u010dpl\u0113\u0161a diena&#8221;. Nodarb\u012bbu vad\u012bt\u0101jus sagatavoja skolot\u0101ja Gunita Meiere Nodarb\u012bbas vad\u012bja Kintija Liepi\u0146a, Megija Valkovska &#8211; 10.grup\u0101, Sindija Poga, Anete Baldi\u0146a &#8211; 23.grup\u0101, Inguss Grudulis, Samanta Caun\u012bte &#8211; 16.grup\u0101, Sindija Irbe, Beate Bogu\u017ea &#8211; 21.grup\u0101, Rita Hamstere, Rebeka Rozenberga,<a class=\"moretag\" href=\"https:\/\/www.kuldigastehnikums.lv\/index.php\/jaunumi\/jaunumi-arhivs\/vestures-stunda-par-lacplesa-dienu\/\"> Vair\u0101k<\/a> [&#8230;]<\/p>\n<p><a class=\"btn btn-secondary understrap-read-more-link\" href=\"https:\/\/www.kuldigastehnikums.lv\/index.php\/jaunumi\/jaunumi-arhivs\/vestures-stunda-par-lacplesa-dienu\/\">Vair\u0101k&#8230;<\/a><\/p>\n","protected":false},"author":2,"featured_media":0,"parent":5791,"menu_order":0,"comment_status":"open","ping_status":"open","template":"","meta":{"footnotes":""},"class_list":["post-6044","page","type-page","status-publish","hentry"],"_links":{"self":[{"href":"https:\/\/www.kuldigastehnikums.lv\/index.php\/wp-json\/wp\/v2\/pages\/6044","targetHints":{"allow":["GET"]}}],"collection":[{"href":"https:\/\/www.kuldigastehnikums.lv\/index.php\/wp-json\/wp\/v2\/pages"}],"about":[{"href":"https:\/\/www.kuldigastehnikums.lv\/index.php\/wp-json\/wp\/v2\/types\/page"}],"author":[{"embeddable":true,"href":"https:\/\/www.kuldigastehnikums.lv\/index.php\/wp-json\/wp\/v2\/users\/2"}],"replies":[{"embeddable":true,"href":"https:\/\/www.kuldigastehnikums.lv\/index.php\/wp-json\/wp\/v2\/comments?post=6044"}],"version-history":[{"count":0,"href":"https:\/\/www.kuldigastehnikums.lv\/index.php\/wp-json\/wp\/v2\/pages\/6044\/revisions"}],"up":[{"embeddable":true,"href":"https:\/\/www.kuldigastehnikums.lv\/index.php\/wp-json\/wp\/v2\/pages\/5791"}],"wp:attachment":[{"href":"https:\/\/www.kuldigastehnikums.lv\/index.php\/wp-json\/wp\/v2\/media?parent=6044"}],"curies":[{"name":"wp","href":"https:\/\/api.w.org\/{rel}","templated":true}]}}