{"id":6048,"date":"2019-12-22T21:00:19","date_gmt":"2019-12-22T21:00:19","guid":{"rendered":"http:\/\/www.kuldigastehnikums.lv\/jaunumi\/jaunumi-2018\/tehnikumiesi-aktivi-piedalas-spele-literaturas-garsa\/"},"modified":"2019-12-22T21:00:19","modified_gmt":"2019-12-22T21:00:19","slug":"tehnikumiesi-aktivi-piedalas-spele-literaturas-garsa","status":"publish","type":"page","link":"https:\/\/www.kuldigastehnikums.lv\/index.php\/jaunumi\/jaunumi-arhivs\/tehnikumiesi-aktivi-piedalas-spele-literaturas-garsa\/","title":{"rendered":"Tehnikumie\u0161i akt\u012bvi piedal\u0101s sp\u0113l\u0113 &#8220;Literat\u016bras gar\u0161a&#8221;"},"content":{"rendered":"<div id=\"eml-cke__body\" title=\"\"><span style=\"font-size: 12pt;\">Tehnikuma jaunie\u0161i akt\u012bvi piedal\u012bj\u0101s kulin\u0101rijas mantojumam velt\u012bt\u0101 erud\u012bcijas sp\u0113l\u0113 &#8220;Literat\u016bras gar\u0161a&#8221;, re\u0123istr\u0113joties k\u0101 Kuld\u012bgas Galven\u0101s bibliot\u0113kas las\u012bt\u0101ji. No 15. oktobra l\u012bdz 4. novembrim audz\u0113k\u0146i mekl\u0113ja latvie\u0161u rakstnieku darbos min\u0113tus \u0113dienus un dz\u0113rienus. Visvair\u0101k punktu sp\u0113l\u0113 ieguva tehnikuma audz\u0113k\u0146i Aigars Magass, Daniela C\u0113berga, Rita Hamstere, Kitija J\u0113r\u0101ne, Deina Daniela Dzirko, Aiva Ozola, Daniela Freiberga, Rebeka Rozenberga, Marija Kruglau\u017ea, Iveta Asne, Jans Alens Ber\u0161evics, Zita Gucane, Niks Natanaels Veinbergs, Beate Bogu\u017ea, Em\u012bls Smukkalns, Laine Nansija Kr\u0113ta un Sonora Benefelde. Erud\u012bcijas sp\u0113le norisin\u0101s tie\u0161saist\u0113, virtu\u0101laj\u0101 vid\u0113, port\u0101l\u0101 \u2013\u00a0<a href=\"http:\/\/www.letonika.lv\/?fbclid=IwAR2UqJl6tEIPrPkvvWO4VL9j6CDMtduBZufgR0MjbY2dgJWvuYMN2qyAOgA\" target=\"_blank\" rel=\"nofollow noopener noreferrer\" data-lynx-mode=\"async\" data-lynx-uri=\"https:\/\/l.facebook.com\/l.php?u=httpwww.letonika.lvfbclidIwAR2UqJl6tEIPrPkvvWO4VL9j6CDMtduBZufgR0MjbY2dgJWvuYMN2qyAOgA&#038;h=AT2Uj9KKhU4KbaFbx5BSwxBIBjWqYrJqJ04PKjw2tSaUQ2HpaYBRYtBT1zzv_0yE7tBhkULcbQ5S9UI1V6oEngdE4fRsULsZqjWz4nh2aRua_qwA1kKbsgqirV06kgr1nLQYPHznOe5Sgg7vtQ\">www.letonika.lv.<\/a><\/span><\/p>\n<p><span style=\"font-size: 12pt;\">Materi\u0101lu sagatavoja skolot\u0101ja Zanda \u0160legelmilha.<\/span><\/div>\n<div title=\"\">\u00a0<\/div>\n<div title=\"\"><a href=\"http:\/\/www.kuldigastehnikums.lv\/wp-content\/uploads\/2018\/12\/45140218_922256057960402_4483252520453406720_o.jpg\"><img decoding=\"async\" class=\"alignnone size-thumbnail wp-image-17045\" src=\"http:\/\/www.kuldigastehnikums.lv\/wp-content\/uploads\/2018\/12\/45140218_922256057960402_4483252520453406720_o-130x130.jpg\" alt=\"\" width=\"130\" height=\"130\" \/><\/a><\/div>\n<div id=\"eml-cke__signature_top\" title=\"Paraksts\">\n<div id=\"eml-cke__signature_top-wrap\" class=\"eml-cke__signature\" title=\"\">\u00a0<\/div>\n<\/div>\n","protected":false},"excerpt":{"rendered":"<p>Tehnikuma jaunie\u0161i akt\u012bvi piedal\u012bj\u0101s kulin\u0101rijas mantojumam velt\u012bt\u0101 erud\u012bcijas sp\u0113l\u0113 &#8220;Literat\u016bras gar\u0161a&#8221;, re\u0123istr\u0113joties k\u0101 Kuld\u012bgas Galven\u0101s bibliot\u0113kas las\u012bt\u0101ji. No 15. oktobra l\u012bdz 4. novembrim audz\u0113k\u0146i mekl\u0113ja latvie\u0161u rakstnieku darbos min\u0113tus \u0113dienus un dz\u0113rienus. Visvair\u0101k punktu sp\u0113l\u0113 ieguva tehnikuma audz\u0113k\u0146i Aigars Magass, Daniela C\u0113berga, Rita Hamstere, Kitija J\u0113r\u0101ne, Deina Daniela Dzirko, Aiva Ozola, Daniela Freiberga, Rebeka Rozenberga,<a class=\"moretag\" href=\"https:\/\/www.kuldigastehnikums.lv\/index.php\/jaunumi\/jaunumi-arhivs\/tehnikumiesi-aktivi-piedalas-spele-literaturas-garsa\/\"> Vair\u0101k<\/a> [&#8230;]<\/p>\n<p><a class=\"btn btn-secondary understrap-read-more-link\" href=\"https:\/\/www.kuldigastehnikums.lv\/index.php\/jaunumi\/jaunumi-arhivs\/tehnikumiesi-aktivi-piedalas-spele-literaturas-garsa\/\">Vair\u0101k&#8230;<\/a><\/p>\n","protected":false},"author":2,"featured_media":0,"parent":5791,"menu_order":0,"comment_status":"open","ping_status":"open","template":"","meta":{"footnotes":""},"class_list":["post-6048","page","type-page","status-publish","hentry"],"_links":{"self":[{"href":"https:\/\/www.kuldigastehnikums.lv\/index.php\/wp-json\/wp\/v2\/pages\/6048","targetHints":{"allow":["GET"]}}],"collection":[{"href":"https:\/\/www.kuldigastehnikums.lv\/index.php\/wp-json\/wp\/v2\/pages"}],"about":[{"href":"https:\/\/www.kuldigastehnikums.lv\/index.php\/wp-json\/wp\/v2\/types\/page"}],"author":[{"embeddable":true,"href":"https:\/\/www.kuldigastehnikums.lv\/index.php\/wp-json\/wp\/v2\/users\/2"}],"replies":[{"embeddable":true,"href":"https:\/\/www.kuldigastehnikums.lv\/index.php\/wp-json\/wp\/v2\/comments?post=6048"}],"version-history":[{"count":0,"href":"https:\/\/www.kuldigastehnikums.lv\/index.php\/wp-json\/wp\/v2\/pages\/6048\/revisions"}],"up":[{"embeddable":true,"href":"https:\/\/www.kuldigastehnikums.lv\/index.php\/wp-json\/wp\/v2\/pages\/5791"}],"wp:attachment":[{"href":"https:\/\/www.kuldigastehnikums.lv\/index.php\/wp-json\/wp\/v2\/media?parent=6048"}],"curies":[{"name":"wp","href":"https:\/\/api.w.org\/{rel}","templated":true}]}}