{"id":6052,"date":"2019-12-22T21:00:19","date_gmt":"2019-12-22T21:00:19","guid":{"rendered":"http:\/\/www.kuldigastehnikums.lv\/jaunumi\/jaunumi-2018\/tehnikuma-komanda-piedalas-lacplesa-balvas-izcina\/"},"modified":"2019-12-22T21:00:19","modified_gmt":"2019-12-22T21:00:19","slug":"tehnikuma-komanda-piedalas-lacplesa-balvas-izcina","status":"publish","type":"page","link":"https:\/\/www.kuldigastehnikums.lv\/index.php\/jaunumi\/jaunumi-arhivs\/tehnikuma-komanda-piedalas-lacplesa-balvas-izcina\/","title":{"rendered":"Tehnikuma komanda piedal\u0101s \u201cL\u0101\u010dpl\u0113\u0161a balvas\u201d izc\u012b\u0146\u0101"},"content":{"rendered":"<p><span style=\"font-size: 12pt;\">9.novembr\u012b Liep\u0101j\u0101 jau 13.reizi notika tradicion\u0101l\u0101 \u201cL\u0101\u010dpl\u0113\u0161a balvas\u201d izc\u012b\u0146a Liep\u0101jas pils\u0113tas izgl\u012bt\u012bbas iest\u0101\u017eu un jaunsargu komand\u0101m. Sacens\u012bb\u0101s piedal\u012bj\u0101s ar\u012b Kuld\u012bgas Tehnolo\u0123iju un t\u016brisma tehnikuma jaunsargu komanda &#8211; Elans Kairis (20.gr.), Rimants Augusts Gedgauds un Kri\u0161s \u0160mits (19.gr.), Am\u012bna S\u0146egova (23.gr.), Liene V\u012b\u0137e (10.gr.), Miks Orlovs (8.gr.) un Ri\u010dards Rudziks (11.gr.) &#8211; instruktora Henrija Liep\u0101jnieka vad\u012bb\u0101.<\/span><\/p>\n<p><span style=\"font-size: 12pt;\">L\u0101\u010dpl\u0113\u0161a balvas izc\u012b\u0146\u0101 piedal\u012bj\u0101s jaunie\u0161i no visp\u0101rizgl\u012btojo\u0161\u0101m un profesion\u0101l\u0101s izgl\u012bt\u012bbas iest\u0101d\u0113m vecum\u0101 no 15 l\u012bdz 19 gadiem \u2013 9 komandas no Liep\u0101jas skol\u0101m un Liep\u0101jas Valsts tehnikuma, k\u0101 ar\u012b 12 Kurzemes re\u0123iona un R\u012bgas jaunsargu komandas. Izgl\u012bt\u012bbas iest\u0101\u017eu komandas c\u012bn\u012bj\u0101s par galveno ce\u013cojo\u0161o balvu \u2013 L\u0101\u010dpl\u0113\u0161a vairogu, savuk\u0101rt lab\u0101k\u0101 jaunsargu komanda tradicion\u0101li ieg\u016bst L\u0101\u010dpl\u0113\u0161a zobenu.<\/span><\/p>\n<p><span style=\"font-size: 12pt;\">Katr\u0101 komand\u0101 start\u0113ja 6 dal\u012bbnieki. Stafetes laik\u0101 komand\u0101m bija j\u0101pieveic vair\u0101k nek\u0101 desmit kontrolpunkti, kas pietuvin\u0101ti Br\u012bv\u012bbas c\u012b\u0146u elementiem un kuros tiek p\u0101rbaud\u012bta gan jaunie\u0161u fizisk\u0101 sagatavot\u012bba, gan zin\u0101\u0161anas par Latvijas armiju. J\u0101lien, j\u0101met m\u0101c\u012bbu gran\u0101ta, j\u0101pieveic virvju josla, j\u0101nes ba\u013c\u0137is, j\u0101\u0161auj utt.<\/span><\/p>\n<p><span style=\"font-size: 12pt;\">Skolu grup\u0101 1.vieta O.Kalpaka Liep\u0101jas 15.vidusskolas komandai \u2013 ce\u013cojo\u0161o L\u0101\u010dpl\u0113\u0161a vairogu vi\u0146i vismaz uz gadu patur\u0113s sacens\u012bbu norises viet\u0101, 2.vietu izc\u012bn\u012bja komanda no Liep\u0101jas 1.\u0123imn\u0101zijas, bet 3.vietu \u2013 komanda no Liep\u0101jas Valsts tehnikuma. Jaunsargu grup\u0101 lab\u0101kos rezult\u0101tus uzr\u0101d\u012bja un l\u012bdz ar to ce\u013cojo\u0161o L\u0101\u010dpl\u0113\u0161a zobenu sa\u0146\u0113ma \u2013 Jaunsardzes Liep\u0101jas 1.vien\u012bbas komanda. 2.vietu izc\u012bn\u012bja Kalnu jaunsargu vien\u012bba, 3.vietu \u2013 Liep\u0101jas 2.vien\u012bbas komanda.<\/span><br \/>\n<span style=\"font-size: 12pt;\">L\u0101\u010dpl\u0113\u0161a balvas izc\u012b\u0146u organiz\u0113ja Liep\u0101jas pils\u0113tas Izgl\u012bt\u012bbas p\u0101rvalde sadarb\u012bb\u0101 ar Zemessardzes 44.k\u0101jnieku bataljonu, Jaunsardzes un inform\u0101cijas centra 1.novada noda\u013cu, Latvie\u0161u Str\u0113lnieku apvien\u012bbu un Oskara Kalpaka Liep\u0101jas 15.vidusskolu.<\/span><\/p>\n<p><span style=\"font-size: 12pt;\">Materi\u0101lu sagatavoja skolot\u0101ja Zanda \u0160legelmillha sadarb\u012bb\u0101 ar zi\u0146u port\u0101lu\u00a0<a href=\"https:\/\/l.facebook.com\/l.php?u=httpwww.liepajniekiem.lvfbclidIwAR1yHXV1HYdM3s9skfLdSJo7iG1ZeRQr2a8P3p7-cFXNLi2pdbkZozqUSLI&#038;h=AT24nY3nJhFQmXZAitrgYwT76L7IK8lzwa_gAP7fgxNwx282zB9Rg36S1UfivNW5qGvNtdeVkZL1QaMeCQPkFAnnREc34Hc6wGtp7xoRPUWWfzARvUlOnbTH53WnRowI7PDA\" target=\"_blank\" rel=\"nofollow noopener noreferrer\" data-lynx-mode=\"asynclazy\">www.liepajniekiem.lv.<\/a><\/span><\/p>\n<p>\u00a0<\/p>\n\n","protected":false},"excerpt":{"rendered":"<p>9.novembr\u012b Liep\u0101j\u0101 jau 13.reizi notika tradicion\u0101l\u0101 \u201cL\u0101\u010dpl\u0113\u0161a balvas\u201d izc\u012b\u0146a Liep\u0101jas pils\u0113tas izgl\u012bt\u012bbas iest\u0101\u017eu un jaunsargu komand\u0101m. Sacens\u012bb\u0101s piedal\u012bj\u0101s ar\u012b Kuld\u012bgas Tehnolo\u0123iju un t\u016brisma tehnikuma jaunsargu komanda &#8211; Elans Kairis (20.gr.), Rimants Augusts Gedgauds un Kri\u0161s \u0160mits (19.gr.), Am\u012bna S\u0146egova (23.gr.), Liene V\u012b\u0137e (10.gr.), Miks Orlovs (8.gr.) un Ri\u010dards Rudziks (11.gr.) &#8211; instruktora Henrija Liep\u0101jnieka vad\u012bb\u0101.<a class=\"moretag\" href=\"https:\/\/www.kuldigastehnikums.lv\/index.php\/jaunumi\/jaunumi-arhivs\/tehnikuma-komanda-piedalas-lacplesa-balvas-izcina\/\"> Vair\u0101k<\/a> [&#8230;]<\/p>\n<p><a class=\"btn btn-secondary understrap-read-more-link\" href=\"https:\/\/www.kuldigastehnikums.lv\/index.php\/jaunumi\/jaunumi-arhivs\/tehnikuma-komanda-piedalas-lacplesa-balvas-izcina\/\">Vair\u0101k&#8230;<\/a><\/p>\n","protected":false},"author":2,"featured_media":0,"parent":5791,"menu_order":0,"comment_status":"open","ping_status":"open","template":"","meta":{"footnotes":""},"class_list":["post-6052","page","type-page","status-publish","hentry"],"_links":{"self":[{"href":"https:\/\/www.kuldigastehnikums.lv\/index.php\/wp-json\/wp\/v2\/pages\/6052","targetHints":{"allow":["GET"]}}],"collection":[{"href":"https:\/\/www.kuldigastehnikums.lv\/index.php\/wp-json\/wp\/v2\/pages"}],"about":[{"href":"https:\/\/www.kuldigastehnikums.lv\/index.php\/wp-json\/wp\/v2\/types\/page"}],"author":[{"embeddable":true,"href":"https:\/\/www.kuldigastehnikums.lv\/index.php\/wp-json\/wp\/v2\/users\/2"}],"replies":[{"embeddable":true,"href":"https:\/\/www.kuldigastehnikums.lv\/index.php\/wp-json\/wp\/v2\/comments?post=6052"}],"version-history":[{"count":0,"href":"https:\/\/www.kuldigastehnikums.lv\/index.php\/wp-json\/wp\/v2\/pages\/6052\/revisions"}],"up":[{"embeddable":true,"href":"https:\/\/www.kuldigastehnikums.lv\/index.php\/wp-json\/wp\/v2\/pages\/5791"}],"wp:attachment":[{"href":"https:\/\/www.kuldigastehnikums.lv\/index.php\/wp-json\/wp\/v2\/media?parent=6052"}],"curies":[{"name":"wp","href":"https:\/\/api.w.org\/{rel}","templated":true}]}}