{"id":6108,"date":"2019-12-22T21:19:02","date_gmt":"2019-12-22T21:19:02","guid":{"rendered":"http:\/\/www.kuldigastehnikums.lv\/jaunumi\/jaunumi-2018\/izlaidums\/"},"modified":"2019-12-22T21:19:02","modified_gmt":"2019-12-22T21:19:02","slug":"izlaidums","status":"publish","type":"page","link":"https:\/\/www.kuldigastehnikums.lv\/index.php\/jaunumi\/jaunumi-arhivs\/izlaidums\/","title":{"rendered":"Izlaidums"},"content":{"rendered":"<p><span style=\"font-size: 12pt;\">26.oktobr\u012b tehnikum\u0101 notika izlaidums &#8220;Jaunie\u0161u garantijas&#8221; profesion\u0101l\u0101s izgl\u012bt\u012bbas programmu absolventiem.<\/span><\/p>\n<p>\u00a0<\/p>\n<p><a href=\"http:\/\/www.kuldigastehnikums.lv\/wp-content\/uploads\/2016\/11\/14876547_564443647074980_810935929800612815_o.jpg\"><img fetchpriority=\"high\" decoding=\"async\" class=\"wp-image-6365 size-large aligncenter\" src=\"http:\/\/www.kuldigastehnikums.lv\/wp-content\/uploads\/2016\/11\/14876547_564443647074980_810935929800612815_o-1024x576.jpg\" alt=\"14876547_564443647074980_810935929800612815_o\" width=\"530\" height=\"298\" \/><\/a> <a href=\"http:\/\/www.kuldigastehnikums.lv\/wp-content\/uploads\/2016\/11\/14902703_564443510408327_6623568202278620568_o.jpg\"><img decoding=\"async\" class=\"wp-image-6367 size-large aligncenter\" src=\"http:\/\/www.kuldigastehnikums.lv\/wp-content\/uploads\/2016\/11\/14902703_564443510408327_6623568202278620568_o-1024x576.jpg\" alt=\"14902703_564443510408327_6623568202278620568_o\" width=\"530\" height=\"298\" \/><\/a><\/p>\n","protected":false},"excerpt":{"rendered":"<p>26.oktobr\u012b tehnikum\u0101 notika izlaidums &#8220;Jaunie\u0161u garantijas&#8221; profesion\u0101l\u0101s izgl\u012bt\u012bbas programmu absolventiem. \u00a0 [&#8230;]<\/p>\n<p><a class=\"btn btn-secondary understrap-read-more-link\" href=\"https:\/\/www.kuldigastehnikums.lv\/index.php\/jaunumi\/jaunumi-arhivs\/izlaidums\/\">Vair\u0101k&#8230;<\/a><\/p>\n","protected":false},"author":2,"featured_media":0,"parent":5791,"menu_order":0,"comment_status":"open","ping_status":"open","template":"","meta":{"footnotes":""},"class_list":["post-6108","page","type-page","status-publish","hentry"],"_links":{"self":[{"href":"https:\/\/www.kuldigastehnikums.lv\/index.php\/wp-json\/wp\/v2\/pages\/6108","targetHints":{"allow":["GET"]}}],"collection":[{"href":"https:\/\/www.kuldigastehnikums.lv\/index.php\/wp-json\/wp\/v2\/pages"}],"about":[{"href":"https:\/\/www.kuldigastehnikums.lv\/index.php\/wp-json\/wp\/v2\/types\/page"}],"author":[{"embeddable":true,"href":"https:\/\/www.kuldigastehnikums.lv\/index.php\/wp-json\/wp\/v2\/users\/2"}],"replies":[{"embeddable":true,"href":"https:\/\/www.kuldigastehnikums.lv\/index.php\/wp-json\/wp\/v2\/comments?post=6108"}],"version-history":[{"count":0,"href":"https:\/\/www.kuldigastehnikums.lv\/index.php\/wp-json\/wp\/v2\/pages\/6108\/revisions"}],"up":[{"embeddable":true,"href":"https:\/\/www.kuldigastehnikums.lv\/index.php\/wp-json\/wp\/v2\/pages\/5791"}],"wp:attachment":[{"href":"https:\/\/www.kuldigastehnikums.lv\/index.php\/wp-json\/wp\/v2\/media?parent=6108"}],"curies":[{"name":"wp","href":"https:\/\/api.w.org\/{rel}","templated":true}]}}