{"id":6111,"date":"2019-12-22T21:19:02","date_gmt":"2019-12-22T21:19:02","guid":{"rendered":"http:\/\/www.kuldigastehnikums.lv\/jaunumi\/jaunumi-2018\/audzeknu-vecaku-sapulces\/"},"modified":"2019-12-22T21:19:02","modified_gmt":"2019-12-22T21:19:02","slug":"audzeknu-vecaku-sapulces","status":"publish","type":"page","link":"https:\/\/www.kuldigastehnikums.lv\/index.php\/jaunumi\/jaunumi-arhivs\/audzeknu-vecaku-sapulces\/","title":{"rendered":"Audz\u0113k\u0146u vec\u0101ku sapulces"},"content":{"rendered":"<p><span style=\"font-size: 12pt;\">21.oktobr\u012b tehnikum\u0101 notika audz\u0113k\u0146u vec\u0101ku sapulces. Vec\u0101kus uzrun\u0101ja un par jaunumiem tehnikuma dz\u012bv\u0113 inform\u0113ja direktore Dace Cine un direktores vietnieki Gunita Urb\u0101ne, Inese K\u013cavi\u0146a, Astr\u012bda Zeile un projektu vad\u012bt\u0101ja L\u0101se Juska.<\/span><\/p>\n<p>\u00a0<\/p>\n<div id='gallery-1' class='gallery galleryid-6111 gallery-columns-3 gallery-size-thumbnail'><figure class='gallery-item'>\n\t\t\t<div class='gallery-icon landscape'>\n\t\t\t\t<a href='https:\/\/www.kuldigastehnikums.lv\/index.php\/forums-es-stradaju-un-macos\/79325875_1207834149402590_7266837541003722752_n\/'><img decoding=\"async\" width=\"150\" height=\"150\" src=\"https:\/\/www.kuldigastehnikums.lv\/wp-content\/uploads\/2020\/01\/79325875_1207834149402590_7266837541003722752_n-150x150.jpg\" class=\"attachment-thumbnail size-thumbnail\" alt=\"\" \/><\/a>\n\t\t\t<\/div><\/figure><figure class='gallery-item'>\n\t\t\t<div class='gallery-icon landscape'>\n\t\t\t\t<a href='https:\/\/www.kuldigastehnikums.lv\/index.php\/forums-es-stradaju-un-macos\/79719738_1207834079402597_3864022960557785088_o\/'><img decoding=\"async\" width=\"150\" height=\"150\" src=\"https:\/\/www.kuldigastehnikums.lv\/wp-content\/uploads\/2020\/01\/79719738_1207834079402597_3864022960557785088_o-150x150.jpg\" class=\"attachment-thumbnail size-thumbnail\" alt=\"\" \/><\/a>\n\t\t\t<\/div><\/figure>\n\t\t<\/div>\n\n","protected":false},"excerpt":{"rendered":"<p>21.oktobr\u012b tehnikum\u0101 notika audz\u0113k\u0146u vec\u0101ku sapulces. Vec\u0101kus uzrun\u0101ja un par jaunumiem tehnikuma dz\u012bv\u0113 inform\u0113ja direktore Dace Cine un direktores vietnieki Gunita Urb\u0101ne, Inese K\u013cavi\u0146a, Astr\u012bda Zeile un projektu vad\u012bt\u0101ja L\u0101se Juska. \u00a0 [&#8230;]<\/p>\n<p><a class=\"btn btn-secondary understrap-read-more-link\" href=\"https:\/\/www.kuldigastehnikums.lv\/index.php\/jaunumi\/jaunumi-arhivs\/audzeknu-vecaku-sapulces\/\">Vair\u0101k&#8230;<\/a><\/p>\n","protected":false},"author":2,"featured_media":0,"parent":5791,"menu_order":0,"comment_status":"open","ping_status":"open","template":"","meta":{"footnotes":""},"class_list":["post-6111","page","type-page","status-publish","hentry"],"_links":{"self":[{"href":"https:\/\/www.kuldigastehnikums.lv\/index.php\/wp-json\/wp\/v2\/pages\/6111","targetHints":{"allow":["GET"]}}],"collection":[{"href":"https:\/\/www.kuldigastehnikums.lv\/index.php\/wp-json\/wp\/v2\/pages"}],"about":[{"href":"https:\/\/www.kuldigastehnikums.lv\/index.php\/wp-json\/wp\/v2\/types\/page"}],"author":[{"embeddable":true,"href":"https:\/\/www.kuldigastehnikums.lv\/index.php\/wp-json\/wp\/v2\/users\/2"}],"replies":[{"embeddable":true,"href":"https:\/\/www.kuldigastehnikums.lv\/index.php\/wp-json\/wp\/v2\/comments?post=6111"}],"version-history":[{"count":0,"href":"https:\/\/www.kuldigastehnikums.lv\/index.php\/wp-json\/wp\/v2\/pages\/6111\/revisions"}],"up":[{"embeddable":true,"href":"https:\/\/www.kuldigastehnikums.lv\/index.php\/wp-json\/wp\/v2\/pages\/5791"}],"wp:attachment":[{"href":"https:\/\/www.kuldigastehnikums.lv\/index.php\/wp-json\/wp\/v2\/media?parent=6111"}],"curies":[{"name":"wp","href":"https:\/\/api.w.org\/{rel}","templated":true}]}}