{"id":6113,"date":"2019-12-22T21:19:03","date_gmt":"2019-12-22T21:19:03","guid":{"rendered":"http:\/\/www.kuldigastehnikums.lv\/jaunumi\/jaunumi-2018\/tehnikums-iegust-balvu-ziemelu-gaisma-2016\/"},"modified":"2019-12-22T21:19:03","modified_gmt":"2019-12-22T21:19:03","slug":"tehnikums-iegust-balvu-ziemelu-gaisma-2016","status":"publish","type":"page","link":"https:\/\/www.kuldigastehnikums.lv\/index.php\/jaunumi\/jaunumi-arhivs\/tehnikums-iegust-balvu-ziemelu-gaisma-2016\/","title":{"rendered":"Tehnikums ieg\u016bst balvu \u201cZieme\u013cu gaisma 2016\u201d"},"content":{"rendered":"<p><span style=\"font-size: 12pt;\">24. novembr\u012b Valsts izgl\u012bt\u012bbas att\u012bst\u012bbas a\u0123ent\u016bra (VIAA) pasniedza Zieme\u013cu ministru padomes Nordplus programmas projektu kvalit\u0101tes balvas \u201cZieme\u013cu gaisma 2016\u201d. \u010cetr\u0101s nomin\u0101cij\u0101s balvas sa\u0146\u0113ma devi\u0146i lab\u0101kie projekti, kuru \u012bstenot\u0101ju vid\u016b ir gan skolas, profesion\u0101l\u0101s izgl\u012bt\u012bbas kompetences centri un augstskolas, gan uz\u0146\u0113mums un sabiedrisk\u0101 organiz\u0101cija. Balvas \u201cZieme\u013cu gaisma 2016\u201d ieguv\u0113ji nomin\u0101cij\u0101 \u201cLab\u0101kais 2012. &#8211; 2015. gada projekts Jaunie\u0161u apak\u0161programm\u0101\u201d &#8211; PIKC \u201cKuld\u012bgas Tehnolo\u0123iju un t\u016brisma tehnikums\u201d par projektu \u201cKompeten\u010du att\u012bst\u012bba Baltijas j\u016bras re\u0123iona n\u0101kotnei\u201d.<\/span><\/p>\n<p>\u00a0<\/p>\n<div id='gallery-1' class='gallery galleryid-6113 gallery-columns-4 gallery-size-thumbnail'><figure class='gallery-item'>\n\t\t\t<div class='gallery-icon landscape'>\n\t\t\t\t<a href='https:\/\/www.kuldigastehnikums.lv\/index.php\/seminars-nakotnes-izglitiba-un-izglitiba-nakotnei\/79928005_1207873036065368_8891841114684784640_n\/'><img decoding=\"async\" width=\"150\" height=\"150\" src=\"https:\/\/www.kuldigastehnikums.lv\/wp-content\/uploads\/2020\/01\/79928005_1207873036065368_8891841114684784640_n-150x150.jpg\" class=\"attachment-thumbnail size-thumbnail\" alt=\"\" \/><\/a>\n\t\t\t<\/div><\/figure><figure class='gallery-item'>\n\t\t\t<div class='gallery-icon landscape'>\n\t\t\t\t<a href='https:\/\/www.kuldigastehnikums.lv\/index.php\/seminars-nakotnes-izglitiba-un-izglitiba-nakotnei\/80122279_1207873146065357_8319902035231113216_n\/'><img decoding=\"async\" width=\"150\" height=\"150\" src=\"https:\/\/www.kuldigastehnikums.lv\/wp-content\/uploads\/2020\/01\/80122279_1207873146065357_8319902035231113216_n-150x150.jpg\" class=\"attachment-thumbnail size-thumbnail\" alt=\"\" \/><\/a>\n\t\t\t<\/div><\/figure><figure class='gallery-item'>\n\t\t\t<div class='gallery-icon landscape'>\n\t\t\t\t<a href='https:\/\/www.kuldigastehnikums.lv\/index.php\/seminars-nakotnes-izglitiba-un-izglitiba-nakotnei\/80443291_1207873142732024_7913325368541446144_n\/'><img decoding=\"async\" width=\"150\" height=\"150\" src=\"https:\/\/www.kuldigastehnikums.lv\/wp-content\/uploads\/2020\/01\/80443291_1207873142732024_7913325368541446144_n-150x150.jpg\" class=\"attachment-thumbnail size-thumbnail\" alt=\"\" \/><\/a>\n\t\t\t<\/div><\/figure><figure class='gallery-item'>\n\t\t\t<div class='gallery-icon portrait'>\n\t\t\t\t<a href='https:\/\/www.kuldigastehnikums.lv\/index.php\/akcijas-pasaules-lielaka-macibu-stunda-noslegums\/76676828_1186476678205004_6850983332637835264_n\/'><img loading=\"lazy\" decoding=\"async\" width=\"150\" height=\"150\" src=\"https:\/\/www.kuldigastehnikums.lv\/wp-content\/uploads\/2020\/01\/76676828_1186476678205004_6850983332637835264_n-150x150.jpg\" class=\"attachment-thumbnail size-thumbnail\" alt=\"\" \/><\/a>\n\t\t\t<\/div><\/figure>\n\t\t<\/div>\n\n","protected":false},"excerpt":{"rendered":"<p>24. novembr\u012b Valsts izgl\u012bt\u012bbas att\u012bst\u012bbas a\u0123ent\u016bra (VIAA) pasniedza Zieme\u013cu ministru padomes Nordplus programmas projektu kvalit\u0101tes balvas \u201cZieme\u013cu gaisma 2016\u201d. \u010cetr\u0101s nomin\u0101cij\u0101s balvas sa\u0146\u0113ma devi\u0146i lab\u0101kie projekti, kuru \u012bstenot\u0101ju vid\u016b ir gan skolas, profesion\u0101l\u0101s izgl\u012bt\u012bbas kompetences centri un augstskolas, gan uz\u0146\u0113mums un sabiedrisk\u0101 organiz\u0101cija. Balvas \u201cZieme\u013cu gaisma 2016\u201d ieguv\u0113ji nomin\u0101cij\u0101 \u201cLab\u0101kais 2012. &#8211; 2015. gada projekts<a class=\"moretag\" href=\"https:\/\/www.kuldigastehnikums.lv\/index.php\/jaunumi\/jaunumi-arhivs\/tehnikums-iegust-balvu-ziemelu-gaisma-2016\/\"> Vair\u0101k<\/a> [&#8230;]<\/p>\n<p><a class=\"btn btn-secondary understrap-read-more-link\" href=\"https:\/\/www.kuldigastehnikums.lv\/index.php\/jaunumi\/jaunumi-arhivs\/tehnikums-iegust-balvu-ziemelu-gaisma-2016\/\">Vair\u0101k&#8230;<\/a><\/p>\n","protected":false},"author":2,"featured_media":0,"parent":5791,"menu_order":0,"comment_status":"open","ping_status":"open","template":"","meta":{"footnotes":""},"class_list":["post-6113","page","type-page","status-publish","hentry"],"_links":{"self":[{"href":"https:\/\/www.kuldigastehnikums.lv\/index.php\/wp-json\/wp\/v2\/pages\/6113","targetHints":{"allow":["GET"]}}],"collection":[{"href":"https:\/\/www.kuldigastehnikums.lv\/index.php\/wp-json\/wp\/v2\/pages"}],"about":[{"href":"https:\/\/www.kuldigastehnikums.lv\/index.php\/wp-json\/wp\/v2\/types\/page"}],"author":[{"embeddable":true,"href":"https:\/\/www.kuldigastehnikums.lv\/index.php\/wp-json\/wp\/v2\/users\/2"}],"replies":[{"embeddable":true,"href":"https:\/\/www.kuldigastehnikums.lv\/index.php\/wp-json\/wp\/v2\/comments?post=6113"}],"version-history":[{"count":0,"href":"https:\/\/www.kuldigastehnikums.lv\/index.php\/wp-json\/wp\/v2\/pages\/6113\/revisions"}],"up":[{"embeddable":true,"href":"https:\/\/www.kuldigastehnikums.lv\/index.php\/wp-json\/wp\/v2\/pages\/5791"}],"wp:attachment":[{"href":"https:\/\/www.kuldigastehnikums.lv\/index.php\/wp-json\/wp\/v2\/media?parent=6113"}],"curies":[{"name":"wp","href":"https:\/\/api.w.org\/{rel}","templated":true}]}}